{"id":1028,"date":"2025-01-14T15:09:24","date_gmt":"2025-01-14T14:09:24","guid":{"rendered":"https:\/\/angelika-gloeckner.de\/?page_id=1028"},"modified":"2026-04-14T11:24:24","modified_gmt":"2026-04-14T09:24:24","slug":"familien-aufstellungen-in-praxis-und-gedankengut-ein-kurs-fuer-alle-und-jeden","status":"publish","type":"page","link":"https:\/\/angelika-gloeckner.de\/?page_id=1028","title":{"rendered":"F\u00fcr alle, die das Leben lieben \u2013 und auch bei allem Unliebsamen, ihre Mitte waren wollen"},"content":{"rendered":"<h2 style=\"text-align: center;\"><strong>F\u00fcr alle, die das Leben lieben \u2013 <\/strong><\/h2>\n<h2 style=\"text-align: center;\"><strong>und auch bei allem Unliebsamen, ihre Mitte waren wollen<\/strong><\/h2>\n<p style=\"text-align: center;\"><strong>\u00a0<\/strong><\/p>\n<p style=\"text-align: center;\"><span style=\"color: #993300;\"><strong>18. \u2013 20. September 2026<\/strong><\/span><\/p>\n<p><strong>\u00a0<\/strong><\/p>\n<p>In den gegenw\u00e4rtigen aufgew\u00fchlten Zeiten innerlich zentriert zu bleiben,<\/p>\n<p>ist nicht immer\u00a0 einfach.<\/p>\n<p>Anspr\u00fcche aller Art, seinen sie \u00e4u\u00dferer oder innerer Natur, besch\u00e4ftigen uns und entfremden uns zuweilen unserem Kernwesen.<\/p>\n<p>Wer bin ich Tag f\u00fcr Tag und wie sorge ich f\u00fcr mein Wohl?<\/p>\n<p>Was z\u00e4hlt mir und worin sehe ich meine Ausrichtung?<\/p>\n<p>Und wie wei\u00df ich, ob ich erf\u00fcllt und im Gro\u00dfen und Ganzen zufrieden lebe? Stelle ich mich anstehenden Herausforderungen?<\/p>\n<p>Dieser Kurs hilft Hindernisse zu \u00fcberwinden, das \u201ewahre\u201c Wesen heraus zu formen und in Bl\u00fcte zu bringen.<\/p>\n<p><strong>Das erwartet Sie im Kurs:<\/strong><\/p>\n<p>Anfangs werde ich in einem kleinen Rundgang allen Teilnehmern Gelegenheit geben, sich etwas kennen zu lernen und, so gewollt, die eigenen Anliegen und Erwartungen zu formulieren.<\/p>\n<p>\u00dcbungen, Vortrag, Austausch und Einzelarbeiten in der Gruppe helfen dabei, sich selbst zu verstehen und Emotionen auszudr\u00fccken und ins Leben zu bringen, wo es zur Entwicklung beitr\u00e4gt.<\/p>\n<p>M\u00f6glicherweise kann Belastendes \u00fcberwunden werden und in das lebendige \u201eJetzt\u201c fruchtbringend integriert werden.<\/p>\n<p>&nbsp;<\/p>\n<p><strong><a href=\"http:\/\/angelika-gloeckner.de\/?page_id=123\">Seminaranmeldung<\/a><\/strong><\/p>\n<p>In der Regel wird ca. 7 \u2013 10 Tage vor Seminarbeginn eine Rundmail verschickt, die allgemeine Informationen enth\u00e4lt.<br \/>\nEs gilt Vorkasse bis sp\u00e4testens vier Wochen vor Seminarbeginn. Wir behalten uns vor, das Seminar abzusagen (z. B. zu wenige Teilnehmer).<br \/>\nW\u00e4hrend des Seminars wird eine Adressliste zum Abgleich rund gegeben. Wenn Sie nicht w\u00fcnschen, dass Ihr Name und\/oder die Adresse f\u00fcr die anderen Teilnehmer sichtabr sind, dann teilen Sie uns das bitte rechtzeitig mit.<br \/>\nEs gilt f\u00fcr alle Teilnehmer ab dem Zeitpunkt der Anmeldung\u00a0Schweigepflicht.<\/p>\n<p>In der Regel nimmt ein assistierender Begleiter an meiner Seite Teil. Er hei\u00dft<br \/>\nFrank Finders und f\u00fchrt in K\u00f6ln eine eigene Coaching-Praxis .<\/p>\n<p><a href=\"https:\/\/coachingpraxis.koeln\/\">www.coachingpraxis.koeln.de\u00a0<\/a><\/p>\n<p>&nbsp;<\/p>\n<p><strong>Geb\u00fchren:\u00a0<\/strong> \u20ac 400,00<\/p>\n<p>&nbsp;<\/p>\n<p><strong>Ort:\u00a0<\/strong><\/p>\n<table border=\"0\" width=\"100%\" cellspacing=\"0\" cellpadding=\"4\">\n<tbody>\n<tr>\n<td class=\"sem_row0\" align=\"left\" width=\"80%\">Seminarzentrum<br \/>\nFabrikstra\u00dfe 10<br \/>\n69245 Bammental bei Heidelberg<\/td>\n<\/tr>\n<\/tbody>\n<\/table>\n<div><strong>Zeitplan:<\/strong><\/div>\n<div>\n<table border=\"0\">\n<tbody>\n<tr>\n<td>Fr.:\u00a0 16.00 Uhr \u2013 20.30 Uhr<\/td>\n<td><\/td>\n<td><\/td>\n<\/tr>\n<tr>\n<td>Sa.: 09.30 Uhr \u2013 13.30 Uhr<\/td>\n<td><\/td>\n<td>15.00 Uhr \u2013 19.30 Uhr<\/td>\n<\/tr>\n<tr>\n<td>So.: 09.00 Uhr \u2013 12.00 Uhr<\/td>\n<td><\/td>\n<td>12.30 Uhr \u2013 14.30 Uhr<\/td>\n<\/tr>\n<\/tbody>\n<\/table>\n<p>Hier k\u00f6nnen Sie sich zu den Seminaren anmelden:\u00a0<a href=\"http:\/\/angelika-gloeckner.de\/?page_id=123\">Seminar Anmeldung<\/a><\/p>\n<\/div>\n<p>&nbsp;<\/p>\n<p>&nbsp;<\/p>\n<p>&nbsp;<\/p>\n<p>&nbsp;<\/p>\n","protected":false},"excerpt":{"rendered":"<p>F\u00fcr alle, die das Leben lieben \u2013 und auch bei allem Unliebsamen, ihre Mitte waren wollen \u00a0 18. \u2013 20. September 2026 \u00a0 In den gegenw\u00e4rtigen aufgew\u00fchlten Zeiten innerlich zentriert zu bleiben, ist nicht immer\u00a0 einfach. Anspr\u00fcche aller Art, seinen sie \u00e4u\u00dferer oder innerer Natur, besch\u00e4ftigen uns und entfremden uns zuweilen unserem Kernwesen. Wer bin &hellip; <a href=\"https:\/\/angelika-gloeckner.de\/?page_id=1028\" class=\"more-link\"><span class=\"screen-reader-text\">F\u00fcr alle, die das Leben lieben \u2013 und auch bei allem Unliebsamen, ihre Mitte waren wollen<\/span> weiterlesen <span class=\"meta-nav\">&rarr;<\/span><\/a><\/p>\n","protected":false},"author":2,"featured_media":0,"parent":28,"menu_order":3,"comment_status":"closed","ping_status":"closed","template":"","meta":{"footnotes":""},"class_list":["post-1028","page","type-page","status-publish","hentry"],"_links":{"self":[{"href":"https:\/\/angelika-gloeckner.de\/index.php?rest_route=\/wp\/v2\/pages\/1028","targetHints":{"allow":["GET"]}}],"collection":[{"href":"https:\/\/angelika-gloeckner.de\/index.php?rest_route=\/wp\/v2\/pages"}],"about":[{"href":"https:\/\/angelika-gloeckner.de\/index.php?rest_route=\/wp\/v2\/types\/page"}],"author":[{"embeddable":true,"href":"https:\/\/angelika-gloeckner.de\/index.php?rest_route=\/wp\/v2\/users\/2"}],"replies":[{"embeddable":true,"href":"https:\/\/angelika-gloeckner.de\/index.php?rest_route=%2Fwp%2Fv2%2Fcomments&post=1028"}],"version-history":[{"count":8,"href":"https:\/\/angelika-gloeckner.de\/index.php?rest_route=\/wp\/v2\/pages\/1028\/revisions"}],"predecessor-version":[{"id":1272,"href":"https:\/\/angelika-gloeckner.de\/index.php?rest_route=\/wp\/v2\/pages\/1028\/revisions\/1272"}],"up":[{"embeddable":true,"href":"https:\/\/angelika-gloeckner.de\/index.php?rest_route=\/wp\/v2\/pages\/28"}],"wp:attachment":[{"href":"https:\/\/angelika-gloeckner.de\/index.php?rest_route=%2Fwp%2Fv2%2Fmedia&parent=1028"}],"curies":[{"name":"wp","href":"https:\/\/api.w.org\/{rel}","templated":true}]}}