{"id":104,"date":"2016-08-29T15:48:51","date_gmt":"2016-08-29T13:48:51","guid":{"rendered":"http:\/\/angelika-gloeckner.de\/?page_id=104"},"modified":"2020-07-15T10:16:09","modified_gmt":"2020-07-15T08:16:09","slug":"systemische-aufstellungsarbeit","status":"publish","type":"page","link":"https:\/\/angelika-gloeckner.de\/?page_id=104","title":{"rendered":"Systemische Aufstellungsarbeit"},"content":{"rendered":"<h4><strong>Weiterbildung in Systemischer Aufstellungsarbeit<\/strong><\/h4>\n<p>&nbsp;<\/p>\n<p>Derzeit gebe ich vorrangig Kursangebote verschiedener Formate auf Anfrage von einzelnen Gruppen oder Interessenkreisen in ganz Deutschland (auch Schweiz und \u00d6sterreich sind\u00a0m\u00f6glich). Die einzelnen Themen jedes Kurses k\u00f6nnen individuell vereinbart werden, je nach Interesse und Stand der Kenntnisse und Fertigkeiten der Teilnehmer.<\/p>\n<p>&nbsp;<\/p>\n<p>M\u00f6gliche Themen und Schwerpunkte k\u00f6nnen sein:<\/p>\n<ul>\n<li>Wozu? Wie? Wann?<\/li>\n<li>Was kann aufgestellt werden? (Systeme Familie, Probleme, Themen\u2026)<\/li>\n<li>Abl\u00e4ufe und (Auf-) L\u00f6sungen<\/li>\n<li>Geistige Prinzipien und methodisches Vorgehen<\/li>\n<li>Problem und L\u00f6sung im Fokus<\/li>\n<li>Schicksalsbindungen und Umgang damit<\/li>\n<li>Rituelle Satzvollz\u00fcge als L\u00f6sungsstrategie<\/li>\n<\/ul>\n<p>Aufstellungen in ihrer Vielfalt dienen dazu, intrapsychische Dynamiken und andere Kraftfelder darzustellen, vorhandene Strukturen und Prozesse wahrzunehmen, in ihrer Bedeutung einzusch\u00e4tzen und f\u00fcr Belastungen f\u00fcr das System und den Einzelnen eine erl\u00f6sende Ordnung zuzulassen, zu f\u00f6rdern und zu gestalten.<\/p>\n<p>&nbsp;<\/p>\n<p>Hier kann es dann zu signifikanten inner- und au\u00dferpsychischen Entlastungen kommen und oft strukturiert sich auch ohne jede \u00e4u\u00dfere Lenkung das System und das Individuum in funktionaler und wachstumsf\u00f6rdernder Weise.<\/p>\n<p>&nbsp;<\/p>\n<p>Die Kurse geben Interessierten die Gelegenheit, das Gedankengut der Aufstellungsarbeit zu erfassen, zu reflektieren und den wesentlich auch ethisch und werteorientierten Ansatz nach und nach in verantwortlich den eigenen Arbeitsstil zu integrieren.<\/p>\n<p>&nbsp;<\/p>\n<p>Das hier erworbene professionelle Geschick ist nicht zuletzt auch eine Sache ausgereifter Intuition und erfordert das Lernen mit Vernunft, Herz und Gesp\u00fcr.<\/p>\n<p>&nbsp;<\/p>\n<p>In den Kursen sind Menschen willkommen, die u. a. auch f\u00fcr ihr pers\u00f6nliches Wachstum entsprechend offen sind und sich in aufgehobener und vertrauter Atmosph\u00e4re der Kontursch\u00e4rfung ihrer Professionalit\u00e4t widmen m\u00f6chten.<\/p>\n<p>&nbsp;<\/p>\n<p>Wenn Sie als Gruppe Interesse haben, fragen Sie gerne nach einem Termin. Informationen zu Preisen, Teilnehmerzahlen, Abl\u00e4ufen, Zeiten werden dann individuell mitgeteilt.<\/p>\n<p>&nbsp;<\/p>\n<p style=\"text-align: center;\"><strong>Es ist besser , ein paar Fragen zu stellen, als alle Antworten zu wissen.<\/strong><\/p>\n<p style=\"text-align: center;\">\n<p style=\"text-align: center;\"><em>J. Thurbe<\/em><\/p>\n<p><img loading=\"lazy\" decoding=\"async\" class=\"size-medium wp-image-629 alignright\" src=\"https:\/\/angelika-gloeckner.de\/wp-content\/uploads\/2016\/08\/IMG_7334-300x300.jpg\" alt=\"IMG_7334\" width=\"300\" height=\"300\" srcset=\"https:\/\/angelika-gloeckner.de\/wp-content\/uploads\/2016\/08\/IMG_7334-300x300.jpg 300w, https:\/\/angelika-gloeckner.de\/wp-content\/uploads\/2016\/08\/IMG_7334-150x150.jpg 150w, https:\/\/angelika-gloeckner.de\/wp-content\/uploads\/2016\/08\/IMG_7334-768x768.jpg 768w, https:\/\/angelika-gloeckner.de\/wp-content\/uploads\/2016\/08\/IMG_7334-1024x1024.jpg 1024w\" sizes=\"auto, (max-width: 300px) 100vw, 300px\" \/><\/p>\n","protected":false},"excerpt":{"rendered":"<p>Weiterbildung in Systemischer Aufstellungsarbeit &nbsp; Derzeit gebe ich vorrangig Kursangebote verschiedener Formate auf Anfrage von einzelnen Gruppen oder Interessenkreisen in ganz Deutschland (auch Schweiz und \u00d6sterreich sind\u00a0m\u00f6glich). Die einzelnen Themen jedes Kurses k\u00f6nnen individuell vereinbart werden, je nach Interesse und Stand der Kenntnisse und Fertigkeiten der Teilnehmer. &nbsp; M\u00f6gliche Themen und Schwerpunkte k\u00f6nnen sein: Wozu? &hellip; <a href=\"https:\/\/angelika-gloeckner.de\/?page_id=104\" class=\"more-link\"><span class=\"screen-reader-text\">Systemische Aufstellungsarbeit<\/span> weiterlesen <span class=\"meta-nav\">&rarr;<\/span><\/a><\/p>\n","protected":false},"author":1,"featured_media":0,"parent":94,"menu_order":2,"comment_status":"closed","ping_status":"closed","template":"","meta":{"footnotes":""},"class_list":["post-104","page","type-page","status-publish","hentry"],"_links":{"self":[{"href":"https:\/\/angelika-gloeckner.de\/index.php?rest_route=\/wp\/v2\/pages\/104","targetHints":{"allow":["GET"]}}],"collection":[{"href":"https:\/\/angelika-gloeckner.de\/index.php?rest_route=\/wp\/v2\/pages"}],"about":[{"href":"https:\/\/angelika-gloeckner.de\/index.php?rest_route=\/wp\/v2\/types\/page"}],"author":[{"embeddable":true,"href":"https:\/\/angelika-gloeckner.de\/index.php?rest_route=\/wp\/v2\/users\/1"}],"replies":[{"embeddable":true,"href":"https:\/\/angelika-gloeckner.de\/index.php?rest_route=%2Fwp%2Fv2%2Fcomments&post=104"}],"version-history":[{"count":7,"href":"https:\/\/angelika-gloeckner.de\/index.php?rest_route=\/wp\/v2\/pages\/104\/revisions"}],"predecessor-version":[{"id":630,"href":"https:\/\/angelika-gloeckner.de\/index.php?rest_route=\/wp\/v2\/pages\/104\/revisions\/630"}],"up":[{"embeddable":true,"href":"https:\/\/angelika-gloeckner.de\/index.php?rest_route=\/wp\/v2\/pages\/94"}],"wp:attachment":[{"href":"https:\/\/angelika-gloeckner.de\/index.php?rest_route=%2Fwp%2Fv2%2Fmedia&parent=104"}],"curies":[{"name":"wp","href":"https:\/\/api.w.org\/{rel}","templated":true}]}}