{"id":107,"date":"2016-08-29T15:49:43","date_gmt":"2016-08-29T13:49:43","guid":{"rendered":"http:\/\/angelika-gloeckner.de\/?page_id=107"},"modified":"2020-07-15T10:17:33","modified_gmt":"2020-07-15T08:17:33","slug":"supervision","status":"publish","type":"page","link":"https:\/\/angelika-gloeckner.de\/?page_id=107","title":{"rendered":"Supervision"},"content":{"rendered":"<h4>Supervision<\/h4>\n<p>&nbsp;<\/p>\n<p><strong>Supervision <\/strong>ist eine Interaktion zwischen einem Supervidierenden und einem Supervisee, die relevante Belange des Berufs- und Anwendungsfeldes des zu Supervidierenden vorrangig zum Gegenstand hat. Sie f\u00f6rdert berufsbezogen Einsichts-, Handlungs- und Entwicklungspotential des zu Supervidierenden und zielt auf dessen Kompetenzzuwachs ab.<br \/>\nSupervision kann in Einzelstunden, Gruppen oder Teams stattfinden, sie dient auch der qualitativen Verbesserung von berufsspezifischer Geschicklichkeit (Skills) und pers\u00f6nlicher Integrit\u00e4t.<br \/>\nMein Supervisionsstil ist d<\/p>\n<p>arauf angelegt, metaperspektivisches Denken zu lehren und die Vielschichtigkeit der Denkprozesse des jeweiligen Vertragspartners zu erh\u00f6hen. Ebenso Stabilit\u00e4t im Auftreten des Supervisees zu festigen und ihn zu bef\u00e4higen, relevanten Wandel seines Klientels im Berufsleben entspannt und gekonnt anregen zu k\u00f6nnen.<\/p>\n<h4><img loading=\"lazy\" decoding=\"async\" class=\"size-medium wp-image-631 alignright\" src=\"https:\/\/angelika-gloeckner.de\/wp-content\/uploads\/2016\/08\/IMG_7326-300x300.jpg\" alt=\"IMG_7326\" width=\"300\" height=\"300\" srcset=\"https:\/\/angelika-gloeckner.de\/wp-content\/uploads\/2016\/08\/IMG_7326-300x300.jpg 300w, https:\/\/angelika-gloeckner.de\/wp-content\/uploads\/2016\/08\/IMG_7326-150x150.jpg 150w, https:\/\/angelika-gloeckner.de\/wp-content\/uploads\/2016\/08\/IMG_7326-768x768.jpg 768w, https:\/\/angelika-gloeckner.de\/wp-content\/uploads\/2016\/08\/IMG_7326-1024x1024.jpg 1024w\" sizes=\"auto, (max-width: 300px) 100vw, 300px\" \/><\/h4>\n<p>Bei Interesse k\u00f6nnen Sie sich <a href=\"http:\/\/angelika-gloeckner.de\/?page_id=116\">hier<\/a> anmelden.<\/p>\n","protected":false},"excerpt":{"rendered":"<p>Supervision &nbsp; Supervision ist eine Interaktion zwischen einem Supervidierenden und einem Supervisee, die relevante Belange des Berufs- und Anwendungsfeldes des zu Supervidierenden vorrangig zum Gegenstand hat. Sie f\u00f6rdert berufsbezogen Einsichts-, Handlungs- und Entwicklungspotential des zu Supervidierenden und zielt auf dessen Kompetenzzuwachs ab. Supervision kann in Einzelstunden, Gruppen oder Teams stattfinden, sie dient auch der qualitativen &hellip; <a href=\"https:\/\/angelika-gloeckner.de\/?page_id=107\" class=\"more-link\"><span class=\"screen-reader-text\">Supervision<\/span> weiterlesen <span class=\"meta-nav\">&rarr;<\/span><\/a><\/p>\n","protected":false},"author":1,"featured_media":0,"parent":28,"menu_order":7,"comment_status":"closed","ping_status":"closed","template":"","meta":{"footnotes":""},"class_list":["post-107","page","type-page","status-publish","hentry"],"_links":{"self":[{"href":"https:\/\/angelika-gloeckner.de\/index.php?rest_route=\/wp\/v2\/pages\/107","targetHints":{"allow":["GET"]}}],"collection":[{"href":"https:\/\/angelika-gloeckner.de\/index.php?rest_route=\/wp\/v2\/pages"}],"about":[{"href":"https:\/\/angelika-gloeckner.de\/index.php?rest_route=\/wp\/v2\/types\/page"}],"author":[{"embeddable":true,"href":"https:\/\/angelika-gloeckner.de\/index.php?rest_route=\/wp\/v2\/users\/1"}],"replies":[{"embeddable":true,"href":"https:\/\/angelika-gloeckner.de\/index.php?rest_route=%2Fwp%2Fv2%2Fcomments&post=107"}],"version-history":[{"count":6,"href":"https:\/\/angelika-gloeckner.de\/index.php?rest_route=\/wp\/v2\/pages\/107\/revisions"}],"predecessor-version":[{"id":632,"href":"https:\/\/angelika-gloeckner.de\/index.php?rest_route=\/wp\/v2\/pages\/107\/revisions\/632"}],"up":[{"embeddable":true,"href":"https:\/\/angelika-gloeckner.de\/index.php?rest_route=\/wp\/v2\/pages\/28"}],"wp:attachment":[{"href":"https:\/\/angelika-gloeckner.de\/index.php?rest_route=%2Fwp%2Fv2%2Fmedia&parent=107"}],"curies":[{"name":"wp","href":"https:\/\/api.w.org\/{rel}","templated":true}]}}