{"id":1074,"date":"2025-03-12T09:05:52","date_gmt":"2025-03-12T08:05:52","guid":{"rendered":"https:\/\/angelika-gloeckner.de\/?page_id=1074"},"modified":"2026-03-17T13:00:19","modified_gmt":"2026-03-17T12:00:19","slug":"laufende-meditationsgruppe","status":"publish","type":"page","link":"https:\/\/angelika-gloeckner.de\/?page_id=1074","title":{"rendered":"Laufende Meditationsgruppe"},"content":{"rendered":"<h2 style=\"margin: 0cm;\"><strong>Einladung zu einem spirituellen Meditationskurs<\/strong><\/h2>\n<p>&nbsp;<\/p>\n<p style=\"margin: 0cm;\" data-start=\"151\" data-end=\"441\">Dieser Kurs richtet sich an alle Menschen, die auf der Suche nach einer tieferen Verbindung zum Universellen (Gott) sind \u2013 nicht nur nach Entspannung im Alltag, sondern nach einer mystischen Ausrichtung, die das Streben nach \u201eEinswerdung\u201c mit den h\u00f6chsten Kr\u00e4ften in den Mittelpunkt stellt.<\/p>\n<p>&nbsp;<\/p>\n<p style=\"margin: 0cm;\" data-start=\"443\" data-end=\"1067\"><strong data-start=\"443\" data-end=\"454\">Ablauf:<\/strong> Wir begegnen uns im Kreis, um uns gemeinsam zu versammeln. Zu Beginn wird es einen kurzen Impuls von mir geben, gefolgt von einer Verbeugung als Geste der Achtsamkeit. Danach meditieren wir in Stille f\u00fcr ca. 25 Minuten. Anschlie\u00dfend folgt eine f\u00fcnf-fache Gehzeit in der Runde, um die Energie in Bewegung zu halten. Danach wiederholen wir die Verbeugung und haben etwa 15 Minuten Zeit f\u00fcr Diskussionen oder Fragen, falls es etwas gibt, das besprochen werden m\u00f6chte. Danach kehren wir wieder in die Stille und setzen die Meditation fort. Dieser Rhythmus wird in aller Ruhe und Achtsamkeit beibehalten. Am Ende ist noch Zeit f\u00fcr Fragen.<\/p>\n<p style=\"margin: 0cm;\" data-start=\"1069\" data-end=\"1189\">Die Struktur des Abends kann je nach Bedarf angepasst werden, um auf die Gruppe und die individuellen Bed\u00fcrfnisse einzugehen.<\/p>\n<p>&nbsp;<\/p>\n<p style=\"margin: 0cm;\" data-start=\"1191\" data-end=\"1397\"><strong data-start=\"1191\" data-end=\"1207\">Ausstattung:<\/strong> In Bammental stehen ausreichend Sitzm\u00f6glichkeiten zur Verf\u00fcgung \u2013 ebenso Kissen, Decken und Hocker f\u00fcr deinen pers\u00f6nlichen Komfort. Wenn du spezielle Ausr\u00fcstung ben\u00f6tigst, bringe diese gerne selbst mit.<\/p>\n<p>&nbsp;<\/p>\n<h3 style=\"margin: 0cm;\" data-start=\"1191\" data-end=\"1397\"><strong>Zeiten:<\/strong><\/h3>\n<p style=\"margin: 0cm;\" data-start=\"1191\" data-end=\"1397\">freitags von 16.00 bis 19.00 Uhr<\/p>\n<p>&nbsp;<\/p>\n<h3 style=\"margin: 0cm;\" data-start=\"1191\" data-end=\"1397\"><strong>Ort:<\/strong><\/h3>\n<p style=\"margin: 0cm;\" data-start=\"1191\" data-end=\"1397\">Fabrikstrasse 10, 69245 Bammental<\/p>\n<p>&nbsp;<\/p>\n<h3 style=\"margin: 0cm;\" data-start=\"1191\" data-end=\"1397\"><strong>Kosten:<\/strong><\/h3>\n<p style=\"margin: 0cm;\" data-start=\"1191\" data-end=\"1397\">30.00 \u20ac<\/p>\n<p>&nbsp;<\/p>\n<p style=\"margin: 0cm;\" data-start=\"1191\" data-end=\"1397\"><a href=\"https:\/\/angelika-gloeckner.de\/?page_id=123\">Anmeldung hier! (bitte klicken)<br \/>\n<\/a><\/p>\n<h3 style=\"margin: 0cm;\" data-start=\"1191\" data-end=\"1397\"><strong>Termine 2026:<\/strong><\/h3>\n<ul>\n<li style=\"margin: 0cm;\" data-start=\"1191\" data-end=\"1397\">06.02.2026<\/li>\n<li style=\"margin: 0cm;\" data-start=\"1191\" data-end=\"1397\">27.03.2026<\/li>\n<li style=\"margin: 0cm;\" data-start=\"1191\" data-end=\"1397\">08.05.2026<\/li>\n<li style=\"margin: 0cm;\" data-start=\"1191\" data-end=\"1397\">19.06.2026<\/li>\n<li style=\"margin: 0cm;\" data-start=\"1191\" data-end=\"1397\">28.08.2026<\/li>\n<li style=\"margin: 0cm;\" data-start=\"1191\" data-end=\"1397\">23.10.2026<\/li>\n<li style=\"margin: 0cm;\" data-start=\"1191\" data-end=\"1397\">06.11.2026<\/li>\n<li style=\"margin: 0cm;\" data-start=\"1191\" data-end=\"1397\">04.12.2026<\/li>\n<\/ul>\n","protected":false},"excerpt":{"rendered":"<p>Einladung zu einem spirituellen Meditationskurs &nbsp; Dieser Kurs richtet sich an alle Menschen, die auf der Suche nach einer tieferen Verbindung zum Universellen (Gott) sind \u2013 nicht nur nach Entspannung im Alltag, sondern nach einer mystischen Ausrichtung, die das Streben nach \u201eEinswerdung\u201c mit den h\u00f6chsten Kr\u00e4ften in den Mittelpunkt stellt. &nbsp; Ablauf: Wir begegnen uns &hellip; <a href=\"https:\/\/angelika-gloeckner.de\/?page_id=1074\" class=\"more-link\"><span class=\"screen-reader-text\">Laufende Meditationsgruppe<\/span> weiterlesen <span class=\"meta-nav\">&rarr;<\/span><\/a><\/p>\n","protected":false},"author":2,"featured_media":0,"parent":111,"menu_order":0,"comment_status":"closed","ping_status":"closed","template":"","meta":{"footnotes":""},"class_list":["post-1074","page","type-page","status-publish","hentry"],"_links":{"self":[{"href":"https:\/\/angelika-gloeckner.de\/index.php?rest_route=\/wp\/v2\/pages\/1074","targetHints":{"allow":["GET"]}}],"collection":[{"href":"https:\/\/angelika-gloeckner.de\/index.php?rest_route=\/wp\/v2\/pages"}],"about":[{"href":"https:\/\/angelika-gloeckner.de\/index.php?rest_route=\/wp\/v2\/types\/page"}],"author":[{"embeddable":true,"href":"https:\/\/angelika-gloeckner.de\/index.php?rest_route=\/wp\/v2\/users\/2"}],"replies":[{"embeddable":true,"href":"https:\/\/angelika-gloeckner.de\/index.php?rest_route=%2Fwp%2Fv2%2Fcomments&post=1074"}],"version-history":[{"count":12,"href":"https:\/\/angelika-gloeckner.de\/index.php?rest_route=\/wp\/v2\/pages\/1074\/revisions"}],"predecessor-version":[{"id":1234,"href":"https:\/\/angelika-gloeckner.de\/index.php?rest_route=\/wp\/v2\/pages\/1074\/revisions\/1234"}],"up":[{"embeddable":true,"href":"https:\/\/angelika-gloeckner.de\/index.php?rest_route=\/wp\/v2\/pages\/111"}],"wp:attachment":[{"href":"https:\/\/angelika-gloeckner.de\/index.php?rest_route=%2Fwp%2Fv2%2Fmedia&parent=1074"}],"curies":[{"name":"wp","href":"https:\/\/api.w.org\/{rel}","templated":true}]}}