{"id":122,"date":"2016-08-29T16:15:29","date_gmt":"2016-08-29T14:15:29","guid":{"rendered":"http:\/\/angelika-gloeckner.de\/?page_id=122"},"modified":"2026-04-14T11:21:40","modified_gmt":"2026-04-14T09:21:40","slug":"seminare","status":"publish","type":"page","link":"https:\/\/angelika-gloeckner.de\/?page_id=122","title":{"rendered":"Seminare \u00dcberblick"},"content":{"rendered":"<h4><strong class=\"sem_date\">Aktuelle Seminare<\/strong><\/h4>\n<p>&nbsp;<\/p>\n<p>Die Seminare sind chronologisch aufgef\u00fchrt, bitte scrollen Sie bis zu dem gesuchten Seminar:<strong><span class=\"sem_cat\"><a href=\"https:\/\/angelika-gloeckner.de\/?page_id=123\"><br class=\"sem_date\" \/><\/a><\/span><\/strong><\/p>\n<ul>\n<li><strong><span class=\"sem_date\">Freitag, den 24. April 2026 um 16:00 Uhr<\/span><br \/>\n<\/strong><\/p>\n<h6><a class=\"sem_title\" title=\"Beschreibung\" href=\"http:\/\/angelika-gloeckner.de\/?page_id=134\">Familienaufstellung, Systemaufstellung<\/a>, Traumaarbeit<\/h6>\n<p><span class=\"sem_shortdesc\">bis Sonntag, den 26. April 2026 um 14.30 Uhr<br \/>\nHier geht es um Wandlungsprozesse in Zusammenhang mit Schicksalsdynamiken. Die angewandte Methode ist die Familien- bzw. Systemaufstellung (N\u00e4heres siehe Beschreibung).<br \/>\n<\/span><\/p>\n<p>In diesem Seminar wird Frank Finders, ein mir wertvoller Kollege aus K\u00f6ln, zugegen sein. Er ist ein hochprofessionell arbeitender und erfahrener Berater und Coach und schwerpunktm\u00e4\u00dfig im Bereich Organisationsentwicklung erfahren.<\/p>\n<p>Hier macht er seit Jahren gekonnt Aufstellungsarbeiten mit differenzierter Sicht auf die in diesem Feld anstehenden Kontexte.<\/p>\n<p>So k\u00f6nnen an diesen Wochenenden auch Anliegen aus dem professionellen Anwendungsfeld Organisation bearbeitet werden, sowohl pers\u00f6nliche als auch fachspezifische Fragestellungen dazu.<\/p>\n<p><strong><span class=\"sem_cat\">Anmeldeschluss: Freitag, der 24. April 2026 um 12:00 Uhr<br \/>\n<a href=\"https:\/\/angelika-gloeckner.de\/?page_id=123\">Zur Anmeldung<br \/>\n<\/a><\/span><\/strong><\/li>\n<li><strong><span class=\"sem_date\">Freitag, den 26. Juni 2026 um 16:00 Uhr<\/span><br \/>\n<\/strong><\/p>\n<h6><a class=\"sem_title\" title=\"Beschreibung\" href=\"http:\/\/angelika-gloeckner.de\/?page_id=134\">Familienaufstellung, Systemaufstellung<\/a>, Traumaarbeit<\/h6>\n<p><span class=\"sem_shortdesc\">bis Sonntag, den 28. Juni 2026 um 14.30 Uhr<br \/>\nHier geht es um Wandlungsprozesse in Zusammenhang mit Schicksalsdynamiken. Die angewandte Methode ist die Familien- bzw. Systemaufstellung (N\u00e4heres siehe Beschreibung).<br \/>\n<\/span><\/p>\n<p>In diesem Seminar wird Frank Finders, ein mir wertvoller Kollege aus K\u00f6ln, zugegen sein. Er ist ein hochprofessionell arbeitender und erfahrener Berater und Coach und schwerpunktm\u00e4\u00dfig im Bereich Organisationsentwicklung erfahren.<\/p>\n<p>Hier macht er seit Jahren gekonnt Aufstellungsarbeiten mit differenzierter Sicht auf die in diesem Feld anstehenden Kontexte.<\/p>\n<p>So k\u00f6nnen an diesen Wochenenden auch Anliegen aus dem professionellen Anwendungsfeld Organisation bearbeitet werden, sowohl pers\u00f6nliche als auch fachspezifische Fragestellungen dazu.<\/p>\n<p><strong><span class=\"sem_cat\">Anmeldeschluss: Freitag, der 26. Juni 2026 um 12:00 Uhr<br \/>\n<a href=\"https:\/\/angelika-gloeckner.de\/?page_id=123\">Zur Anmeldung<br \/>\n<\/a><\/span><\/strong><\/li>\n<li><strong><span class=\"sem_date\">Freitag, den 18. September 2026 um 16:00 Uhr<br \/>\n<\/span><\/strong><strong>F\u00fcr alle, die das Leben lieben \u2013 <\/strong><strong>und auch bei allem Unliebsamen, ihre Mitte waren wollen<\/strong>In den gegenw\u00e4rtigen aufgew\u00fchlten Zeiten innerlich zentriert zu bleiben,<\/p>\n<p>ist nicht immer einfach.<\/p>\n<p>Anspr\u00fcche aller Art, seinen sie \u00e4u\u00dferer oder innerer Natur, besch\u00e4ftigen uns und entfremden uns zuweilen unserem Kernwesen.<\/p>\n<p>Wer bin ich Tag f\u00fcr Tag und wie sorge ich f\u00fcr mein Wohl?<\/p>\n<p>Was z\u00e4hlt mir und worin sehe ich meine Ausrichtung?<\/p>\n<p>Und wie wei\u00df ich, ob ich erf\u00fcllt und im Gro\u00dfen und Ganzen zufrieden lebe? Stelle ich mich anstehenden Herausforderungen?<\/p>\n<p>Dieser Kurs hilft Hindernisse zu \u00fcberwinden, das \u201ewahre\u201c Wesen heraus zu formen und in Bl\u00fcte zu bringen.<\/p>\n<p>Das erwartet Sie im Kurs:<\/p>\n<p>Anfangs werde ich in einem kleinen Rundgang allen Teilnehmern Gelegenheit geben, sich etwas kennen zu lernen und, so gewollt, die eigenen Anliegen und Erwartungen zu formulieren.<\/p>\n<p>\u00dcbungen, Vortrag, Austausch und Einzelarbeiten in der Gruppe helfen dabei, sich selbst zu verstehen und Emotionen auszudr\u00fccken und ins Leben zu bringen, wo es zur Entwicklung beitr\u00e4gt.<\/p>\n<p>M\u00f6glicherweise kann Belastendes \u00fcberwunden werden und in das lebendige \u201eJetzt\u201c fruchtbringend integriert werden.<br \/>\n<strong><span class=\"sem_cat\">Anmeldeschluss: Freitag, der 18. September 2026 um 12:00 Uhr<\/span><\/strong><\/p>\n<p><strong><span class=\"sem_cat\"><a href=\"https:\/\/angelika-gloeckner.de\/?page_id=123\">Zur Anmeldung<\/a><\/span><\/strong><\/li>\n<li><strong><span class=\"sem_date\">Samstag, den 24. Oktober 2026 um 10:00 Uhr<\/span><\/strong><br \/>\n<strong>Das Enneagramm<\/strong> ist eines der tiefgr\u00fcndigsten Modelle, mit dem man menschliches Sein beschreiben kann. Auf der Ebene der Pers\u00f6nlichkeit beschreibt es Charaktereigenschaften und deren Strukturen, Begabungen und Schwierigkeiten. Unterschiede menschlichen Seins werden so erkl\u00e4rbar.Das Konzept gibt konkrete Impulse f\u00fcr die Selbst-Entwicklung und bietet Orientierung in Fragen des menschlichen Miteinanders. Ein m\u00f6gliches Ziel der Arbeit mit dem Enneagramm auf der Ebene der Pers\u00f6nlichkeit ist es, sich der automatischen Muster des Denkens, F\u00fchlens und Verhaltens bewusst zu werden, um so die Wahlfreiheit in diesen Bereichen zu erweitern und pers\u00f6nlich zu wachsen und zu reifen nach eigener Ma\u00dfgabe.<\/p>\n<p>Ein weiteres Ziel ist es, fremde Sicht- und Seinsweisen kennen-, verstehen- und sch\u00e4tzen zu lernen und Kommunikation gelungen gestalten zu k\u00f6nnen.<\/p>\n<p><strong><span class=\"sem_cat\">Anmeldeschluss: Freitag, der 23. Oktober 2026 um 12:00 Uhr<br \/>\n<a href=\"https:\/\/angelika-gloeckner.de\/?page_id=123\">Zur Anmeldung<br \/>\n<\/a><\/span><\/strong><\/li>\n<li><strong><span class=\"sem_date\">Freitag, den 27. November 2026 um 16:00 Uhr<\/span><br \/>\n<\/strong><\/p>\n<h6><a class=\"sem_title\" title=\"Beschreibung\" href=\"http:\/\/angelika-gloeckner.de\/?page_id=134\">Familienaufstellung, Systemaufstellung<\/a>, Traumaarbeit<\/h6>\n<p><span class=\"sem_shortdesc\">bis Sonntag, den 29. November 2026 um 14.30 Uhr<br \/>\nHier geht es um Wandlungsprozesse in Zusammenhang mit Schicksalsdynamiken. Die angewandte Methode ist die Familien- bzw. Systemaufstellung (N\u00e4heres siehe Beschreibung).<br \/>\n<\/span><\/p>\n<p>In diesem Seminar wird Frank Finders, ein mir wertvoller Kollege aus K\u00f6ln, zugegen sein. Er ist ein hochprofessionell arbeitender und erfahrener Berater und Coach und schwerpunktm\u00e4\u00dfig im Bereich Organisationsentwicklung erfahren.<\/p>\n<p>Hier macht er seit Jahren gekonnt Aufstellungsarbeiten mit differenzierter Sicht auf die in diesem Feld anstehenden Kontexte.<\/p>\n<p>So k\u00f6nnen an diesen Wochenenden auch Anliegen aus dem professionellen Anwendungsfeld Organisation bearbeitet werden, sowohl pers\u00f6nliche als auch fachspezifische Fragestellungen dazu.<\/p>\n<p><strong><span class=\"sem_cat\">Anmeldeschluss: Freitag, der 27. November 2026 um 12:00 Uhr<br \/>\n<a href=\"https:\/\/angelika-gloeckner.de\/?page_id=123\">Zur Anmeldung<\/a><\/span><\/strong><\/li>\n<\/ul>\n<p>&nbsp;<\/p>\n<p>&nbsp;<\/p>\n<p>&nbsp;<\/p>\n<p>Hier k\u00f6nnen Sie sich zu den Seminaren anmelden:\u00a0<a href=\"http:\/\/angelika-gloeckner.de\/?page_id=123\">Seminar Anmeldung<\/a><\/p>\n","protected":false},"excerpt":{"rendered":"<p>Aktuelle Seminare &nbsp; Die Seminare sind chronologisch aufgef\u00fchrt, bitte scrollen Sie bis zu dem gesuchten Seminar: Freitag, den 24. April 2026 um 16:00 Uhr Familienaufstellung, Systemaufstellung, Traumaarbeit bis Sonntag, den 26. April 2026 um 14.30 Uhr Hier geht es um Wandlungsprozesse in Zusammenhang mit Schicksalsdynamiken. Die angewandte Methode ist die Familien- bzw. Systemaufstellung (N\u00e4heres siehe &hellip; <a href=\"https:\/\/angelika-gloeckner.de\/?page_id=122\" class=\"more-link\"><span class=\"screen-reader-text\">Seminare \u00dcberblick<\/span> weiterlesen <span class=\"meta-nav\">&rarr;<\/span><\/a><\/p>\n","protected":false},"author":1,"featured_media":0,"parent":0,"menu_order":0,"comment_status":"closed","ping_status":"closed","template":"","meta":{"footnotes":""},"class_list":["post-122","page","type-page","status-publish","hentry"],"_links":{"self":[{"href":"https:\/\/angelika-gloeckner.de\/index.php?rest_route=\/wp\/v2\/pages\/122","targetHints":{"allow":["GET"]}}],"collection":[{"href":"https:\/\/angelika-gloeckner.de\/index.php?rest_route=\/wp\/v2\/pages"}],"about":[{"href":"https:\/\/angelika-gloeckner.de\/index.php?rest_route=\/wp\/v2\/types\/page"}],"author":[{"embeddable":true,"href":"https:\/\/angelika-gloeckner.de\/index.php?rest_route=\/wp\/v2\/users\/1"}],"replies":[{"embeddable":true,"href":"https:\/\/angelika-gloeckner.de\/index.php?rest_route=%2Fwp%2Fv2%2Fcomments&post=122"}],"version-history":[{"count":94,"href":"https:\/\/angelika-gloeckner.de\/index.php?rest_route=\/wp\/v2\/pages\/122\/revisions"}],"predecessor-version":[{"id":1270,"href":"https:\/\/angelika-gloeckner.de\/index.php?rest_route=\/wp\/v2\/pages\/122\/revisions\/1270"}],"wp:attachment":[{"href":"https:\/\/angelika-gloeckner.de\/index.php?rest_route=%2Fwp%2Fv2%2Fmedia&parent=122"}],"curies":[{"name":"wp","href":"https:\/\/api.w.org\/{rel}","templated":true}]}}