{"id":123,"date":"2016-08-29T16:11:54","date_gmt":"2016-08-29T14:11:54","guid":{"rendered":"http:\/\/angelika-gloeckner.de\/?page_id=123"},"modified":"2024-08-21T09:15:19","modified_gmt":"2024-08-21T07:15:19","slug":"seminar-anmeldung","status":"publish","type":"page","link":"https:\/\/angelika-gloeckner.de\/?page_id=123","title":{"rendered":"Seminar Anmeldung"},"content":{"rendered":"<p>Hier haben Sie die M\u00f6glichkeit, sich zu einem Seminar anzumelden. Wir senden Ihnen nach Ihrer Anmeldung weitere Informationen und Rechnung per Mail.<\/p>\n<p>&nbsp;<\/p>\n<p><span style=\"color: #ff0000;\"><strong>Bitte w\u00e4hlen Sie hier das gew\u00fcnschte Datum aus:<\/strong><\/span><\/p>\n<p>&nbsp;<\/p>\n<div role=\"form\" class=\"wpcf7\" id=\"wpcf7-f65-o1\" lang=\"de-DE\" dir=\"ltr\">\n<div class=\"screen-reader-response\"><\/div>\n<form action=\"\/index.php?rest_route=%2Fwp%2Fv2%2Fpages%2F123#wpcf7-f65-o1\" method=\"post\" class=\"wpcf7-form\" novalidate=\"novalidate\">\n<div style=\"display: none;\">\n<input type=\"hidden\" name=\"_wpcf7\" value=\"65\" \/>\n<input type=\"hidden\" name=\"_wpcf7_version\" value=\"4.5\" \/>\n<input type=\"hidden\" name=\"_wpcf7_locale\" value=\"de_DE\" \/>\n<input type=\"hidden\" name=\"_wpcf7_unit_tag\" value=\"wpcf7-f65-o1\" \/>\n<input type=\"hidden\" name=\"_wpnonce\" value=\"bcf3619b8a\" \/>\n<\/div>\n<table>\n<colgroup>\n<col width=\"40%\">\n<col width=\"60%\">\n  <\/colgroup>\n<tr>\n<td>Seminar<\/td>\n<td><span class=\"wpcf7-form-control-wrap seminar\"><select name=\"seminar\" class=\"wpcf7-form-control wpcf7-select wpcf7-validates-as-required\" aria-required=\"true\" aria-invalid=\"false\"><option value=\"Meditationsgruppe am 08.05.2026 - Bammental - 30,-\u20ac\">Meditationsgruppe am 08.05.2026 - Bammental - 30,-\u20ac<\/option><option value=\"Meditationsgruppe am 19.06.2026 - Bammental - 30,-\u20ac\">Meditationsgruppe am 19.06.2026 - Bammental - 30,-\u20ac<\/option><option value=\"Familienaufstellung, Systemaufstellung am 26.06.2026 - Bammental - 400,-\u20ac\">Familienaufstellung, Systemaufstellung am 26.06.2026 - Bammental - 400,-\u20ac<\/option><option value=\"Meditationsgruppe am 28.08.2026 - Bammental - 30,-\u20ac\">Meditationsgruppe am 28.08.2026 - Bammental - 30,-\u20ac<\/option><option value=\"F\u00fcr alle, die das Leben lieben am 18.09.2026 - Bammental - 400,-\u20ac\">F\u00fcr alle, die das Leben lieben am 18.09.2026 - Bammental - 400,-\u20ac<\/option><option value=\"Meditationsgruppe am 23.10.2026 - Bammental - 30,-\u20ac\">Meditationsgruppe am 23.10.2026 - Bammental - 30,-\u20ac<\/option><option value=\"Das Enneagramm als Modell und Werkzeug... am 24.10.2026 - Bammental - 325,-\u20ac\">Das Enneagramm als Modell und Werkzeug... am 24.10.2026 - Bammental - 325,-\u20ac<\/option><option value=\"Meditationsgruppe am 06.11.2026 - Bammental - 30,-\u20ac\">Meditationsgruppe am 06.11.2026 - Bammental - 30,-\u20ac<\/option><option value=\"Familienaufstellung, Systemaufstellung am 27.11.2026 - Bammental - 400,-\u20ac\">Familienaufstellung, Systemaufstellung am 27.11.2026 - Bammental - 400,-\u20ac<\/option><option value=\"Meditationsgruppe am 04.12.2026 - Bammental - 30,-\u20ac\">Meditationsgruppe am 04.12.2026 - Bammental - 30,-\u20ac<\/option><\/select><\/span><\/td>\n<\/tr>\n<tr>\n<td>Name *<\/td>\n<td><span class=\"wpcf7-form-control-wrap nachname\"><input type=\"text\" name=\"nachname\" value=\"\" size=\"40\" class=\"wpcf7-form-control wpcf7-text wpcf7-validates-as-required\" aria-required=\"true\" aria-invalid=\"false\" \/><\/span><\/td>\n<\/tr>\n<tr>\n<td>Vorname *<\/td>\n<td><span class=\"wpcf7-form-control-wrap vorname\"><input type=\"text\" name=\"vorname\" value=\"\" size=\"40\" class=\"wpcf7-form-control wpcf7-text wpcf7-validates-as-required\" aria-required=\"true\" aria-invalid=\"false\" \/><\/span><\/td>\n<\/tr>\n<tr>\n<td>Stra&szlig;e *<\/td>\n<td><span class=\"wpcf7-form-control-wrap street\"><input type=\"text\" name=\"street\" value=\"\" size=\"40\" class=\"wpcf7-form-control wpcf7-text wpcf7-validates-as-required\" aria-required=\"true\" aria-invalid=\"false\" \/><\/span><\/td>\n<\/tr>\n<tr>\n<td>Plz Ort*<\/td>\n<td><span class=\"wpcf7-form-control-wrap plz\"><input type=\"text\" name=\"plz\" value=\"\" size=\"8\" maxlength=\"8\" class=\"wpcf7-form-control wpcf7-text wpcf7-validates-as-required\" aria-required=\"true\" aria-invalid=\"false\" \/><\/span> <span class=\"wpcf7-form-control-wrap ort\"><input type=\"text\" name=\"ort\" value=\"\" size=\"27\" class=\"wpcf7-form-control wpcf7-text wpcf7-validates-as-required\" aria-required=\"true\" aria-invalid=\"false\" \/><\/span><\/td>\n<\/tr>\n<tr>\n<td>Telefon *<\/td>\n<td><span class=\"wpcf7-form-control-wrap phone\"><input type=\"text\" name=\"phone\" value=\"\" size=\"40\" class=\"wpcf7-form-control wpcf7-text wpcf7-validates-as-required\" aria-required=\"true\" aria-invalid=\"false\" \/><\/span><\/td>\n<\/tr>\n<tr>\n<td>Mobil<\/td>\n<td><span class=\"wpcf7-form-control-wrap mobil\"><input type=\"text\" name=\"mobil\" value=\"\" size=\"40\" class=\"wpcf7-form-control wpcf7-text\" aria-invalid=\"false\" \/><\/span><\/td>\n<\/tr>\n<tr>\n<td>Mail *<\/td>\n<td><span class=\"wpcf7-form-control-wrap mail\"><input type=\"email\" name=\"mail\" value=\"\" size=\"40\" class=\"wpcf7-form-control wpcf7-text wpcf7-email wpcf7-validates-as-required wpcf7-validates-as-email\" aria-required=\"true\" aria-invalid=\"false\" \/><\/span><\/td>\n<\/tr>\n<tr>\n<td>Als Stand-By<\/td>\n<td><span class=\"wpcf7-form-control-wrap standby\"><span class=\"wpcf7-form-control wpcf7-radio\"><span class=\"wpcf7-list-item first\"><input type=\"radio\" name=\"standby\" value=\"Nein\" checked=\"checked\" \/>&nbsp;<span class=\"wpcf7-list-item-label\">Nein<\/span><\/span><span class=\"wpcf7-list-item last\"><input type=\"radio\" name=\"standby\" value=\"Ja\" \/>&nbsp;<span class=\"wpcf7-list-item-label\">Ja<\/span><\/span><\/span><\/span><\/td>\n<\/tr>\n<tr>\n<td>Tage<\/td>\n<td><span class=\"wpcf7-form-control-wrap tage\"><span class=\"wpcf7-form-control wpcf7-radio\"><span class=\"wpcf7-list-item first\"><input type=\"radio\" name=\"tage\" value=\"Nur f\u00fcr Standbys: Alle Tage\" checked=\"checked\" \/>&nbsp;<span class=\"wpcf7-list-item-label\">Nur f\u00fcr Standbys: Alle Tage<\/span><\/span><span class=\"wpcf7-list-item last\"><input type=\"radio\" name=\"tage\" value=\"Nur f\u00fcr Standbys: Samstag\" \/>&nbsp;<span class=\"wpcf7-list-item-label\">Nur f\u00fcr Standbys: Samstag<\/span><\/span><\/span><\/span><\/td>\n<\/tr>\n<tr>\n<td>*Pflichtfeld<\/td>\n<td \/><\/tr>\n<tr\/>\n<tr>\n<td>ggf. abweichende Rechnungsadresse<\/td>\n<td><span class=\"wpcf7-form-control-wrap comment\"><textarea name=\"comment\" cols=\"40\" rows=\"10\" class=\"wpcf7-form-control wpcf7-textarea\" aria-invalid=\"false\"><\/textarea><\/span><\/td>\n<\/tr>\n<\/table>\n<p><\/p>\n<tr\/>\n<tr>\n<td>Bemerkungen<\/td>\n<td><span class=\"wpcf7-form-control-wrap comment\"><textarea name=\"comment\" cols=\"40\" rows=\"10\" class=\"wpcf7-form-control wpcf7-textarea\" aria-invalid=\"false\"><\/textarea><\/span><\/td>\n<\/tr>\n<\/table>\n<p><\/p>\n<p><label><span class=\"wpcf7-form-control-wrap accept-this\"><input type=\"checkbox\" name=\"accept-this\" value=\"1\" class=\"wpcf7-form-control wpcf7-acceptance\" aria-invalid=\"false\" \/><\/span> * Bitte ankreuzen:\tIch erkenne die <a href=\"http:\/\/angelika-gloeckner.de\/?page_id=45\" target=\"_blank\">Allgemeinen Teilnahmebedingungen<\/a>, sowie die in den einzelnen Kursbeschreibungen an. <\/label><br \/>\n<label><span class=\"wpcf7-form-control-wrap accept-this2\"><input type=\"checkbox\" name=\"accept-this2\" value=\"1\" class=\"wpcf7-form-control wpcf7-acceptance\" aria-invalid=\"false\" \/><\/span> * Bitte ankreuzen:\tIch habe die <a href=\"http:\/\/angelika-gloeckner.de\/?page_id=52\" target=\"_blank\">Datenschutzbestimmungen<\/a> zur Kenntnis genommen. <\/label><br \/>\n<br\/><br \/>\n<label>Der Teilnehmer versichert mit seiner Anmeldung, dass er die Schweigepflicht bez\u00fcglich der ihm im Seminar bekannt werdenden Informationen bez\u00fcglich Dritter einh\u00e4lt. Hierzu geh\u00f6ren auch die Adress- und Kontaktdaten der Teilnehmer auf internen Teilnehmerlisten. M\u00f6chten Sie NICHT auf den Teilnehmerlisten erscheinen, teilen Sie uns das bitte mit.<\/label><\/p>\n<div class=\"wpcf7-form-control-wrap\"><div data-sitekey=\"6Lc4AQATAAAAACkwnUIUoQKsppLtliVmpYOQtOZ7\" class=\"wpcf7-form-control g-recaptcha wpcf7-recaptcha\"><\/div>\n<noscript>\n\t<div style=\"width: 302px; height: 422px;\">\n\t\t<div style=\"width: 302px; height: 422px; position: relative;\">\n\t\t\t<div style=\"width: 302px; height: 422px; position: absolute;\">\n\t\t\t\t<iframe src=\"https:\/\/www.google.com\/recaptcha\/api\/fallback?k=6Lc4AQATAAAAACkwnUIUoQKsppLtliVmpYOQtOZ7\" frameborder=\"0\" scrolling=\"no\" style=\"width: 302px; height:422px; border-style: none;\">\n\t\t\t\t<\/iframe>\n\t\t\t<\/div>\n\t\t\t<div style=\"width: 300px; height: 60px; border-style: none; bottom: 12px; left: 25px; margin: 0px; padding: 0px; right: 25px; background: #f9f9f9; border: 1px solid #c1c1c1; border-radius: 3px;\">\n\t\t\t\t<textarea id=\"g-recaptcha-response\" name=\"g-recaptcha-response\" class=\"g-recaptcha-response\" style=\"width: 250px; height: 40px; border: 1px solid #c1c1c1; margin: 10px 25px; padding: 0px; resize: none;\">\n\t\t\t\t<\/textarea>\n\t\t\t<\/div>\n\t\t<\/div>\n\t<\/div>\n<\/noscript>\n<\/div>\n<p><input type=\"submit\" value=\"Senden\" class=\"wpcf7-form-control wpcf7-submit\" \/><\/p>\n<div class=\"wpcf7-response-output wpcf7-display-none\"><\/div><\/form><\/div>\n","protected":false},"excerpt":{"rendered":"<p>Hier haben Sie die M\u00f6glichkeit, sich zu einem Seminar anzumelden. Wir senden Ihnen nach Ihrer Anmeldung weitere Informationen und Rechnung per Mail. &nbsp; Bitte w\u00e4hlen Sie hier das gew\u00fcnschte Datum aus: &nbsp;<\/p>\n","protected":false},"author":1,"featured_media":0,"parent":0,"menu_order":0,"comment_status":"closed","ping_status":"closed","template":"","meta":{"footnotes":""},"class_list":["post-123","page","type-page","status-publish","hentry"],"_links":{"self":[{"href":"https:\/\/angelika-gloeckner.de\/index.php?rest_route=\/wp\/v2\/pages\/123","targetHints":{"allow":["GET"]}}],"collection":[{"href":"https:\/\/angelika-gloeckner.de\/index.php?rest_route=\/wp\/v2\/pages"}],"about":[{"href":"https:\/\/angelika-gloeckner.de\/index.php?rest_route=\/wp\/v2\/types\/page"}],"author":[{"embeddable":true,"href":"https:\/\/angelika-gloeckner.de\/index.php?rest_route=\/wp\/v2\/users\/1"}],"replies":[{"embeddable":true,"href":"https:\/\/angelika-gloeckner.de\/index.php?rest_route=%2Fwp%2Fv2%2Fcomments&post=123"}],"version-history":[{"count":5,"href":"https:\/\/angelika-gloeckner.de\/index.php?rest_route=\/wp\/v2\/pages\/123\/revisions"}],"predecessor-version":[{"id":1006,"href":"https:\/\/angelika-gloeckner.de\/index.php?rest_route=\/wp\/v2\/pages\/123\/revisions\/1006"}],"wp:attachment":[{"href":"https:\/\/angelika-gloeckner.de\/index.php?rest_route=%2Fwp%2Fv2%2Fmedia&parent=123"}],"curies":[{"name":"wp","href":"https:\/\/api.w.org\/{rel}","templated":true}]}}