{"id":1265,"date":"2026-04-14T11:06:24","date_gmt":"2026-04-14T09:06:24","guid":{"rendered":"https:\/\/angelika-gloeckner.de\/?page_id=1265"},"modified":"2026-04-14T11:08:14","modified_gmt":"2026-04-14T09:08:14","slug":"das-enneagramm-als-modell-und-werkzeug-persoenlicher-reifung-und-spiritueller-entwicklung","status":"publish","type":"page","link":"https:\/\/angelika-gloeckner.de\/?page_id=1265","title":{"rendered":"Das Enneagramm als Modell und Werkzeug pers\u00f6nlicher Reifung und spiritueller Entwicklung"},"content":{"rendered":"<p style=\"text-align: center;\"><strong>Das Enneagramm als Modell und Werkzeug pers\u00f6nlicher Reifung und spiritueller Entwicklung <\/strong><\/p>\n<p>&nbsp;<\/p>\n<p style=\"text-align: center;\"><strong>\u00a024. &#8211; 25. Oktober 2026 in Bammental bei Heidelberg<\/strong><\/p>\n<p>&nbsp;<\/p>\n<p><strong>Das Enneagramm<\/strong> ist eines der tiefgr\u00fcndigsten Modelle, mit dem man menschliches Sein beschreiben kann. Auf der Ebene der Pers\u00f6nlichkeit beschreibt es Charaktereigenschaften und deren Strukturen, Begabungen und Schwierigkeiten. Unterschiede menschlichen Seins werden so erkl\u00e4rbar.<\/p>\n<p>&nbsp;<\/p>\n<p>Das Konzept gibt konkrete Impulse f\u00fcr die Selbst-Entwicklung und bietet Orientierung in Fragen des menschlichen Miteinanders. Ein m\u00f6gliches Ziel der Arbeit mit dem Enneagramm auf der Ebene der Pers\u00f6nlichkeit ist es, sich der automatischen Muster des Denkens, F\u00fchlens und Verhaltens bewusst zu werden, um so die Wahlfreiheit in diesen Bereichen zu erweitern und pers\u00f6nlich zu wachsen und zu reifen nach eigener Ma\u00dfgabe.<\/p>\n<p>&nbsp;<\/p>\n<p>Ein weiteres Ziel ist es, fremde Sicht- und Seinsweisen kennen-, verstehen- und sch\u00e4tzen zu lernen und Kommunikation gelungen gestalten zu k\u00f6nnen.<\/p>\n<p>&nbsp;<\/p>\n<p>Als spirituelles Werkzeug benennt das Enneagramm mit den \u201eHeiligen Ideen\u201c objektive Sichtweisen der Realit\u00e4t und liefert mit den sogenannten \u201eTugenden\u201c Hinweise darauf, wie wir wieder in Kontakt mit unserem wahren und unverg\u00e4nglichen Selbst, unserem Wesenskern kommen. Ein m\u00f6gliches Ziel der spirituellen Arbeit mit dem Modell ist es, Zug\u00e4nge zu diesen Sichtweisen zu schaffen und mit dem in Kontakt zu treten, was jenseits der Pers\u00f6nlichkeitsstruktur liegt. Je \u00f6fter wir dort verweilen, umso mehr kann sich die Identit\u00e4t vom Pers\u00f6nlichen hin zum Universellen orientieren.<\/p>\n<p>&nbsp;<\/p>\n<p>Das Modell kann au\u00dferdem zeigen, wie es dazu kommen kann, dass wir uns nicht mehr als Seele oder wahres Selbst sehen, sondern glauben, wir seien ausschlie\u00dflich unsere Pers\u00f6nlichkeit und unser zugeh\u00f6riger K\u00f6rper.<\/p>\n<p>&nbsp;<\/p>\n<p><strong>Im Kurs<\/strong> werden das Modell und die 9 Muster in Theorie und, soweit im Kurs vertreten, auch in der Praxis vorgestellt, so dass jede\/r Gelegenheit hat sich zur eigenen Sichtweise zu \u00e4u\u00dfern und erste Erfahrungen in der Enneagrammarbeit zu machen. Bei sich selbst und Anderen.<\/p>\n<p>&nbsp;<\/p>\n<p>Selbstreflexive \u00dcbungen geben erste Hinweise auf den eigenen Typ. Die M\u00f6glichkeiten des Enneagramms als Werkzeug spiritueller Entwicklung werden vorgestellt und Raum f\u00fcr Fragen, Austausch und Diskussion gegeben.<\/p>\n<p>&nbsp;<\/p>\n<p><strong>Die Zeiten:<\/strong><\/p>\n<p><strong>Sa:<\/strong>\u00a0 10.00 \u2013 19.30 Uhr =\u00a08 Arbeitsstunden (inkl. 1 1\/2 Std. Mittagspause)<br \/>\n<strong>So:<\/strong>\u00a0 09.00 \u2013 14.30 Uhr = 5 Arbeitsstunden (inkl. 30 Min. Mittagspause)<br \/>\nGesamtarbeitszeit 13 Stunden<\/p>\n<p>&nbsp;<\/p>\n<p>Die Kosten: \u20ac 325<\/p>\n<p>&nbsp;<\/p>\n<p><strong>Die Anmeldung<br \/>\n<\/strong> Die Anmeldung erfolgt online\u00a0<a href=\"https:\/\/angelika-gloeckner.de\/?page_id=123\">(Anmeldung)<\/a> und wird von mir telefonisch best\u00e4tigt.<\/p>\n<p>&nbsp;<\/p>\n<p>In der Regel wird ca. 7 \u2013 10 Tage vor Seminarbeginn eine Rundmail verschickt, die aktuelle allgemeine Informationen enth\u00e4lt.<br \/>\nEs gilt Vorkasse bis sp\u00e4testens vier Wochen vor Seminarbeginn. Wir behalten uns vor, das Seminar abzusagen (z. B. zu wenige Teilnehmer).<br \/>\nW\u00e4hrend des Seminars wird eine Adressliste zum Abgleich rund gegeben. Wenn Sie nicht w\u00fcnschen, dass Ihr Name und\/oder die Adresse f\u00fcr die anderen Teilnehmer sichtabr sind, dann teilen Sie uns das bitte rechtzeitig mit.<br \/>\nEs gilt f\u00fcr alle Teilnehmer ab dem Zeitpunkt der Anmeldung Schweigepflicht.<\/p>\n<p>&nbsp;<\/p>\n<p>Bitte lesen Sie auch die <a href=\"http:\/\/angelika-gloeckner.de\/?page_id=45\">Allgemeine Teilnahmebedingungen<\/a>.<\/p>\n<p>&nbsp;<\/p>\n<p style=\"text-align: center;\"><em>\u201eBlicke in dein Inneres. Da ist die Quelle des Guten, die nie aufh\u00f6rt zu sprudeln, wenn du nicht aufh\u00f6rst, zu graben.\u201c <\/em><\/p>\n<p style=\"text-align: center;\"><em>\u00a0(Marc Aurel)<\/em><\/p>\n","protected":false},"excerpt":{"rendered":"<p>Das Enneagramm als Modell und Werkzeug pers\u00f6nlicher Reifung und spiritueller Entwicklung &nbsp; \u00a024. &#8211; 25. Oktober 2026 in Bammental bei Heidelberg &nbsp; Das Enneagramm ist eines der tiefgr\u00fcndigsten Modelle, mit dem man menschliches Sein beschreiben kann. Auf der Ebene der Pers\u00f6nlichkeit beschreibt es Charaktereigenschaften und deren Strukturen, Begabungen und Schwierigkeiten. Unterschiede menschlichen Seins werden so &hellip; <a href=\"https:\/\/angelika-gloeckner.de\/?page_id=1265\" class=\"more-link\"><span class=\"screen-reader-text\">Das Enneagramm als Modell und Werkzeug pers\u00f6nlicher Reifung und spiritueller Entwicklung<\/span> weiterlesen <span class=\"meta-nav\">&rarr;<\/span><\/a><\/p>\n","protected":false},"author":2,"featured_media":0,"parent":28,"menu_order":4,"comment_status":"closed","ping_status":"closed","template":"","meta":{"footnotes":""},"class_list":["post-1265","page","type-page","status-publish","hentry"],"_links":{"self":[{"href":"https:\/\/angelika-gloeckner.de\/index.php?rest_route=\/wp\/v2\/pages\/1265","targetHints":{"allow":["GET"]}}],"collection":[{"href":"https:\/\/angelika-gloeckner.de\/index.php?rest_route=\/wp\/v2\/pages"}],"about":[{"href":"https:\/\/angelika-gloeckner.de\/index.php?rest_route=\/wp\/v2\/types\/page"}],"author":[{"embeddable":true,"href":"https:\/\/angelika-gloeckner.de\/index.php?rest_route=\/wp\/v2\/users\/2"}],"replies":[{"embeddable":true,"href":"https:\/\/angelika-gloeckner.de\/index.php?rest_route=%2Fwp%2Fv2%2Fcomments&post=1265"}],"version-history":[{"count":3,"href":"https:\/\/angelika-gloeckner.de\/index.php?rest_route=\/wp\/v2\/pages\/1265\/revisions"}],"predecessor-version":[{"id":1268,"href":"https:\/\/angelika-gloeckner.de\/index.php?rest_route=\/wp\/v2\/pages\/1265\/revisions\/1268"}],"up":[{"embeddable":true,"href":"https:\/\/angelika-gloeckner.de\/index.php?rest_route=\/wp\/v2\/pages\/28"}],"wp:attachment":[{"href":"https:\/\/angelika-gloeckner.de\/index.php?rest_route=%2Fwp%2Fv2%2Fmedia&parent=1265"}],"curies":[{"name":"wp","href":"https:\/\/api.w.org\/{rel}","templated":true}]}}