{"id":16,"date":"2016-08-29T10:44:11","date_gmt":"2016-08-29T08:44:11","guid":{"rendered":"http:\/\/angelika-gloeckner.de\/?page_id=16"},"modified":"2025-11-26T10:23:16","modified_gmt":"2025-11-26T09:23:16","slug":"zur-person","status":"publish","type":"page","link":"https:\/\/angelika-gloeckner.de\/?page_id=16","title":{"rendered":"Zur Person"},"content":{"rendered":"<table class=\"contentpaneopen\" style=\"height: 1321px;\" width=\"682\">\n<tbody>\n<tr>\n<td valign=\"top\">\n<h4><strong>Zu meiner Person<\/strong><\/h4>\n<p>&nbsp;<\/p>\n<p align=\"left\">Ich bin Jahrgang &#8217;49.<\/p>\n<p align=\"left\"><strong>Meine Qualifikation und Werdegang<br \/>\n<\/strong><\/p>\n<p align=\"left\">Ab 1968: Fachausbildung als Krankenschwester (An\u00e4sthesie, Herzchirurgie und Psychiatrie).<br \/>\nSpezielle Fortbildung im Bereich der Schizophrenie-Therapie in den USA. Seitdem gut vertraut mit so genannten \u201eFr\u00fchen St\u00f6rungen\u201c wie Borderline und Narzissmus.<\/p>\n<p>Heilpraktikerin (HPG)<br \/>\nWeiterbildungen im Bereich\u00a0P\u00e4dagogik<br \/>\nJahrelange Arbeit in verschiedenen Bereichen der Erwachsenenbildung.<br \/>\nAusbildung in Gespr\u00e4chspsychotherapie, Gestalttherapie, Paartherapie, systemische Arbeit, Transaktionsanalyse (Lehrende), Aufstellungsarbeit und Pessotherapie.<\/p>\n<p align=\"left\">1979 Examen als Transaktionsanalytikerin im Anwendungsfeld Psychotherapie.<br \/>\nAb 1980 \u00fcber viele Jahre hinweg eigene Weiterbildung im Bereich \u201eSystemisches\u201c mit verschiedensten Ans\u00e4tzen in Einzel- und Gruppensettings sowie Paartherapie.<\/p>\n<p align=\"left\">1985 Zertifizierung zur CTSTA (Clinical Teaching and Supervising Transactional Analyst). Lehrberechtigung im Bereich Psychotherapie, Beratung und P\u00e4dagogik. Integration des Systemischen Gedankengutes in die Transaktionsanalyse. Ich sehe mich seither und bis heute als systemisch arbeitende Transaktionsanalytikerin.<\/p>\n<p align=\"left\">Seit 1988 Familienkonstellations-Therapeutin. Hier geht es um eine sehr spezifische Form des Systemischen Arbeitens, die vor allem generationsspezifische Dynamiken ber\u00fccksichtigt. Hier wird mit dem Energiefeld einer Familie gearbeitet und\u00a0eine l\u00f6sende Neuordnung des Systems verwirklicht (Ursprungs- und Gegenwartssystem).<\/p>\n<p align=\"left\">Ebenso bin ich im Bereich weiterer Systemaufstellungsarten qualifiziert (z. T. nach Varga v. Kib\u00e8d): Problem- Symptom-, Sprach-, Teilaspekt- und je nach Kontext auch Organisationsaufstellungen.<\/p>\n<p align=\"left\">Von 1990 bis 1996 Ausbildung zur Pessotherapeutin. Der Ansatz ist ein von Al Pesso (USA, gest. 2016) entwickeltes, hocheffektives Spezialverfahren zur Aufarbeitung und Korrektur psychischer Defizite und\/oder Traumata. Hier wird mit so genannten Strukturen gearbeitet, die sowohl pr\u00e4gende Situationen der Vergangenheit aufgreifen als auch diese einer L\u00f6sung und Korrektur zuf\u00fchren und damit Energie f\u00fcr wichtige Lebensvollz\u00fcge freisetzen. Diese Methode ist fester Bestandteil meiner heutigen Arbeit im Selbsterfahrungsbereich.<\/p>\n<p>&nbsp;<\/p>\n<p align=\"left\">Zertifizierte Kontemplationslehrerin der Frankfurter Schule der Kontemplation Frankfurt<\/p>\n<p align=\"left\">(Dr.Dr. Peter Lipsett)<\/p>\n<p align=\"left\">Ebenso und je nach Kontext bin ich auch im Bereich allgemeiner Pers\u00f6nlichkeitsentwicklung t\u00e4tig: Ich berate in Fragen der Lebensplanung, der professionellen Entwicklung, der \u201eMustergestaltung\u201c (Skriptarbeit) und im weitesten\u00a0Sinne zu\u00a0lebensphilosophischen Fragen.<\/p>\n<p align=\"left\">Zudem befasse ich mich seit meinem 25. Lebensjahr mit Themen aus dem geistig-spirituellen Bereich und definiere mich vorrangig als Mystikerin.<\/p>\n<p align=\"left\">Ich begleite transformatorische Prozesse aller Art in Einzelstunden und Wochenendseminaren.<br \/>\n\u00d6stliche und christliche Weisheitslehren sind mein geistiger Hintergrund und bestimmen u. a. meine Weltsicht und meinen Umgang mit Lebensvollz\u00fcgen und Sinnhaftigkeit.<br \/>\nBewusstsein, Bewusstheit und Gegenw\u00e4rtigkeit stehen hier als Ziele im Vordergrund und kommen einer stimmigen Gelassenheit und Seelenverbundenheit\u00a0 im Alltagsleben zu Gute.<\/p>\n<p align=\"left\">Seit 2014 sind interessierte Gruppen willkommen, mich auch andernorts f\u00fcr Weiterbildungen anzufragen, sei es TA, Aufstellungsarbeit oder Pessotherapie.<\/p>\n<\/td>\n<\/tr>\n<\/tbody>\n<\/table>\n<p><code><\/code><\/p>\n<p><img loading=\"lazy\" decoding=\"async\" class=\"alignnone wp-image-1192 size-large\" src=\"https:\/\/angelika-gloeckner.de\/wp-content\/uploads\/2025\/11\/Angelika-in-gruen-B.tal-MG_6674-1-1024x768.jpg\" alt=\"\" width=\"604\" height=\"453\" srcset=\"https:\/\/angelika-gloeckner.de\/wp-content\/uploads\/2025\/11\/Angelika-in-gruen-B.tal-MG_6674-1-1024x768.jpg 1024w, https:\/\/angelika-gloeckner.de\/wp-content\/uploads\/2025\/11\/Angelika-in-gruen-B.tal-MG_6674-1-300x225.jpg 300w, https:\/\/angelika-gloeckner.de\/wp-content\/uploads\/2025\/11\/Angelika-in-gruen-B.tal-MG_6674-1-768x576.jpg 768w, https:\/\/angelika-gloeckner.de\/wp-content\/uploads\/2025\/11\/Angelika-in-gruen-B.tal-MG_6674-1-1536x1152.jpg 1536w, https:\/\/angelika-gloeckner.de\/wp-content\/uploads\/2025\/11\/Angelika-in-gruen-B.tal-MG_6674-1.jpg 2016w\" sizes=\"auto, (max-width: 604px) 100vw, 604px\" \/><\/p>\n","protected":false},"excerpt":{"rendered":"<p>Zu meiner Person &nbsp; Ich bin Jahrgang &#8217;49. Meine Qualifikation und Werdegang Ab 1968: Fachausbildung als Krankenschwester (An\u00e4sthesie, Herzchirurgie und Psychiatrie). Spezielle Fortbildung im Bereich der Schizophrenie-Therapie in den USA. Seitdem gut vertraut mit so genannten \u201eFr\u00fchen St\u00f6rungen\u201c wie Borderline und Narzissmus. Heilpraktikerin (HPG) Weiterbildungen im Bereich\u00a0P\u00e4dagogik Jahrelange Arbeit in verschiedenen Bereichen der Erwachsenenbildung. Ausbildung &hellip; <a href=\"https:\/\/angelika-gloeckner.de\/?page_id=16\" class=\"more-link\"><span class=\"screen-reader-text\">Zur Person<\/span> weiterlesen <span class=\"meta-nav\">&rarr;<\/span><\/a><\/p>\n","protected":false},"author":1,"featured_media":0,"parent":4,"menu_order":1,"comment_status":"closed","ping_status":"closed","template":"","meta":{"footnotes":""},"class_list":["post-16","page","type-page","status-publish","hentry"],"_links":{"self":[{"href":"https:\/\/angelika-gloeckner.de\/index.php?rest_route=\/wp\/v2\/pages\/16","targetHints":{"allow":["GET"]}}],"collection":[{"href":"https:\/\/angelika-gloeckner.de\/index.php?rest_route=\/wp\/v2\/pages"}],"about":[{"href":"https:\/\/angelika-gloeckner.de\/index.php?rest_route=\/wp\/v2\/types\/page"}],"author":[{"embeddable":true,"href":"https:\/\/angelika-gloeckner.de\/index.php?rest_route=\/wp\/v2\/users\/1"}],"replies":[{"embeddable":true,"href":"https:\/\/angelika-gloeckner.de\/index.php?rest_route=%2Fwp%2Fv2%2Fcomments&post=16"}],"version-history":[{"count":20,"href":"https:\/\/angelika-gloeckner.de\/index.php?rest_route=\/wp\/v2\/pages\/16\/revisions"}],"predecessor-version":[{"id":1193,"href":"https:\/\/angelika-gloeckner.de\/index.php?rest_route=\/wp\/v2\/pages\/16\/revisions\/1193"}],"up":[{"embeddable":true,"href":"https:\/\/angelika-gloeckner.de\/index.php?rest_route=\/wp\/v2\/pages\/4"}],"wp:attachment":[{"href":"https:\/\/angelika-gloeckner.de\/index.php?rest_route=%2Fwp%2Fv2%2Fmedia&parent=16"}],"curies":[{"name":"wp","href":"https:\/\/api.w.org\/{rel}","templated":true}]}}