{"id":19,"date":"2016-08-29T10:45:09","date_gmt":"2016-08-29T08:45:09","guid":{"rendered":"http:\/\/angelika-gloeckner.de\/?page_id=19"},"modified":"2020-07-15T10:01:32","modified_gmt":"2020-07-15T08:01:32","slug":"philosphie","status":"publish","type":"page","link":"https:\/\/angelika-gloeckner.de\/?page_id=19","title":{"rendered":"Philosphie"},"content":{"rendered":"<h4 style=\"text-align: left;\" align=\"center\"><strong>&#8222;kurz begriffen\u2026&#8220; &#8211; meine Grundanschauungen, Werte, Ethik,<br \/>\nLebenssinn<br \/>\n<\/strong><\/h4>\n<ul>\n<li>Der K\u00f6rper und die Sinne sind das Tor zur \u00e4u\u00dferen Welt.<br \/>\nDer Verstand ist der W\u00e4chter zu diesem Tor.<br \/>\nDas Herz\u00a0wei\u00df, wie diese Pforte\u00a0 zu durchschreiten geht.<\/li>\n<li>Wer K\u00f6rper, Verstand, Herz und Gesp\u00fcr in Einheit gebracht\u00a0hat, ist seinem Mittelpunkt in der Regel verbunden.<\/li>\n<li>Der K\u00f6rper will wahrgenommen und als Sp\u00fcrinstanz ernst genommen werden: Damit er als Resonanzorgan f\u00fcr anstehende Entwicklungen aller Art geeignet ist.<\/li>\n<li>Darum ist der Kontakt zu sich selbst f\u00fcr eine gelungene psychische Entwicklung von zentraler Bedeutung.<\/li>\n<li>Wer sich <strong>nicht<\/strong> sp\u00fcrt, wei\u00df eher wenig von seiner Befindlichkeit, und vermag sich in der Welt nicht gut zu orientieren und zu steuern, weder in Lebensvollz\u00fcgen, noch in Sinnfragen.<\/li>\n<li>Wer sich aber gut verbunden ist, der wei\u00df auch seine Gef\u00fchle zu orten und sie als Signal anstehenden Bedarfs oder \u00dcberschusses zu deuten und zu nutzen. Er erh\u00f6ht\u00a0 damit Selbst-Bewusstheit, Selbstbewusstsein, \u00a0Stabilit\u00e4t\u00a0und Selbstwirksamkeit.<\/li>\n<li>Wer dergestalt zentriert und bei sich ist, der ist auch offen f\u00fcr sein Gegen\u00fcber und wird sich kontaktfreudig und selbstbestimmt auf dieses zu beziehen wissen.<\/li>\n<li>Wer sich selbst respektiert und liebt wie seinen N\u00e4chsten, der wird auch Verstand und Gesp\u00fcr damit in Einklang bringen und wahrnehmungsf\u00e4hig, freudef\u00e4hig, wachsam und tolerant sein.<\/li>\n<li>Wer DAS erleben kann, der ist auch f\u00e4hig, mit Leichtigkeit und Genuss zu lernen. Er n\u00e4hrt sich vom \u201eerfahrungsgespeisten Wissen\u201c wie die Biene vom Nektar.<\/li>\n<li>Wer auf diese Art wei\u00df, integriert sein Wissen in den t\u00e4glichen Lebensvollzug, vervollst\u00e4ndigt sich darin immer mehr und weitet sich in den Herzens- und Seelenraum hinein.<br \/>\nDesgleichen kann dann auch \u201eLeistung\u201c jeglicher Art freudevoll erlebt werden.<\/li>\n<li>So in den eigenen Lebensvollzug gestellt (und sich ihm stellend), ist man den H\u00f6hen und Tiefen des Lebens weitaus gewachsener und mit sich selbst und den Dingen des Lebens einig.<\/li>\n<li>Wer in solcher Einigkeit und Einheit nach und nach aufgeht, versteht jede Krise als Ansto\u00df zu einem n\u00e4chsten Entwicklungsschritt. Er steht dem Leben energievoll und kraftvoll gegen\u00fcber und zeigt autonomes Verhalten (Autonomie bedeutet auch\u00a0\u201esich selbst Gesetz sein\u201c).<\/li>\n<li>Wer solche Schritte macht, kann sich seiner Geschichte vers\u00f6hnlich verbinden, ist nicht mehr gebunden und daher frei von Anklage, Hader, Anspr\u00fcchlichkeit, \u00dcberheblichkeit und Verurteilung und Selbstabwertung.<\/li>\n<li>Wer dergestalt frei ist, der ist der Liebe zunehmend selbstlos verbunden und die Liebe ihm.<\/li>\n<li>Ein solcher Mensch wei\u00df auch, wo er Verantwortung \u00fcbernehmen kann und will und wo auch eine Grenze gegen\u00fcber jeglicher \u00dcberverantwortlichkeit zu ziehen ist.<\/li>\n<li>Wer so in\u00a0allseitiger Bezogenheit steht, wird von ihr psychisch und seelisch \u201ein Stand\u201c gesetzt und kann heil und heilsam sein.<\/li>\n<li>Hier beginnt, so gewollt, auch das Seelenleben als Hinwendung zur Alleinheit.<\/li>\n<\/ul>\n<p>&nbsp;<\/p>\n<p align=\"center\"><strong>Menschenw\u00fcrde hei\u00dft: Inkarnation all dessen, was den Menschen frei, gro\u00df<br \/>\nund ewig macht, was in ihm, dem Weltgesch\u00f6pf, den sch\u00f6pferischen Funken<br \/>\nsch\u00fcrt und h\u00fctet.<\/p>\n<p><\/strong><em>Carl Zuckmeyer, Aufruf zum Leben<\/em><strong><\/p>\n<p><\/strong><\/p>\n<p style=\"text-align: center;\"><em>\u00a0<\/em><\/p>\n","protected":false},"excerpt":{"rendered":"<p>&#8222;kurz begriffen\u2026&#8220; &#8211; meine Grundanschauungen, Werte, Ethik, Lebenssinn Der K\u00f6rper und die Sinne sind das Tor zur \u00e4u\u00dferen Welt. Der Verstand ist der W\u00e4chter zu diesem Tor. Das Herz\u00a0wei\u00df, wie diese Pforte\u00a0 zu durchschreiten geht. Wer K\u00f6rper, Verstand, Herz und Gesp\u00fcr in Einheit gebracht\u00a0hat, ist seinem Mittelpunkt in der Regel verbunden. Der K\u00f6rper will wahrgenommen &hellip; <a href=\"https:\/\/angelika-gloeckner.de\/?page_id=19\" class=\"more-link\"><span class=\"screen-reader-text\">Philosphie<\/span> weiterlesen <span class=\"meta-nav\">&rarr;<\/span><\/a><\/p>\n","protected":false},"author":1,"featured_media":0,"parent":4,"menu_order":2,"comment_status":"closed","ping_status":"closed","template":"","meta":{"footnotes":""},"class_list":["post-19","page","type-page","status-publish","hentry"],"_links":{"self":[{"href":"https:\/\/angelika-gloeckner.de\/index.php?rest_route=\/wp\/v2\/pages\/19","targetHints":{"allow":["GET"]}}],"collection":[{"href":"https:\/\/angelika-gloeckner.de\/index.php?rest_route=\/wp\/v2\/pages"}],"about":[{"href":"https:\/\/angelika-gloeckner.de\/index.php?rest_route=\/wp\/v2\/types\/page"}],"author":[{"embeddable":true,"href":"https:\/\/angelika-gloeckner.de\/index.php?rest_route=\/wp\/v2\/users\/1"}],"replies":[{"embeddable":true,"href":"https:\/\/angelika-gloeckner.de\/index.php?rest_route=%2Fwp%2Fv2%2Fcomments&post=19"}],"version-history":[{"count":10,"href":"https:\/\/angelika-gloeckner.de\/index.php?rest_route=\/wp\/v2\/pages\/19\/revisions"}],"predecessor-version":[{"id":619,"href":"https:\/\/angelika-gloeckner.de\/index.php?rest_route=\/wp\/v2\/pages\/19\/revisions\/619"}],"up":[{"embeddable":true,"href":"https:\/\/angelika-gloeckner.de\/index.php?rest_route=\/wp\/v2\/pages\/4"}],"wp:attachment":[{"href":"https:\/\/angelika-gloeckner.de\/index.php?rest_route=%2Fwp%2Fv2%2Fmedia&parent=19"}],"curies":[{"name":"wp","href":"https:\/\/api.w.org\/{rel}","templated":true}]}}