{"id":195,"date":"2016-09-07T13:06:22","date_gmt":"2016-09-07T11:06:22","guid":{"rendered":"http:\/\/angelika-gloeckner.de\/?page_id=195"},"modified":"2016-09-07T13:06:22","modified_gmt":"2016-09-07T11:06:22","slug":"anmeldung-transaktionsanalyse","status":"publish","type":"page","link":"https:\/\/angelika-gloeckner.de\/?page_id=195","title":{"rendered":"Anmeldung Transaktionsanalyse"},"content":{"rendered":"<h2>Anmeldung Transaktionsanalyse<\/h2>\n<div role=\"form\" class=\"wpcf7\" id=\"wpcf7-f189-o1\" lang=\"de-DE\" dir=\"ltr\">\n<div class=\"screen-reader-response\"><\/div>\n<form action=\"\/index.php?rest_route=%2Fwp%2Fv2%2Fpages%2F195#wpcf7-f189-o1\" method=\"post\" class=\"wpcf7-form\" novalidate=\"novalidate\">\n<div style=\"display: none;\">\n<input type=\"hidden\" name=\"_wpcf7\" value=\"189\" \/>\n<input type=\"hidden\" name=\"_wpcf7_version\" value=\"4.5\" \/>\n<input type=\"hidden\" name=\"_wpcf7_locale\" value=\"de_DE\" \/>\n<input type=\"hidden\" name=\"_wpcf7_unit_tag\" value=\"wpcf7-f189-o1\" \/>\n<input type=\"hidden\" name=\"_wpnonce\" value=\"53dd5a7e7a\" \/>\n<\/div>\n<table>\n<colgroup>\n<col width=\"40%\">\n<col width=\"60%\">\n  <\/colgroup>\n<tr>\n<td>Datum der Veranstaltung*<\/td>\n<td><span class=\"wpcf7-form-control-wrap datum\"><input type=\"text\" name=\"datum\" value=\"\" size=\"15\" maxlength=\"15\" class=\"wpcf7-form-control wpcf7-text wpcf7-validates-as-required\" aria-required=\"true\" aria-invalid=\"false\" \/><\/span><\/td>\n<\/tr>\n<tr>\n<td><a href=\"http:\/\/angelika-gloeckner.de\/?page_id=101\">Siehe Termine<\/a><\/td>\n<td\/><\/tr>\n<tr\/>\n<tr>\n<td>Nachname*<\/td>\n<td><span class=\"wpcf7-form-control-wrap nachname\"><input type=\"text\" name=\"nachname\" value=\"\" size=\"40\" class=\"wpcf7-form-control wpcf7-text wpcf7-validates-as-required\" aria-required=\"true\" aria-invalid=\"false\" \/><\/span><\/td>\n<\/tr>\n<tr>\n<td>Vorname*<\/td>\n<td><span class=\"wpcf7-form-control-wrap vorname\"><input type=\"text\" name=\"vorname\" value=\"\" size=\"40\" class=\"wpcf7-form-control wpcf7-text wpcf7-validates-as-required\" aria-required=\"true\" aria-invalid=\"false\" \/><\/span><\/td>\n<\/tr>\n<tr>\n<td>Stra\u00dfe*<\/td>\n<td><span class=\"wpcf7-form-control-wrap strasse\"><input type=\"text\" name=\"strasse\" value=\"\" size=\"40\" class=\"wpcf7-form-control wpcf7-text wpcf7-validates-as-required\" aria-required=\"true\" aria-invalid=\"false\" \/><\/span><\/td>\n<\/tr>\n<tr>\n<td>Plz Ort*<\/td>\n<td><span class=\"wpcf7-form-control-wrap plz\"><input type=\"text\" name=\"plz\" value=\"\" size=\"8\" maxlength=\"8\" class=\"wpcf7-form-control wpcf7-text wpcf7-validates-as-required\" aria-required=\"true\" aria-invalid=\"false\" \/><\/span> <span class=\"wpcf7-form-control-wrap ort\"><input type=\"text\" name=\"ort\" value=\"\" size=\"27\" class=\"wpcf7-form-control wpcf7-text wpcf7-validates-as-required\" aria-required=\"true\" aria-invalid=\"false\" \/><\/span><\/td>\n<\/tr>\n<tr \/>\n<tr>\n<td>Telefon * (f\u00fcr R\u00fcckfragen)<\/td>\n<td><span class=\"wpcf7-form-control-wrap phone\"><input type=\"text\" name=\"phone\" value=\"\" size=\"40\" class=\"wpcf7-form-control wpcf7-text wpcf7-validates-as-required\" aria-required=\"true\" aria-invalid=\"false\" \/><\/span><\/td>\n<\/tr>\n<tr>\n<td \/>\n<td> <span class=\"wpcf7-form-control-wrap ab\"><span class=\"wpcf7-form-control wpcf7-radio\"><span class=\"wpcf7-list-item first\"><input type=\"radio\" name=\"ab\" value=\"mit Anrufbeantworter\" checked=\"checked\" \/>&nbsp;<span class=\"wpcf7-list-item-label\">mit Anrufbeantworter<\/span><\/span><span class=\"wpcf7-list-item last\"><input type=\"radio\" name=\"ab\" value=\"ohne Anrufbeantworter\" \/>&nbsp;<span class=\"wpcf7-list-item-label\">ohne Anrufbeantworter<\/span><\/span><\/span><\/span><\/td>\n<\/tr>\n<tr>\n<td>Mobil<\/td>\n<td><span class=\"wpcf7-form-control-wrap mobil\"><input type=\"text\" name=\"mobil\" value=\"\" size=\"40\" class=\"wpcf7-form-control wpcf7-text\" aria-invalid=\"false\" \/><\/span><\/td>\n<\/tr>\n<tr>\n<td>Mail *<\/td>\n<td><span class=\"wpcf7-form-control-wrap mail\"><input type=\"email\" name=\"mail\" value=\"\" size=\"40\" class=\"wpcf7-form-control wpcf7-text wpcf7-email wpcf7-validates-as-required wpcf7-validates-as-email\" aria-required=\"true\" aria-invalid=\"false\" \/><\/span><\/td>\n<\/tr>\n<\/table>\n<p><br\/><\/p>\n<table>\n<colgroup>\n<col width=\"40%\">\n<col width=\"60%\">\n  <\/colgroup>\n<tr>\n<td>Kosten pro Teilnehmer*<\/td>\n<td><span class=\"wpcf7-form-control-wrap kosten\"><input type=\"text\" name=\"kosten\" value=\"\" size=\"40\" class=\"wpcf7-form-control wpcf7-text wpcf7-validates-as-required\" aria-required=\"true\" aria-invalid=\"false\" \/><\/span><\/td>\n<\/tr>\n<tr>\n<td\/>\n<td><a href=\"http:\/\/angelika-gloeckner.de\/?page_id=101\">\u00dcber die Kosten k\u00f6nnen Sie sich hier informieren.<\/a><\/td>\n<\/tr>\n<tr>\n<td>abweichende Rechnungs-<br \/>\nadresse<\/td>\n<td><span class=\"wpcf7-form-control-wrap comment\"><textarea name=\"comment\" cols=\"40\" rows=\"10\" class=\"wpcf7-form-control wpcf7-textarea\" aria-invalid=\"false\"><\/textarea><\/span><\/td>\n<\/tr>\n<tr>\n<td>Bemerkungen<\/td>\n<td><span class=\"wpcf7-form-control-wrap comment\"><textarea name=\"comment\" cols=\"40\" rows=\"10\" class=\"wpcf7-form-control wpcf7-textarea\" aria-invalid=\"false\"><\/textarea><\/span><\/td>\n<\/tr>\n<\/table>\n<p><label><span class=\"wpcf7-form-control-wrap accept-this\"><input type=\"checkbox\" name=\"accept-this\" value=\"1\" class=\"wpcf7-form-control wpcf7-acceptance\" aria-invalid=\"false\" \/><\/span> * Bitte ankreuzen:\tIch erkenne die <a href=\"http:\/\/angelika-gloeckner.de\/?page_id=45\" target=\"_blank\">Allgemeinen Teilnahmebedingungen<\/a>, sowie die in den einzelnen Kursbeschreibungen an. <\/label><br \/>\n<label><span class=\"wpcf7-form-control-wrap accept-this2\"><input type=\"checkbox\" name=\"accept-this2\" value=\"1\" class=\"wpcf7-form-control wpcf7-acceptance\" aria-invalid=\"false\" \/><\/span> * Bitte ankreuzen:\tIch habe die <a href=\"http:\/\/angelika-gloeckner.de\/?page_id=52\" target=\"_blank\">Datenschutzbestimmungen<\/a> zur Kenntnis genommen. <\/label><br \/>\n<br\/><br \/>\n<label>Der Teilnehmer versichert mit seiner Anmeldung, dass er die Schweigepflicht bez\u00fcglich der ihm im Seminar bekannt werdenden Informationen bez\u00fcglich Dritter einh\u00e4lt. Hierzu geh\u00f6ren auch die Adress- und Kontaktdaten der Teilnehmer auf internen Teilnehmerlisten. M\u00f6chten Sie NICHT auf den Teilnehmerlisten erscheinen, teilen Sie uns das bitte mit.<\/label><\/p>\n<div class=\"wpcf7-form-control-wrap\"><div data-sitekey=\"6Lc4AQATAAAAACkwnUIUoQKsppLtliVmpYOQtOZ7\" class=\"wpcf7-form-control g-recaptcha wpcf7-recaptcha\"><\/div>\n<noscript>\n\t<div style=\"width: 302px; height: 422px;\">\n\t\t<div style=\"width: 302px; height: 422px; position: relative;\">\n\t\t\t<div style=\"width: 302px; height: 422px; position: absolute;\">\n\t\t\t\t<iframe src=\"https:\/\/www.google.com\/recaptcha\/api\/fallback?k=6Lc4AQATAAAAACkwnUIUoQKsppLtliVmpYOQtOZ7\" frameborder=\"0\" scrolling=\"no\" style=\"width: 302px; height:422px; border-style: none;\">\n\t\t\t\t<\/iframe>\n\t\t\t<\/div>\n\t\t\t<div style=\"width: 300px; height: 60px; border-style: none; bottom: 12px; left: 25px; margin: 0px; padding: 0px; right: 25px; background: #f9f9f9; border: 1px solid #c1c1c1; border-radius: 3px;\">\n\t\t\t\t<textarea id=\"g-recaptcha-response\" name=\"g-recaptcha-response\" class=\"g-recaptcha-response\" style=\"width: 250px; height: 40px; border: 1px solid #c1c1c1; margin: 10px 25px; padding: 0px; resize: none;\">\n\t\t\t\t<\/textarea>\n\t\t\t<\/div>\n\t\t<\/div>\n\t<\/div>\n<\/noscript>\n<\/div>\n<p><input type=\"submit\" value=\"Senden\" class=\"wpcf7-form-control wpcf7-submit\" \/><\/p>\n<div class=\"wpcf7-response-output wpcf7-display-none\"><\/div><\/form><\/div>\n","protected":false},"excerpt":{"rendered":"<p>Anmeldung Transaktionsanalyse<\/p>\n","protected":false},"author":1,"featured_media":0,"parent":0,"menu_order":0,"comment_status":"closed","ping_status":"closed","template":"","meta":{"footnotes":""},"class_list":["post-195","page","type-page","status-publish","hentry"],"_links":{"self":[{"href":"https:\/\/angelika-gloeckner.de\/index.php?rest_route=\/wp\/v2\/pages\/195","targetHints":{"allow":["GET"]}}],"collection":[{"href":"https:\/\/angelika-gloeckner.de\/index.php?rest_route=\/wp\/v2\/pages"}],"about":[{"href":"https:\/\/angelika-gloeckner.de\/index.php?rest_route=\/wp\/v2\/types\/page"}],"author":[{"embeddable":true,"href":"https:\/\/angelika-gloeckner.de\/index.php?rest_route=\/wp\/v2\/users\/1"}],"replies":[{"embeddable":true,"href":"https:\/\/angelika-gloeckner.de\/index.php?rest_route=%2Fwp%2Fv2%2Fcomments&post=195"}],"version-history":[{"count":1,"href":"https:\/\/angelika-gloeckner.de\/index.php?rest_route=\/wp\/v2\/pages\/195\/revisions"}],"predecessor-version":[{"id":196,"href":"https:\/\/angelika-gloeckner.de\/index.php?rest_route=\/wp\/v2\/pages\/195\/revisions\/196"}],"wp:attachment":[{"href":"https:\/\/angelika-gloeckner.de\/index.php?rest_route=%2Fwp%2Fv2%2Fmedia&parent=195"}],"curies":[{"name":"wp","href":"https:\/\/api.w.org\/{rel}","templated":true}]}}