{"id":21,"date":"2016-08-29T10:46:29","date_gmt":"2016-08-29T08:46:29","guid":{"rendered":"http:\/\/angelika-gloeckner.de\/?page_id=21"},"modified":"2020-07-15T10:02:23","modified_gmt":"2020-07-15T08:02:23","slug":"zielgruppe","status":"publish","type":"page","link":"https:\/\/angelika-gloeckner.de\/?page_id=21","title":{"rendered":"Zielgruppe"},"content":{"rendered":"<h2>An wen sich mein Angebot richtet<\/h2>\n<p><strong><em>Das Kursprogramm ist f\u00fcr alle Menschen gedacht, die<\/em><\/strong><\/p>\n<ul>\n<li>punktuell oder l\u00e4ngerfristig in ihr pers\u00f6nliches Wachstum investieren m\u00f6chten (Therapie, Beratung, Coaching) und\/oder allgemein Anregungen \u00fcber den Umgang mit Menschen und deren inneren Belangen suchen. Jeder ist willkommen und jede Altersstufe (ab 18 Jahre) kann profitieren.<\/li>\n<li>Autonomie anstreben samt dem dazugeh\u00f6rigen Gestaltungswillen und F\u00e4higkeitszuwachs.<\/li>\n<\/ul>\n<ul>\n<li>Selbsterfahrung, Therapie, Supervision und Weiterbildung im Bereich der Aufstellungsarbeit anstreben und Familien- und andere Systemaufstellungen als Mittel der Professionalisierung oder zur Selbstausreifung nutzen m\u00f6chten.<\/li>\n<\/ul>\n<ul>\n<li>ein besonderes Interesse an folgenden Bereichen haben: Paartherapie (besonders auch Umgang mit Dreiecksbeziehungen), den so genannten \u201eFr\u00fchen St\u00f6rungen\u201c (Narzissmus und Borderline), Themen allgemeiner Lebensf\u00fchrung (z.B. Balance Privat- und Berufsleben) und Umgang mit Transfersituationen wie anstehende Ehe, Trennung, Abschied und Tod.<\/li>\n<\/ul>\n<ul>\n<li>an Fragen und Antworten im Bereich Schuld, Schuldgef\u00fchle und kompetentem Umgang damit interessiert sind.<\/li>\n<li>sich als traumatisiert erleben bzw. unter dem Einfluss erlebter Defizite aus der Vergangenheit stehen<\/li>\n<\/ul>\n<ul>\n<li>letztlich eine gelungene Harmonisierung des K\u00f6rpererlebens mit dem Verstandes- und Gef\u00fchlsleben anstreben und ihr Handeln damit in Einklang bringen m\u00f6chten.<\/li>\n<\/ul>\n<ul>\n<li>ihre Lebensqualit\u00e4t verbessern wollen: indem Disharmonie, Spannungen oder Unbehagen in die eigene Verantwortung genommen werden und L\u00f6sungen\u00a0aktiv und kontextgerecht angebahnt werden k\u00f6nnen.<\/li>\n<li>punktuell oder l\u00e4ngerfristig ihre professionelle Kompetenz im Bereich Kommunikation anreichern und\/oder erweitern m\u00f6chten und sich deshalb weiterbilden wollen.<br \/>\nDies betrifft beraterischen oder therapeutischen Umgang mit Menschen oder auch Fragen der F\u00f6rderung in verschiedenen Kontexten des Kommunizierens (z.B. auch Personalberatung\/ \u2013f\u00fchrung, Erwachsenenbildung und Schulwesen).<\/li>\n<li>Supervisionslust oder -bedarf haben und sich im Bereich Beratung &#8211; Coaching &#8211; Therapie weiterqualifizieren wollen.<\/li>\n<li>ihren Energiehaushalt in Balance bringen m\u00f6chten und auch in Krisenzeiten \u00a0im Fluss ihres Kraftverm\u00f6gens stehen wollen.<\/li>\n<\/ul>\n<ul>\n<li>friedvoll mit ihrer Umgebung umgehen und eigene Kreativit\u00e4t nutzbar machen wollen.<\/li>\n<\/ul>\n<ul>\n<li>Wahrnehmungsf\u00e4higkeit und Einf\u00fchlsamkeit erlernen oder stabilisieren wollen und sich im Leben und Lieben-Lernen verbessern, \u00fcben oder sich vervollst\u00e4ndigen wollen.<\/li>\n<\/ul>\n<ul>\n<li>eine gelungene Verbindung von Pers\u00f6nlichkeitsentwicklung und spirituellem Wachstum anstreben: also neben der Selbstverwirklichung in den t\u00e4glichen Lebensvollz\u00fcgen auch ihrem geistigen Wachstum f\u00f6rderlich sein wollen und es ernsthaft anstreben (Transpersonale Dimension).<\/li>\n<\/ul>\n<ul>\n<li>Last but not least: die ganz allgemein einen pers\u00f6nlichen, freundlichen und unterst\u00fctzenden Lernraum mit \u201eatmosph\u00e4rischer Ausstattung\u201c zu sch\u00e4tzen wissen, bevorzugen oder auch brauchen &#8211; und dies pers\u00f6nlich und im Lernbereich!<\/li>\n<\/ul>\n<p style=\"text-align: center;\"><strong>Mit dem Geist ist es wie mit dem Magen: Man kann<br \/>\nihm nur Dinge zumuten, die er verdauen kann.<\/p>\n<p><\/strong><em>Winston Churchill<\/em><\/p>\n<p>&nbsp;<\/p>\n","protected":false},"excerpt":{"rendered":"<p>An wen sich mein Angebot richtet Das Kursprogramm ist f\u00fcr alle Menschen gedacht, die punktuell oder l\u00e4ngerfristig in ihr pers\u00f6nliches Wachstum investieren m\u00f6chten (Therapie, Beratung, Coaching) und\/oder allgemein Anregungen \u00fcber den Umgang mit Menschen und deren inneren Belangen suchen. Jeder ist willkommen und jede Altersstufe (ab 18 Jahre) kann profitieren. Autonomie anstreben samt dem dazugeh\u00f6rigen &hellip; <a href=\"https:\/\/angelika-gloeckner.de\/?page_id=21\" class=\"more-link\"><span class=\"screen-reader-text\">Zielgruppe<\/span> weiterlesen <span class=\"meta-nav\">&rarr;<\/span><\/a><\/p>\n","protected":false},"author":1,"featured_media":0,"parent":4,"menu_order":3,"comment_status":"closed","ping_status":"closed","template":"","meta":{"footnotes":""},"class_list":["post-21","page","type-page","status-publish","hentry"],"_links":{"self":[{"href":"https:\/\/angelika-gloeckner.de\/index.php?rest_route=\/wp\/v2\/pages\/21","targetHints":{"allow":["GET"]}}],"collection":[{"href":"https:\/\/angelika-gloeckner.de\/index.php?rest_route=\/wp\/v2\/pages"}],"about":[{"href":"https:\/\/angelika-gloeckner.de\/index.php?rest_route=\/wp\/v2\/types\/page"}],"author":[{"embeddable":true,"href":"https:\/\/angelika-gloeckner.de\/index.php?rest_route=\/wp\/v2\/users\/1"}],"replies":[{"embeddable":true,"href":"https:\/\/angelika-gloeckner.de\/index.php?rest_route=%2Fwp%2Fv2%2Fcomments&post=21"}],"version-history":[{"count":9,"href":"https:\/\/angelika-gloeckner.de\/index.php?rest_route=\/wp\/v2\/pages\/21\/revisions"}],"predecessor-version":[{"id":620,"href":"https:\/\/angelika-gloeckner.de\/index.php?rest_route=\/wp\/v2\/pages\/21\/revisions\/620"}],"up":[{"embeddable":true,"href":"https:\/\/angelika-gloeckner.de\/index.php?rest_route=\/wp\/v2\/pages\/4"}],"wp:attachment":[{"href":"https:\/\/angelika-gloeckner.de\/index.php?rest_route=%2Fwp%2Fv2%2Fmedia&parent=21"}],"curies":[{"name":"wp","href":"https:\/\/api.w.org\/{rel}","templated":true}]}}