{"id":25,"date":"2016-08-29T10:47:47","date_gmt":"2016-08-29T08:47:47","guid":{"rendered":"http:\/\/angelika-gloeckner.de\/?page_id=25"},"modified":"2020-04-23T10:54:30","modified_gmt":"2020-04-23T08:54:30","slug":"literatur","status":"publish","type":"page","link":"https:\/\/angelika-gloeckner.de\/?page_id=25","title":{"rendered":"Literatur"},"content":{"rendered":"<h2>Literaturvorschl\u00e4ge<\/h2>\n<p><a href=\"http:\/\/angelika-gloeckner.de\/?page_id=127\">Direkt hier bestellen<\/a><\/p>\n<table border=\"0\">\n<colgroup>\n<col width=\"30%\" \/>\n<col width=\"70%\" \/><\/colgroup>\n<tbody>\n<tr>\n<td><img loading=\"lazy\" decoding=\"async\" src=\"http:\/\/angelika-gloeckner.de\/images\/stories\/Content\/ikdnd.jpg\" alt=\"\" width=\"154\" height=\"221\" align=\"middle\" border=\"0\" \/><\/td>\n<td>\n<h3>&#8222;Ich kann doch nichts daf\u00fcr&#8230;&#8220;<\/h3>\n<p>(vorher: &#8222;Frei von falschen Schuldgef\u00fchlen&#8230;&#8220;)<\/p>\n<p>Der Umgang mit pers\u00f6nlichem Schulderleben<br \/>\nFalsche Schuldgef\u00fchle geh\u00f6ren zu den hartn\u00e4ckigsten Boykotteuren des menschlichen Gl\u00fccks. Wann reden wir uns Schuld ein? Wann f\u00fchlen wir uns zu Recht schuldig und m\u00fcssen die Verantwortung f\u00fcr falsches Handeln \u00fcbernehmen? Mit diesem Werk wird der Blick f\u00fcr sinnvolle Unterscheidung ge\u00f6ffnet und Wege aus der Sackgasse falscher Schuldgef\u00fchle gezeigt. \u2013 Ein Buch, das zu mehr authentischem Leben verhilft.<\/p>\n<p>Dieses Buch ist nun als Neuauflage verf\u00fcgbar.<\/td>\n<\/tr>\n<tr>\n<td><img loading=\"lazy\" decoding=\"async\" src=\"http:\/\/angelika-gloeckner.de\/images\/stories\/Content\/LVLM_neu.jpg\" alt=\"\" width=\"154\" height=\"241\" align=\"middle\" border=\"0\" \/><\/td>\n<td>\n<h3>Lieber Vater, liebe Mutter<\/h3>\n<table border=\"0\">\n<tbody>\n<tr>\n<td><\/td>\n<td>\n<h5><span style=\"color: #ff0000;\"><strong>\u2013 momentan vergriffen \u2013 bitte schauen Sie in Antiquariaten.<br \/>\nDas Buch ist auch als e-Book erh\u00e4ltlich.\u00a0<\/strong><\/span><\/h5>\n<\/td>\n<\/tr>\n<\/tbody>\n<\/table>\n<p>Kindheit kann Schatten werfen \u2013 und das Leben auch von Erwachsenen verd\u00fcstern und st\u00f6ren, weil viele mit den eigenen Eltern noch im Unfrieden sind. Dieses Buch zeigt \u00fcberraschende, von jedem gehbare Wege zur Heilung.<br \/>\n\u201eWer anf\u00e4ngt, dieses Buch zu lesen, den l\u00e4sst es nicht mehr los. Angelika Gl\u00f6ckners Sprache f\u00fchrt in die Tiefe, er\u00f6ffnet einen neuen Zugang zu sich selbst und vers\u00f6hnt mit der eigenen Geschichte. Ein wahrhaft heilsames Buch!\u201c (Dr. Hans Jellouschek)<\/p>\n<p>Dieses Buch ist im Herder Verlag als Neuauflage erscheinen. ISBN: 987-3451060052<\/td>\n<\/tr>\n<\/tbody>\n<\/table>\n","protected":false},"excerpt":{"rendered":"<p>Literaturvorschl\u00e4ge Direkt hier bestellen &#8222;Ich kann doch nichts daf\u00fcr&#8230;&#8220; (vorher: &#8222;Frei von falschen Schuldgef\u00fchlen&#8230;&#8220;) Der Umgang mit pers\u00f6nlichem Schulderleben Falsche Schuldgef\u00fchle geh\u00f6ren zu den hartn\u00e4ckigsten Boykotteuren des menschlichen Gl\u00fccks. Wann reden wir uns Schuld ein? Wann f\u00fchlen wir uns zu Recht schuldig und m\u00fcssen die Verantwortung f\u00fcr falsches Handeln \u00fcbernehmen? Mit diesem Werk wird der &hellip; <a href=\"https:\/\/angelika-gloeckner.de\/?page_id=25\" class=\"more-link\"><span class=\"screen-reader-text\">Literatur<\/span> weiterlesen <span class=\"meta-nav\">&rarr;<\/span><\/a><\/p>\n","protected":false},"author":1,"featured_media":0,"parent":4,"menu_order":4,"comment_status":"closed","ping_status":"closed","template":"","meta":{"footnotes":""},"class_list":["post-25","page","type-page","status-publish","hentry"],"_links":{"self":[{"href":"https:\/\/angelika-gloeckner.de\/index.php?rest_route=\/wp\/v2\/pages\/25","targetHints":{"allow":["GET"]}}],"collection":[{"href":"https:\/\/angelika-gloeckner.de\/index.php?rest_route=\/wp\/v2\/pages"}],"about":[{"href":"https:\/\/angelika-gloeckner.de\/index.php?rest_route=\/wp\/v2\/types\/page"}],"author":[{"embeddable":true,"href":"https:\/\/angelika-gloeckner.de\/index.php?rest_route=\/wp\/v2\/users\/1"}],"replies":[{"embeddable":true,"href":"https:\/\/angelika-gloeckner.de\/index.php?rest_route=%2Fwp%2Fv2%2Fcomments&post=25"}],"version-history":[{"count":4,"href":"https:\/\/angelika-gloeckner.de\/index.php?rest_route=\/wp\/v2\/pages\/25\/revisions"}],"predecessor-version":[{"id":559,"href":"https:\/\/angelika-gloeckner.de\/index.php?rest_route=\/wp\/v2\/pages\/25\/revisions\/559"}],"up":[{"embeddable":true,"href":"https:\/\/angelika-gloeckner.de\/index.php?rest_route=\/wp\/v2\/pages\/4"}],"wp:attachment":[{"href":"https:\/\/angelika-gloeckner.de\/index.php?rest_route=%2Fwp%2Fv2%2Fmedia&parent=25"}],"curies":[{"name":"wp","href":"https:\/\/api.w.org\/{rel}","templated":true}]}}