{"id":28,"date":"2016-08-29T10:52:37","date_gmt":"2016-08-29T08:52:37","guid":{"rendered":"http:\/\/angelika-gloeckner.de\/?page_id=28"},"modified":"2026-05-05T10:38:20","modified_gmt":"2026-05-05T08:38:20","slug":"angebote","status":"publish","type":"page","link":"https:\/\/angelika-gloeckner.de\/?page_id=28","title":{"rendered":"Angebote\/ANMELDUNG"},"content":{"rendered":"<h1><span style=\"color: #993300;\"><a style=\"color: #993300;\" href=\"http:\/\/angelika-gloeckner.de\/?page_id=122\">Seminare <\/a><\/span>und Daten im \u00dcberblick<\/h1>\n<p>&nbsp;<\/p>\n<p>Therapie, Beratung und Pers\u00f6nlichkeitsentwicklung:<\/p>\n<p>&nbsp;<\/p>\n<p><a href=\"http:\/\/angelika-gloeckner.de\/?page_id=77\">F\u00fcr Einzelne und Paare<\/a> in Ziegelhausen (nach Termin)<\/p>\n<p>&nbsp;<\/p>\n<h2><span style=\"color: #993300;\"><a style=\"color: #993300;\" href=\"http:\/\/angelika-gloeckner.de\/?page_id=134\">Familien- und sonstige Systemaufstellungen, Selbsterfahrung<\/a>\u00a0<\/span> (<strong>Bammental)<\/strong><\/h2>\n<p>&nbsp;<\/p>\n<p><strong>2026<\/strong><\/p>\n<ul>\n<li>26.06. &#8211; 28.06.2026<\/li>\n<li>27.11. &#8211; 29.11.2026<\/li>\n<\/ul>\n<h2><strong><a href=\"https:\/\/angelika-gloeckner.de\/?page_id=1074\"><span style=\"color: #993300;\">Laufende Meditationsgruppe<\/span><\/a><\/strong><\/h2>\n<p>&nbsp;<\/p>\n<p style=\"margin: 0cm;\" data-start=\"1191\" data-end=\"1397\"><strong>Termine 2026:<\/strong><\/p>\n<p style=\"margin: 0cm;\" data-start=\"1191\" data-end=\"1397\">19.06.2026<\/p>\n<p style=\"margin: 0cm;\" data-start=\"1191\" data-end=\"1397\">28.08.2026<\/p>\n<p style=\"margin: 0cm;\" data-start=\"1191\" data-end=\"1397\">23.10.2026<\/p>\n<p style=\"margin: 0cm;\" data-start=\"1191\" data-end=\"1397\">06.11.2026<\/p>\n<p style=\"margin: 0cm;\" data-start=\"1191\" data-end=\"1397\">04.12.2026<\/p>\n<p>&nbsp;<\/p>\n<h2 data-start=\"1191\" data-end=\"1397\"><\/h2>\n<h2 data-start=\"1191\" data-end=\"1397\"><a href=\"https:\/\/angelika-gloeckner.de\/?page_id=1028\"><span style=\"color: #800000;\"><strong><span style=\"color: #993300;\">F\u00fcr alle, die das Leben lieben<\/span> <\/strong><\/span><\/a><\/h2>\n<p>18. &#8211; 20.09.2026<\/p>\n<p>&nbsp;<\/p>\n<h2><a href=\"https:\/\/angelika-gloeckner.de\/?page_id=1265\"><strong><span style=\"color: #993300;\">Das Enneagramm als Modell und Werkzeug pers\u00f6nlicher Reifung und spiritueller Entwicklung<\/span> <\/strong><\/a><\/h2>\n<p>&nbsp;<\/p>\n<p>24. &#8211; 25. Oktober 2026<\/p>\n<p>&nbsp;<\/p>\n<h2>WEITERBILDUNG<\/h2>\n<p>&nbsp;<\/p>\n<h2><span style=\"color: #993300;\"><a style=\"color: #993300;\" href=\"http:\/\/angelika-gloeckner.de\/?page_id=101\">Laufende Weiterbildung<\/a> <\/span>in Transaktionsanalyse<\/h2>\n<h2>in Bammental<\/h2>\n<p>&nbsp;<\/p>\n<h5><strong>2026<\/strong><\/h5>\n<ul>\n<li>09.05. &#8211; 10.05.2026<\/li>\n<li>29.08. &#8211; 30.08.2026<\/li>\n<li>05.12. &#8211; 06.12.2026<\/li>\n<\/ul>\n<h2><strong>Seminare f\u00fcr <span style=\"color: #993300;\">Bernd Schmid<\/span><\/strong> (Institut f\u00fcr Systemische Beratung, isb GmbH, Wiesloch)<\/h2>\n<h6>Anmeldungen bitte \u00fcber das Institut Bernd Schmid<\/h6>\n<p>&nbsp;<\/p>\n<h5>2026<\/h5>\n<ul>\n<li>07.10. &#8211; 10.10.2026<\/li>\n<\/ul>\n","protected":false},"excerpt":{"rendered":"<p>Seminare und Daten im \u00dcberblick &nbsp; Therapie, Beratung und Pers\u00f6nlichkeitsentwicklung: &nbsp; F\u00fcr Einzelne und Paare in Ziegelhausen (nach Termin) &nbsp; Familien- und sonstige Systemaufstellungen, Selbsterfahrung\u00a0 (Bammental) &nbsp; 2026 26.06. &#8211; 28.06.2026 27.11. &#8211; 29.11.2026 Laufende Meditationsgruppe &nbsp; Termine 2026: 19.06.2026 28.08.2026 23.10.2026 06.11.2026 04.12.2026 &nbsp; F\u00fcr alle, die das Leben lieben 18. &#8211; 20.09.2026 &nbsp; &hellip; <a href=\"https:\/\/angelika-gloeckner.de\/?page_id=28\" class=\"more-link\"><span class=\"screen-reader-text\">Angebote\/ANMELDUNG<\/span> weiterlesen <span class=\"meta-nav\">&rarr;<\/span><\/a><\/p>\n","protected":false},"author":1,"featured_media":0,"parent":0,"menu_order":2,"comment_status":"closed","ping_status":"closed","template":"","meta":{"footnotes":""},"class_list":["post-28","page","type-page","status-publish","hentry"],"_links":{"self":[{"href":"https:\/\/angelika-gloeckner.de\/index.php?rest_route=\/wp\/v2\/pages\/28","targetHints":{"allow":["GET"]}}],"collection":[{"href":"https:\/\/angelika-gloeckner.de\/index.php?rest_route=\/wp\/v2\/pages"}],"about":[{"href":"https:\/\/angelika-gloeckner.de\/index.php?rest_route=\/wp\/v2\/types\/page"}],"author":[{"embeddable":true,"href":"https:\/\/angelika-gloeckner.de\/index.php?rest_route=\/wp\/v2\/users\/1"}],"replies":[{"embeddable":true,"href":"https:\/\/angelika-gloeckner.de\/index.php?rest_route=%2Fwp%2Fv2%2Fcomments&post=28"}],"version-history":[{"count":131,"href":"https:\/\/angelika-gloeckner.de\/index.php?rest_route=\/wp\/v2\/pages\/28\/revisions"}],"predecessor-version":[{"id":1288,"href":"https:\/\/angelika-gloeckner.de\/index.php?rest_route=\/wp\/v2\/pages\/28\/revisions\/1288"}],"wp:attachment":[{"href":"https:\/\/angelika-gloeckner.de\/index.php?rest_route=%2Fwp%2Fv2%2Fmedia&parent=28"}],"curies":[{"name":"wp","href":"https:\/\/api.w.org\/{rel}","templated":true}]}}