{"id":30,"date":"2016-08-29T10:53:28","date_gmt":"2016-08-29T08:53:28","guid":{"rendered":"http:\/\/angelika-gloeckner.de\/?page_id=30"},"modified":"2026-05-05T10:35:14","modified_gmt":"2026-05-05T08:35:14","slug":"kontakt","status":"publish","type":"page","link":"https:\/\/angelika-gloeckner.de\/?page_id=30","title":{"rendered":"Kontakt"},"content":{"rendered":"<table class=\"contentpaneopen\">\n<tbody>\n<tr>\n<td valign=\"top\">\n<p align=\"left\"><img loading=\"lazy\" decoding=\"async\" class=\"wp-image-671 alignright\" src=\"https:\/\/angelika-gloeckner.de\/wp-content\/uploads\/2016\/08\/Gl\u00f6ckner-Angelika1-KLP-2021-231x300.jpg\" alt=\"Gl\u00f6ckner Angelika1 KLP - 2021\" width=\"157\" height=\"204\" align=\"right\" srcset=\"https:\/\/angelika-gloeckner.de\/wp-content\/uploads\/2016\/08\/Gl\u00f6ckner-Angelika1-KLP-2021-231x300.jpg 231w, https:\/\/angelika-gloeckner.de\/wp-content\/uploads\/2016\/08\/Gl\u00f6ckner-Angelika1-KLP-2021.jpg 591w\" sizes=\"auto, (max-width: 157px) 100vw, 157px\" \/>Angelika Gl\u00f6ckner<\/p>\n<p>Kleingem\u00fcnder Str. 19\/3<\/p>\n<p>69118 Ziegelhausen<\/p>\n<div align=\"left\">\n<table border=\"0\">\n<tbody>\n<tr>\n<td>Telefon<\/td>\n<td>06221\/803286\u00a0\u00a0\u00a0\u00a0 (Sprechzeit 8.00 \u2013 8.30 Uhr)<br \/>\nF\u00fcr kurzfristige Termin\u00e4nderungen:<strong> 0176-61190772 &#8211; Keine Textnachrichten!!!!<\/strong><\/td>\n<\/tr>\n<tr>\n<td>Fax<\/td>\n<td>06221\/8894944<\/td>\n<\/tr>\n<\/tbody>\n<\/table>\n<\/div>\n<p align=\"left\"><a href=\"mailto:kontakt@angelika-gloeckner.de\">kontakt@angelika-gloeckner.de<\/a><\/p>\n<p align=\"left\">Bitte Terminvereinbarung f\u00fcr Einzelstunden NACH Anmeldung <strong>nicht<\/strong> \u00fcber E-Mail anfragen.<br \/>\nPer Telefon sind Terminabsprachen leichter zu regeln (wenn m\u00f6glich w\u00e4hrend der Sprechstunde).<\/p>\n<p align=\"left\">Adressen und Anfahrtsbeschreibungen finden Sie <a href=\"http:\/\/angelika-gloeckner.de\/?page_id=34\">hier<\/a>!<\/p>\n<p><strong>Meine Bankverbindung<br \/>\n<\/strong> Sparkasse Heidelberg:\u00a0\u00a0\u00a0 IBAN\u00a0\u00a0 DE61672500200008006067<br \/>\nBIC\u00a0\u00a0\u00a0\u00a0\u00a0 SOLADES1HDB<\/p>\n<p>&nbsp;<\/p>\n<h6 align=\"left\"><strong>Sekretariat<\/strong><\/h6>\n<p>&nbsp;<\/p>\n<p>Momentan besetzt: Dienstag + Mittwoch von 8.00 -12 Uhr<\/p>\n<p><img loading=\"lazy\" decoding=\"async\" src=\"https:\/\/angelika-gloeckner.de\/images\/stories\/Content\/orth.jpg\" alt=\"bild2\" width=\"95\" height=\"119\" align=\"right\" border=\"0\" \/><br \/>\nAndrea Orth<br \/>\nAlsheimer Weg 31-33<br \/>\n67575 Eich<\/p>\n<div align=\"left\">\n<table border=\"0\">\n<tbody>\n<tr>\n<td>Telefon<\/td>\n<td>06246-907785<\/td>\n<\/tr>\n<tr>\n<td>Fax<\/td>\n<td>06246-907735<\/td>\n<\/tr>\n<\/tbody>\n<\/table>\n<\/div>\n<p align=\"left\"><a href=\"mailto:orth@angelika-gloeckner.de\">orth@angelika-gloeckner.de<\/a><\/p>\n<p align=\"left\">B\u00fcrozeiten: Di + Mi : 8.00 &#8211; 12.00 Uhr<\/p>\n<p align=\"left\">Zu den anderen Zeiten bitte per Mail!<\/p>\n<\/td>\n<\/tr>\n<\/tbody>\n<\/table>\n","protected":false},"excerpt":{"rendered":"<p>Angelika Gl\u00f6ckner Kleingem\u00fcnder Str. 19\/3 69118 Ziegelhausen Telefon 06221\/803286\u00a0\u00a0\u00a0\u00a0 (Sprechzeit 8.00 \u2013 8.30 Uhr) F\u00fcr kurzfristige Termin\u00e4nderungen: 0176-61190772 &#8211; Keine Textnachrichten!!!! Fax 06221\/8894944 kontakt@angelika-gloeckner.de Bitte Terminvereinbarung f\u00fcr Einzelstunden NACH Anmeldung nicht \u00fcber E-Mail anfragen. Per Telefon sind Terminabsprachen leichter zu regeln (wenn m\u00f6glich w\u00e4hrend der Sprechstunde). Adressen und Anfahrtsbeschreibungen finden Sie hier! Meine Bankverbindung Sparkasse &hellip; <a href=\"https:\/\/angelika-gloeckner.de\/?page_id=30\" class=\"more-link\"><span class=\"screen-reader-text\">Kontakt<\/span> weiterlesen <span class=\"meta-nav\">&rarr;<\/span><\/a><\/p>\n","protected":false},"author":1,"featured_media":0,"parent":0,"menu_order":3,"comment_status":"closed","ping_status":"closed","template":"","meta":{"footnotes":""},"class_list":["post-30","page","type-page","status-publish","hentry"],"_links":{"self":[{"href":"https:\/\/angelika-gloeckner.de\/index.php?rest_route=\/wp\/v2\/pages\/30","targetHints":{"allow":["GET"]}}],"collection":[{"href":"https:\/\/angelika-gloeckner.de\/index.php?rest_route=\/wp\/v2\/pages"}],"about":[{"href":"https:\/\/angelika-gloeckner.de\/index.php?rest_route=\/wp\/v2\/types\/page"}],"author":[{"embeddable":true,"href":"https:\/\/angelika-gloeckner.de\/index.php?rest_route=\/wp\/v2\/users\/1"}],"replies":[{"embeddable":true,"href":"https:\/\/angelika-gloeckner.de\/index.php?rest_route=%2Fwp%2Fv2%2Fcomments&post=30"}],"version-history":[{"count":18,"href":"https:\/\/angelika-gloeckner.de\/index.php?rest_route=\/wp\/v2\/pages\/30\/revisions"}],"predecessor-version":[{"id":1284,"href":"https:\/\/angelika-gloeckner.de\/index.php?rest_route=\/wp\/v2\/pages\/30\/revisions\/1284"}],"wp:attachment":[{"href":"https:\/\/angelika-gloeckner.de\/index.php?rest_route=%2Fwp%2Fv2%2Fmedia&parent=30"}],"curies":[{"name":"wp","href":"https:\/\/api.w.org\/{rel}","templated":true}]}}