{"id":34,"date":"2016-08-29T10:54:31","date_gmt":"2016-08-29T08:54:31","guid":{"rendered":"http:\/\/angelika-gloeckner.de\/?page_id=34"},"modified":"2025-02-04T12:08:16","modified_gmt":"2025-02-04T11:08:16","slug":"arbeitsort","status":"publish","type":"page","link":"https:\/\/angelika-gloeckner.de\/?page_id=34","title":{"rendered":"Arbeitsort und Anfahrt"},"content":{"rendered":"<h1 align=\"center\">Arbeitsort<\/h1>\n<p align=\"center\"><strong>Besondere Qualit\u00e4tsmerkmale\u00a0<\/strong><\/p>\n<p align=\"left\">Mein Seminarzentrum ist von pers\u00f6nlichem Charakter gepr\u00e4gt, und der Umgang dort miteinander ist es desgleichen. Meine Gruppen sind klein (14-22 Personen) und werden so dem pers\u00f6nlichen Bedarf der Teilnehmer gerecht. Das war stets so konzipiert und erf\u00fcllt seinen Sinn und Zweck sehr gut. Jeder einzelne Teilnehmer erlebt sich in seiner speziellen Thematik gesehen, ber\u00fccksichtigt und gef\u00f6rdert.<\/p>\n<p align=\"left\"><img loading=\"lazy\" decoding=\"async\" class=\"alignright\" src=\"http:\/\/angelika-gloeckner.de\/images\/stories\/Content\/ziegelhausen.jpg\" alt=\"Ziegelhausen\" width=\"212\" height=\"133\" align=\"right\" border=\"0\" hspace=\"10\" vspace=\"5\" \/><\/p>\n<p align=\"left\">Am idyllischen Neckar und am waldreichen Odenwald kann man sich wohl und aufgehoben f\u00fchlen. Heidelberg mit seinem Schloss und der herrlichen Altstadt ist ein beliebter Ausflugsort.<\/p>\n<p align=\"left\"><img loading=\"lazy\" decoding=\"async\" class=\"alignright\" src=\"http:\/\/angelika-gloeckner.de\/images\/stories\/Content\/bammental.jpg\" alt=\"Bammental\" width=\"212\" height=\"132\" align=\"right\" border=\"0\" hspace=\"10\" vspace=\"5\" \/>In <strong>Bammental<\/strong> bei Heidelberg sind die besonders sch\u00f6nen R\u00e4ume bestens f\u00fcr\u00a0Seminare und gro\u00dfe Gruppen geeignet.<br \/>\nIm Moment finden die Einzel- und Paartermine in Ziegelhausen statt.<\/p>\n<p align=\"left\">\n<p align=\"left\"><a href=\"https:\/\/maps.app.goo.gl\/Qo88UtnrLXUxe5sXA\">&#8222;Anfahrt&#8220;.<\/a><\/p>\n<p align=\"left\">Praxis f\u00fcr Psychotherapie<br \/>\nKleingem\u00fcnder Str. 19\/3<br \/>\n69118<strong> Ziegelhausen (bei Heidelberg)<\/strong><\/p>\n<p align=\"left\">\n<p align=\"left\">\n<p style=\"text-align: center;\" align=\"left\"><span style=\"color: #993300;\">Wir alle wollen uns <\/span><\/p>\n<p style=\"text-align: center;\" align=\"left\"><span style=\"color: #993300;\">&#8222;zu Hause f\u00fchlen&#8220;<\/span><\/p>\n<p style=\"text-align: center;\" align=\"left\"><span style=\"color: #993300;\">Und wer gut bei sich ist,<\/span><\/p>\n<p style=\"text-align: center;\" align=\"left\"><span style=\"color: #993300;\">ist auch bei SICH zu Hause,<\/span><\/p>\n<p style=\"text-align: center;\" align=\"left\"><span style=\"color: #993300;\">und f\u00fchlt es allerorten&#8230;<\/span><\/p>\n<p style=\"text-align: center;\" align=\"left\"><span style=\"color: #993300;\">Angelika Gl\u00f6ckner<\/span><\/p>\n","protected":false},"excerpt":{"rendered":"<p>Arbeitsort Besondere Qualit\u00e4tsmerkmale\u00a0 Mein Seminarzentrum ist von pers\u00f6nlichem Charakter gepr\u00e4gt, und der Umgang dort miteinander ist es desgleichen. Meine Gruppen sind klein (14-22 Personen) und werden so dem pers\u00f6nlichen Bedarf der Teilnehmer gerecht. Das war stets so konzipiert und erf\u00fcllt seinen Sinn und Zweck sehr gut. Jeder einzelne Teilnehmer erlebt sich in seiner speziellen Thematik &hellip; <a href=\"https:\/\/angelika-gloeckner.de\/?page_id=34\" class=\"more-link\"><span class=\"screen-reader-text\">Arbeitsort und Anfahrt<\/span> weiterlesen <span class=\"meta-nav\">&rarr;<\/span><\/a><\/p>\n","protected":false},"author":1,"featured_media":0,"parent":30,"menu_order":1,"comment_status":"closed","ping_status":"closed","template":"","meta":{"footnotes":""},"class_list":["post-34","page","type-page","status-publish","hentry"],"_links":{"self":[{"href":"https:\/\/angelika-gloeckner.de\/index.php?rest_route=\/wp\/v2\/pages\/34","targetHints":{"allow":["GET"]}}],"collection":[{"href":"https:\/\/angelika-gloeckner.de\/index.php?rest_route=\/wp\/v2\/pages"}],"about":[{"href":"https:\/\/angelika-gloeckner.de\/index.php?rest_route=\/wp\/v2\/types\/page"}],"author":[{"embeddable":true,"href":"https:\/\/angelika-gloeckner.de\/index.php?rest_route=\/wp\/v2\/users\/1"}],"replies":[{"embeddable":true,"href":"https:\/\/angelika-gloeckner.de\/index.php?rest_route=%2Fwp%2Fv2%2Fcomments&post=34"}],"version-history":[{"count":11,"href":"https:\/\/angelika-gloeckner.de\/index.php?rest_route=\/wp\/v2\/pages\/34\/revisions"}],"predecessor-version":[{"id":1058,"href":"https:\/\/angelika-gloeckner.de\/index.php?rest_route=\/wp\/v2\/pages\/34\/revisions\/1058"}],"up":[{"embeddable":true,"href":"https:\/\/angelika-gloeckner.de\/index.php?rest_route=\/wp\/v2\/pages\/30"}],"wp:attachment":[{"href":"https:\/\/angelika-gloeckner.de\/index.php?rest_route=%2Fwp%2Fv2%2Fmedia&parent=34"}],"curies":[{"name":"wp","href":"https:\/\/api.w.org\/{rel}","templated":true}]}}