{"id":37,"date":"2016-08-29T10:55:12","date_gmt":"2016-08-29T08:55:12","guid":{"rendered":"http:\/\/angelika-gloeckner.de\/?page_id=37"},"modified":"2019-03-01T08:58:57","modified_gmt":"2019-03-01T07:58:57","slug":"seminarzentrum-und-praxis","status":"publish","type":"page","link":"https:\/\/angelika-gloeckner.de\/?page_id=37","title":{"rendered":"Seminarzentrum und Praxis"},"content":{"rendered":"<h1>Seminarzentrum in Bammental<\/h1>\n<p>Seminarzentrum<br \/>\nf\u00fcr Pers\u00f6nlichkeitsentfaltung<br \/>\nund Professionelle Entwicklung<br \/>\nFabrikstra\u00dfe 10<br \/>\n<strong>69245 Bammental bei Heidelberg<\/strong><\/p>\n<p>&nbsp;<\/p>\n<p><strong>06223\/ 97 07 68<\/strong> (ohne AB, nur zu den Seminarzeiten besetzt)<\/p>\n<p><a href=\"https:\/\/angelika-gloeckner.de\/?page_id=43\">Unterk\u00fcnfte<\/a> finden Sie hier!<\/p>\n<p>Das Seminarzentrum befindet sich in Bammental bei Heidelberg. Ca. 16 km<br \/>\n(Fahrzeit 15 \u2013 20 Minuten) von Heidelberg entfernt liegt das kleine St\u00e4dtchen\u00a0 idyllisch zwischen Odenwald und Kraichgau \u2013 umgeben von W\u00e4ldern und Wiesen. Es gibt in der n\u00e4heren Umgebung sch\u00f6ne Wanderwege und Ausflugsm\u00f6glichkeiten.<\/p>\n<p>Das Zentrum selbst liegt in Bammental-Reilsheim in h\u00fcbscher Lage, neben dem Gasthaus \u201eSonne\u201c. Das Haus steht ein wenig nach hinten versetzt. Eingang durch den Torbogen. Bammental liegt in l\u00e4ndlicher Umgebung, Pensionen vor Ort sind in der Regel einfach, daf\u00fcr aber preiswert.<\/p>\n<p>Mit dem <strong>Auto<\/strong> fahren Sie am besten:<\/p>\n<p>Aus Richtung <strong>Norden<\/strong> kommend Autobahn A5, Ausfahrt Heidelberg, entlang dem Neckar bis Neckargem\u00fcnd, hier rechts Richtung Sinsheim weiterfahren (B 45), nach ca. 3 km biegen Sie nach rechts Richtung Bammental ab (an der 1. Ampel). Geradeaus ca. 2 km \u00fcber die Elsensbr\u00fccke, danach gleich am B\u00e4ckerladen (mit Telefonzelle) links und gleich wieder links (ca. 80 m).<\/p>\n<p>Aus Richtung <strong>S\u00fcden bzw. Osten<\/strong> \u00fcber die Autobahn A 6, Ausfahrt Sinsheim, weiter B 45 Richtung Neckargem\u00fcnd. Ca. 3 km nach dem Ort Mauer Abzweigung links nach Bammental beachten (Ampel). Dann weiter siehe oben.<\/p>\n<p>Mit dem <strong>Zug<\/strong> gibt es ab Heidelberg und Mannheim eine st\u00fcndliche Verbindung Richtung Meckesheim. Falls Sie direkt in die Fabrikstra\u00dfe m\u00f6chten, steigen Sie in Bammental bitte bei der<strong>Haltestelle \u201eReilsheim\u201c<\/strong> aus. Vorsicht: nicht alle Z\u00fcge halten im Ortsteil Reilsheim.<\/p>\n<p>Bitte nicht in unmittelbarer N\u00e4he meines Zentrums parken (Anwohnerparkpl\u00e4tze), sondern in den umliegenden Strassen. Auf keinen Fall in der Fabrikstra\u00dfe selbst \u2013 Danke!<\/p>\n","protected":false},"excerpt":{"rendered":"<p>Seminarzentrum in Bammental Seminarzentrum f\u00fcr Pers\u00f6nlichkeitsentfaltung und Professionelle Entwicklung Fabrikstra\u00dfe 10 69245 Bammental bei Heidelberg &nbsp; 06223\/ 97 07 68 (ohne AB, nur zu den Seminarzeiten besetzt) Unterk\u00fcnfte finden Sie hier! Das Seminarzentrum befindet sich in Bammental bei Heidelberg. Ca. 16 km (Fahrzeit 15 \u2013 20 Minuten) von Heidelberg entfernt liegt das kleine St\u00e4dtchen\u00a0 idyllisch &hellip; <a href=\"https:\/\/angelika-gloeckner.de\/?page_id=37\" class=\"more-link\"><span class=\"screen-reader-text\">Seminarzentrum und Praxis<\/span> weiterlesen <span class=\"meta-nav\">&rarr;<\/span><\/a><\/p>\n","protected":false},"author":1,"featured_media":0,"parent":34,"menu_order":1,"comment_status":"closed","ping_status":"closed","template":"","meta":{"footnotes":""},"class_list":["post-37","page","type-page","status-publish","hentry"],"_links":{"self":[{"href":"https:\/\/angelika-gloeckner.de\/index.php?rest_route=\/wp\/v2\/pages\/37","targetHints":{"allow":["GET"]}}],"collection":[{"href":"https:\/\/angelika-gloeckner.de\/index.php?rest_route=\/wp\/v2\/pages"}],"about":[{"href":"https:\/\/angelika-gloeckner.de\/index.php?rest_route=\/wp\/v2\/types\/page"}],"author":[{"embeddable":true,"href":"https:\/\/angelika-gloeckner.de\/index.php?rest_route=\/wp\/v2\/users\/1"}],"replies":[{"embeddable":true,"href":"https:\/\/angelika-gloeckner.de\/index.php?rest_route=%2Fwp%2Fv2%2Fcomments&post=37"}],"version-history":[{"count":3,"href":"https:\/\/angelika-gloeckner.de\/index.php?rest_route=\/wp\/v2\/pages\/37\/revisions"}],"predecessor-version":[{"id":495,"href":"https:\/\/angelika-gloeckner.de\/index.php?rest_route=\/wp\/v2\/pages\/37\/revisions\/495"}],"up":[{"embeddable":true,"href":"https:\/\/angelika-gloeckner.de\/index.php?rest_route=\/wp\/v2\/pages\/34"}],"wp:attachment":[{"href":"https:\/\/angelika-gloeckner.de\/index.php?rest_route=%2Fwp%2Fv2%2Fmedia&parent=37"}],"curies":[{"name":"wp","href":"https:\/\/api.w.org\/{rel}","templated":true}]}}