{"id":39,"date":"2016-08-29T10:56:15","date_gmt":"2016-08-29T08:56:15","guid":{"rendered":"http:\/\/angelika-gloeckner.de\/?page_id=39"},"modified":"2026-03-24T12:00:46","modified_gmt":"2026-03-24T11:00:46","slug":"allgemeines","status":"publish","type":"page","link":"https:\/\/angelika-gloeckner.de\/?page_id=39","title":{"rendered":"Empfehlungen"},"content":{"rendered":"<h2>Empfehlungen und Links<\/h2>\n<p>&nbsp;<\/p>\n<h3 dir=\"auto\"><b>Adams,\u00a0<\/b><b>Dipl. Psych. Catrin\u00a0<\/b><\/h3>\n<p dir=\"auto\">Psychologische Psychotherapeutin<\/p>\n<p dir=\"auto\">Praxis f\u00fcr Systemische Psychotherapie I Coaching I Supervision<\/p>\n<p dir=\"auto\">\u00a060489 Frankfurt am Main<\/p>\n<p dir=\"auto\">Josef-May-Stra\u00dfe 5, Hinterhaus<\/p>\n<p dir=\"auto\">Telefon\u00a0 \u00a0 0151 57351767<\/p>\n<p dir=\"auto\"><a class=\"moz-txt-link-freetext\" href=\"mailto:systemischepraxis.adams@t-online.de\" data-linkindex=\"0\">systemischepraxis.adams@t-online.de<\/a><\/p>\n<p dir=\"auto\"><a class=\"moz-txt-link-freetext\" href=\"https:\/\/www.catrin-adams.com\/\" data-linkindex=\"1\">https:\/\/www.catrin-adams.com\/<\/a><\/p>\n<h3><\/h3>\n<p>&nbsp;<\/p>\n<h3>Heinrichs, Wolfgang<\/h3>\n<p>Coach und Mentor f\u00fcr F\u00fchrungskr\u00e4fte, 25j\u00e4hrige Erfahrung als Gesch\u00e4ftsf\u00fchrer, Vorstandsmitglied und Leiter eines konzernweiten Transformationsprogrammes in anspruchsvollen Umfeldern, Diplom-Wirtschaftsingenieur, Ausbildung am Institut f\u00fcr systemische Beratung (isb GmbH) in Wiesloch.<\/p>\n<p>+49 160 974 30333<\/p>\n<p><a href=\"mailto:mail@wolfgangheinrichs.de\">mail@wolfgangheinrichs.de<\/a><\/p>\n<p><a href=\"http:\/\/www.wolfgangheinrichs.de\u201c\">www.wolfgangheinrichs.de<br \/>\n<\/a><\/p>\n<p>&nbsp;<\/p>\n<h3><span class=\"\">Frohme, Gabriele<\/span><\/h3>\n<p><span style=\"color: #000000;\">Wuppertaler Institut f\u00fcr Transaktionsanalyse<br class=\"\" \/>Psychologische Psychotherapeutin<\/span><\/p>\n<div class=\"\"><span style=\"font-size: medium;\">Lehrende Transaktionsanalytikerin f\u00fcr Psychotherapie &amp; Beratung (TSTA)<\/span><\/div>\n<div class=\"\"><span style=\"font-size: medium;\">Heilpraktikerin<\/span><\/div>\n<div class=\"\"><span style=\"font-size: medium;\">Lehrsupervisorin und Lehrcoach der European Association for Supervision &amp; Coaching<\/span><\/div>\n<p><span style=\"font-size: medium;\">Buchautorin<br \/>\n<\/span><span style=\"color: #007600;\"><a class=\"\" href=\"mailto:frohme@ta-wuppertal.de\">email: frohme@ta-wuppertal.de<\/a><br class=\"\" \/><a class=\"moz-txt-link-abbreviated\" href=\"http:\/\/www.ta-wuppertal.de\">www.ta-wuppertal.de<br \/>\n<\/a><\/span><\/p>\n<p>&nbsp;<\/p>\n<h3>Gordon, Jeff<\/h3>\n<p>Unser Schwerpunkt ist die Bonding-Psychotherapie nach Dr. Daniel Casriel. Diese Arbeit zielt auf die F\u00f6rderung der Bindungsf\u00e4higkeit und Lebendigkeit des Menschen.<\/p>\n<p>Telefon: +49 (0)7261-61523<br \/>\nTelefax: +49 (0)7261-12650<br \/>\nE-Mail: <a href=\"mailto:jeffgordon@zentrumimkraichgau.de\">\u00a0<\/a> <a href=\"mailto:info@zentrumimkraichgau.de\">info@zentrumimkraichgau.de<\/a><br \/>\nInternet: <a href=\"http:\/\/www.zentrumimkraichgau.de\/\">www.zentrumimkraichgau.de<br \/>\n<\/a><\/p>\n<p>&nbsp;<\/p>\n<h3>Hager, Renate<\/h3>\n<p>Renate Hager\u00a0ist Dipl.-Psychologin, Psychologische Psychotherapeutin und Supervisorin<br \/>\nLudwig-Hofer-Str. 10; 70192 Stuttgart; 0711\/2579853;<br \/>\n<a href=\"mailto:renate.hager@gmx.de\">renate.hager@gmx.de<br \/>\n<\/a><\/p>\n<p>&nbsp;<\/p>\n<h3>Mahinova, Elena<\/h3>\n<p>Elena Mahinova ist Wirtschaftspsychologin, systemischer Coach und Expertin f\u00fcr<\/p>\n<p>Human Resources Management. Sie unterst\u00fctzt Menschen und Organisationen bei der Identifikation und Entwicklung von Potenzialen (europaweit, auch online).<\/p>\n<p><i><\/i><u><a id=\"OWA79269bf4-9e00-94d2-5899-149c797de926\" class=\"OWAAutoLink\" href=\"http:\/\/www.enova-hr.de\/\">www.enova-hr.de<\/a><\/u>, <u><a id=\"OWAfd5d2d74-5323-6a81-8006-fd8001e4fe47\" class=\"OWAAutoLink moz-txt-link-freetext\" href=\"mailto:consulting@enova-hr.de\">consulting@enova-hr.de<\/a><\/u>, +49 160 92464204<\/p>\n<h3><\/h3>\n<p>&nbsp;<\/p>\n<h3>Merz, Anna Maria<\/h3>\n<p>Berufsp\u00e4dagogin, 66 Jahre alt, Expertin f\u00fcr transaktionsanalytische Konzepte. Mit \u00fcber 30 Jahren Erfahrung in der menschlichen Kommunikation bietet sie Beratung bei Alltagsschwierigkeiten, Krisensituationen und psychischen Belastungen. Der Schwerpunkt ihrer Arbeit liegt auf der F\u00f6rderung eines ausgewogenen emotionalen \u201eHaushalts\u201c.\u00a0 Beratungen sind auch in italienischer Sprache m\u00f6glich.<br \/>\n68775 Ketsch; +49 179 7626246; <a href=\"mailto:beratungmerz@gmx.de\">beratungmerz@gmx.de<\/a><\/p>\n<h3><\/h3>\n<p>&nbsp;<\/p>\n<h3><strong>Lipsett, <\/strong><strong>Dr. Dr. Peter R.<\/strong><\/h3>\n<p>Begr\u00fcnder und Leiter der Frankfurter Schule f\u00fcr Meditation und<\/p>\n<p>Kontemplation Frankfurt e.V., Religionsphilosoph, Berater in personenzentrierter Psychotherapie, Kontemplationslehrer.<br \/>\nSchwerpunkte: Transkonfessionelle christliche Mystik;<br \/>\n069 \/ 789 50 30<br \/>\n<a class=\"moz-txt-link-freetext\" href=\"http:\/\/kontemplation-frankfurt.de\/\">http:\/\/kontemplation-frankfurt.de\/<\/a> <a class=\"moz-txt-link-abbreviated\" href=\"mailto:drlipsett@aol.com\">drlipsett@aol.com<\/a><\/p>\n<h3><\/h3>\n<p>&nbsp;<\/p>\n<h3>Schmid, Dr. Bernd<\/h3>\n<div class=\"elementToProof ContentPasted0\">Bernd Schmid ist Gr\u00fcnder des Instituts f\u00fcr systemische Beratung (isb GmbH) in Wiesloch, das als Fachinstitut Curricula in den Bereichen systemische Beratung, systemisches Coaching, systemische Organisationsentwicklung sowie systemische Personal- und Lernkultur anbietet.<\/div>\n<div class=\"elementToProof ContentPasted0\"><a class=\"moz-txt-link-abbreviated\" href=\"http:\/\/www.isb-w.eu\">www.isb-w.eu<\/a>, Schlosshof 3; 69168 Wiesloch; 06222-81880;<\/div>\n<div class=\"elementToProof ContentPasted0\">E-Mail: <a class=\"moz-txt-link-abbreviated\" href=\"mailto:info@isb-w.eu\">info@isb-w.eu<\/a><\/div>\n<p>&nbsp;<\/p>\n<p>&nbsp;<\/p>\n","protected":false},"excerpt":{"rendered":"<p>Empfehlungen und Links &nbsp; Adams,\u00a0Dipl. Psych. Catrin\u00a0 Psychologische Psychotherapeutin Praxis f\u00fcr Systemische Psychotherapie I Coaching I Supervision \u00a060489 Frankfurt am Main Josef-May-Stra\u00dfe 5, Hinterhaus Telefon\u00a0 \u00a0 0151 57351767 systemischepraxis.adams@t-online.de https:\/\/www.catrin-adams.com\/ &nbsp; Heinrichs, Wolfgang Coach und Mentor f\u00fcr F\u00fchrungskr\u00e4fte, 25j\u00e4hrige Erfahrung als Gesch\u00e4ftsf\u00fchrer, Vorstandsmitglied und Leiter eines konzernweiten Transformationsprogrammes in anspruchsvollen Umfeldern, Diplom-Wirtschaftsingenieur, Ausbildung am Institut &hellip; <a href=\"https:\/\/angelika-gloeckner.de\/?page_id=39\" class=\"more-link\"><span class=\"screen-reader-text\">Empfehlungen<\/span> weiterlesen <span class=\"meta-nav\">&rarr;<\/span><\/a><\/p>\n","protected":false},"author":1,"featured_media":0,"parent":0,"menu_order":4,"comment_status":"closed","ping_status":"closed","template":"","meta":{"footnotes":""},"class_list":["post-39","page","type-page","status-publish","hentry"],"_links":{"self":[{"href":"https:\/\/angelika-gloeckner.de\/index.php?rest_route=\/wp\/v2\/pages\/39","targetHints":{"allow":["GET"]}}],"collection":[{"href":"https:\/\/angelika-gloeckner.de\/index.php?rest_route=\/wp\/v2\/pages"}],"about":[{"href":"https:\/\/angelika-gloeckner.de\/index.php?rest_route=\/wp\/v2\/types\/page"}],"author":[{"embeddable":true,"href":"https:\/\/angelika-gloeckner.de\/index.php?rest_route=\/wp\/v2\/users\/1"}],"replies":[{"embeddable":true,"href":"https:\/\/angelika-gloeckner.de\/index.php?rest_route=%2Fwp%2Fv2%2Fcomments&post=39"}],"version-history":[{"count":51,"href":"https:\/\/angelika-gloeckner.de\/index.php?rest_route=\/wp\/v2\/pages\/39\/revisions"}],"predecessor-version":[{"id":1241,"href":"https:\/\/angelika-gloeckner.de\/index.php?rest_route=\/wp\/v2\/pages\/39\/revisions\/1241"}],"wp:attachment":[{"href":"https:\/\/angelika-gloeckner.de\/index.php?rest_route=%2Fwp%2Fv2%2Fmedia&parent=39"}],"curies":[{"name":"wp","href":"https:\/\/api.w.org\/{rel}","templated":true}]}}