{"id":4,"date":"2016-08-29T09:55:32","date_gmt":"2016-08-29T07:55:32","guid":{"rendered":"http:\/\/angelika-gloeckner.de\/?page_id=4"},"modified":"2022-03-08T09:08:35","modified_gmt":"2022-03-08T08:08:35","slug":"startseite","status":"publish","type":"page","link":"https:\/\/angelika-gloeckner.de\/","title":{"rendered":"Startseite"},"content":{"rendered":"<div id=\"upper_content\">\n<table class=\"contentpaneopen\">\n<tbody>\n<tr>\n<td valign=\"top\">\n<h2 align=\"center\">Institut f\u00fcr<\/h2>\n<p>&nbsp;<\/p>\n<h5 align=\"center\">Weiterbildung und Psychotherapie,<\/h5>\n<h5 align=\"center\">Pers\u00f6nlichkeitsentfaltung und spirituelle Entwicklung,<\/h5>\n<h5 align=\"center\">Selbsterfahrung inklusive Familienaufstellungen und andere Systeme<\/h5>\n<h5 align=\"center\">Therapie * Beratung * Coaching<\/h5>\n<h5 align=\"center\">in Bammental Reilsheim bei\u00a0Heidelberg<\/h5>\n<p>&nbsp;<\/p>\n<p>&nbsp;<\/p>\n<h2 align=\"center\">Literatur<\/h2>\n<h6 style=\"text-align: center;\"><a href=\"http:\/\/angelika-gloeckner.de\/?page_id=127\">Direkt hier bestellen<\/a><\/h6>\n<p>&nbsp;<\/p>\n<p>&nbsp;<\/p>\n<table border=\"0\">\n<colgroup>\n<col width=\"30%\" \/>\n<col width=\"70%\" \/><\/colgroup>\n<tbody>\n<tr>\n<td><img loading=\"lazy\" decoding=\"async\" src=\"https:\/\/angelika-gloeckner.de\/images\/stories\/Content\/ikdnd.jpg\" alt=\"\" width=\"154\" height=\"221\" align=\"middle\" border=\"0\" \/><\/td>\n<td>\n<h3>&#8222;Ich kann doch nichts daf\u00fcr&#8230;&#8220;<\/h3>\n<p>&nbsp;<\/p>\n<p>(vorher: &#8222;Frei von falschen Schuldgef\u00fchlen&#8230;&#8220;)<\/p>\n<p>Der Umgang mit pers\u00f6nlichem Schulderleben<br \/>\nFalsche Schuldgef\u00fchle geh\u00f6ren zu den hartn\u00e4ckigsten Boykotteuren des menschlichen Gl\u00fccks. Wann reden wir uns Schuld ein? Wann f\u00fchlen wir uns zu Recht schuldig und m\u00fcssen die Verantwortung f\u00fcr Fehlverhalten \u00fcbernehmen? Mit diesem Werk wird der Blick f\u00fcr sinnvolle Unterscheidungen ge\u00f6ffnet und Wege aus der Sackgasse &#8222;falscher&#8220; Schuldgef\u00fchle gezeigt.<\/p>\n<p>Ein Buch, das\u00a0authentischem Leben f\u00f6rderlich ist.<\/p>\n<p>Dieses Buch ist\u00a0als Neuauflage verf\u00fcgbar.<\/p>\n<p>&nbsp;<\/p>\n<p>&nbsp;<\/p>\n<p>&nbsp;<\/td>\n<\/tr>\n<tr>\n<td><img loading=\"lazy\" decoding=\"async\" src=\"https:\/\/angelika-gloeckner.de\/images\/stories\/Content\/LVLM_neu.jpg\" alt=\"\" width=\"154\" height=\"241\" align=\"middle\" border=\"0\" \/><\/td>\n<td>\n<h3>Lieber Vater, liebe Mutter<\/h3>\n<h5><span style=\"color: #ff0000;\"><strong>&#8211; momentan vergriffen &#8211; bitte schauen Sie in Antiquariaten.<br \/>\nDas Buch ist auch als e-Book erh\u00e4ltlich.\u00a0<\/strong> <\/span><\/h5>\n<p>Kindheit kann Schatten werfen \u2013 und das Leben auch von Erwachsenen eintr\u00fcben und verst\u00f6ren, weil viele mit den eigenen Eltern\u00a0 im Unfrieden sind. Dieses Buch zeigt \u00fcberraschende, von jedem gehbare Wege zur Heilung.<br \/>\n\u201eWer anf\u00e4ngt, dieses Buch zu lesen, den l\u00e4sst es nicht mehr los. Angelika Gl\u00f6ckners Sprache f\u00fchrt in die Tiefe, er\u00f6ffnet einen neuen Zugang zu sich selbst und vers\u00f6hnt mit der eigenen Geschichte. Ein wahrhaft heilsames Buch!\u201c (Dr. Hans Jellouschek)<\/p>\n<p>Dieses Buch ist im Herder Verlag als Neuauflage erschienen.<\/p>\n<p>ISBN: 987-3451060052<\/td>\n<\/tr>\n<\/tbody>\n<\/table>\n<\/td>\n<\/tr>\n<\/tbody>\n<\/table>\n<\/div>\n","protected":false},"excerpt":{"rendered":"<p>Institut f\u00fcr &nbsp; Weiterbildung und Psychotherapie, Pers\u00f6nlichkeitsentfaltung und spirituelle Entwicklung, Selbsterfahrung inklusive Familienaufstellungen und andere Systeme Therapie * Beratung * Coaching in Bammental Reilsheim bei\u00a0Heidelberg &nbsp; &nbsp; Literatur Direkt hier bestellen &nbsp; &nbsp; &#8222;Ich kann doch nichts daf\u00fcr&#8230;&#8220; &nbsp; (vorher: &#8222;Frei von falschen Schuldgef\u00fchlen&#8230;&#8220;) Der Umgang mit pers\u00f6nlichem Schulderleben Falsche Schuldgef\u00fchle geh\u00f6ren zu den hartn\u00e4ckigsten &hellip; <a href=\"https:\/\/angelika-gloeckner.de\/\" class=\"more-link\"><span class=\"screen-reader-text\">Startseite<\/span> weiterlesen <span class=\"meta-nav\">&rarr;<\/span><\/a><\/p>\n","protected":false},"author":1,"featured_media":0,"parent":0,"menu_order":0,"comment_status":"closed","ping_status":"closed","template":"","meta":{"footnotes":""},"class_list":["post-4","page","type-page","status-publish","hentry"],"_links":{"self":[{"href":"https:\/\/angelika-gloeckner.de\/index.php?rest_route=\/wp\/v2\/pages\/4","targetHints":{"allow":["GET"]}}],"collection":[{"href":"https:\/\/angelika-gloeckner.de\/index.php?rest_route=\/wp\/v2\/pages"}],"about":[{"href":"https:\/\/angelika-gloeckner.de\/index.php?rest_route=\/wp\/v2\/types\/page"}],"author":[{"embeddable":true,"href":"https:\/\/angelika-gloeckner.de\/index.php?rest_route=\/wp\/v2\/users\/1"}],"replies":[{"embeddable":true,"href":"https:\/\/angelika-gloeckner.de\/index.php?rest_route=%2Fwp%2Fv2%2Fcomments&post=4"}],"version-history":[{"count":18,"href":"https:\/\/angelika-gloeckner.de\/index.php?rest_route=\/wp\/v2\/pages\/4\/revisions"}],"predecessor-version":[{"id":751,"href":"https:\/\/angelika-gloeckner.de\/index.php?rest_route=\/wp\/v2\/pages\/4\/revisions\/751"}],"wp:attachment":[{"href":"https:\/\/angelika-gloeckner.de\/index.php?rest_route=%2Fwp%2Fv2%2Fmedia&parent=4"}],"curies":[{"name":"wp","href":"https:\/\/api.w.org\/{rel}","templated":true}]}}