{"id":43,"date":"2016-08-29T10:56:36","date_gmt":"2016-08-29T08:56:36","guid":{"rendered":"http:\/\/angelika-gloeckner.de\/?page_id=43"},"modified":"2026-04-15T14:41:25","modified_gmt":"2026-04-15T12:41:25","slug":"downloads","status":"publish","type":"page","link":"https:\/\/angelika-gloeckner.de\/?page_id=43","title":{"rendered":"Downloads"},"content":{"rendered":"<h6>Downloads<\/h6>\n<p>&nbsp;<\/p>\n<p>Hier bieten wir Ihnen verschiedene Schriften und Dokumente\u00a0zum Lesen und Downloaden an. Auch f\u00fcr die Weiterbildungskandidaten oder -interessierte der Transaktionsanalyse kann das ein oder andere an Darstellung interessant sein.<\/p>\n<p>&nbsp;<\/p>\n<table width=\"388\">\n<tbody>\n<tr>\n<td width=\"388\"><a href=\"https:\/\/angelika-gloeckner.de\/wp-content\/uploads\/2019\/11\/Ambivalenz-Konflikt-Engpass-Zwickm%C3%BChle-Doublebind-ISBW-2013.pdf\">Ambivalenz-Konflikt-Engpass-Zwickm\u00fchle<\/a><\/td>\n<\/tr>\n<tr>\n<td><a href=\"https:\/\/angelika-gloeckner.de\/wp-content\/uploads\/2019\/11\/Anleitung-SV-Bericht-AG.pdf\">Anleitung Supervisionsbericht<\/a><\/td>\n<\/tr>\n<tr>\n<td><a href=\"https:\/\/angelika-gloeckner.de\/images\/stories\/Anmeldeformular_fr_Stand_bys.pdf\">Anmeldeformular f\u00fcr Stand-bys<\/a><\/td>\n<\/tr>\n<tr>\n<td><a href=\"https:\/\/angelika-gloeckner.de\/images\/stories\/Bezugsrahmen_2011.pdf\">Bezugsrahmen<\/a><\/td>\n<\/tr>\n<tr>\n<td><a href=\"https:\/\/angelika-gloeckner.de\/images\/stories\/Das_Energiekonzept_von_Berne-_AG.pdf\">Das Energiekonzept von Berne-AG<\/a><\/td>\n<\/tr>\n<tr>\n<td><a href=\"https:\/\/angelika-gloeckner.de\/images\/stories\/Das_Menschenbild_in_der_TA.pdf\">Das Menschenbild in der TA<\/a><\/td>\n<\/tr>\n<tr>\n<td><a href=\"https:\/\/angelika-gloeckner.de\/images\/stories\/Das_persnliche_Schuldgefhl_-_Bad_Herrenalb.pdf\">Das pers\u00f6nliche Schuldgef\u00fchl<\/a><\/td>\n<\/tr>\n<tr>\n<td><a href=\"https:\/\/angelika-gloeckner.de\/wp-content\/uploads\/2016\/08\/EATA-Pruefungshandbuch_2020.pdf\">EATA-Pruefungshandbuch_2020<\/a><\/td>\n<\/tr>\n<tr>\n<td><a href=\"https:\/\/angelika-gloeckner.de\/images\/stories\/PDF\/Entrbung_-_wie_geht_denn_das_Mrz_2011.pdf\">Entr\u00fcbung-wie geht denn das?<\/a><\/td>\n<\/tr>\n<tr>\n<td><a href=\"https:\/\/angelika-gloeckner.de\/wp-content\/uploads\/2020\/11\/Ethik-in-der-TA.pdf\">Ethik in der TA<\/a><\/td>\n<\/tr>\n<tr>\n<td><a href=\"https:\/\/angelika-gloeckner.de\/images\/stories\/Gefhle_03-11.pdf\">Gef\u00fchle<\/a><\/td>\n<\/tr>\n<tr>\n<td><a href=\"https:\/\/angelika-gloeckner.de\/wp-content\/uploads\/2019\/11\/Gestaltung_Examensb%C3%A4nder_2019.pdf\">Gestaltung von Examensb\u00e4ndern<\/a><\/td>\n<\/tr>\n<tr>\n<td><a href=\"https:\/\/angelika-gloeckner.de\/images\/stories\/Grundeinstellungen_Mrz_2011.pdf\">Grundeinstellungen in der TA<\/a><\/p>\n<p><a href=\"https:\/\/angelika-gloeckner.de\/wp-content\/uploads\/2024\/05\/Neueste-Version-Tafeln-Grundkonzepte-der-Transaktionsanalyse-04-24-TA-101-5.pdf\">Grundkonzepte der TA &#8211; Lerntafeln zum 101<\/a><\/td>\n<\/tr>\n<tr>\n<td><a href=\"https:\/\/angelika-gloeckner.de\/images\/stories\/Handbuch_Praxiskkompetenz_Basiszertifikat.pdf\">Handbuch Praxiskkompetenz (Basiszertifikat).pdf<\/a><\/td>\n<\/tr>\n<tr>\n<td><a href=\"https:\/\/angelika-gloeckner.de\/images\/stories\/Ich-Zustandsmodelle_AG_2011.pdf\">Ich-Zustandsmodelle<\/a><\/td>\n<\/tr>\n<tr>\n<td><a href=\"https:\/\/angelika-gloeckner.de\/wp-content\/uploads\/2016\/08\/Interventionstechniken-kurze-%C3%9Cbersicht_HG.pdf\">Interventionstechniken kurze \u00dcbersicht<\/a><\/td>\n<\/tr>\n<tr>\n<td><a href=\"https:\/\/angelika-gloeckner.de\/wp-content\/uploads\/2016\/08\/Interventionstechniken-A3_HG.pdf\">Interventionstechniken-A3<\/a><\/td>\n<\/tr>\n<tr>\n<td><a href=\"https:\/\/angelika-gloeckner.de\/wp-content\/uploads\/2023\/06\/Lacher-von-Angelika-Gl\u00f6ckner.pdf\">Lacher von Angelika Gl\u00f6ckner<\/a><\/td>\n<\/tr>\n<tr>\n<td><a href=\"https:\/\/angelika-gloeckner.de\/wp-content\/uploads\/2023\/06\/Lacher-von-Dr.-Katharina-Gnirke.pdf\">Lacher von Dr. Katharina Gnirke<\/a><\/td>\n<\/tr>\n<tr>\n<td><a href=\"https:\/\/angelika-gloeckner.de\/wp-content\/uploads\/2019\/04\/Orientierungshilfe-TA-Gl%C3%B6ckner-2019.pdf\">Orientierungshilfe TA-Gl\u00f6ckner 2019<\/a><\/td>\n<\/tr>\n<tr>\n<td><a href=\"https:\/\/angelika-gloeckner.de\/images\/stories\/PDF\/Professionelle_Selbstdarstellung_AG_10-2010.pdf\">Professionelle Selbstdarstellung (Anleitung)<\/a><\/td>\n<\/tr>\n<tr>\n<td><a href=\"https:\/\/angelika-gloeckner.de\/images\/stories\/Rackets_2012.pdf\">Rackets<\/a><\/td>\n<\/tr>\n<tr>\n<td><a href=\"https:\/\/angelika-gloeckner.de\/wp-content\/uploads\/2024\/04\/Seminarzentrum-2024.pdf\">Seminarzentrum 2024<\/a><\/td>\n<\/tr>\n<tr>\n<td><a href=\"https:\/\/angelika-gloeckner.de\/images\/stories\/Skript_2013.pdf\">Skript<\/a><\/td>\n<\/tr>\n<tr>\n<td><a href=\"https:\/\/angelika-gloeckner.de\/images\/stories\/Spiele.pdf\">Spiele<\/a><\/td>\n<\/tr>\n<tr>\n<td><a href=\"https:\/\/angelika-gloeckner.de\/images\/stories\/Strokes_AG_2011.pdf\">Strokes<\/a><\/td>\n<\/tr>\n<tr>\n<td><a href=\"https:\/\/angelika-gloeckner.de\/wp-content\/uploads\/2016\/08\/Systematisierung-des-Generationsperspektivischen-Gedankengutes.pdf\">Systematisierung des Generationsperspektivischen Gedankengutes<\/a><\/td>\n<\/tr>\n<tr>\n<td><a href=\"https:\/\/angelika-gloeckner.de\/images\/stories\/PDF\/Systemisches_Gedankengut_2013.pdf\">Systemisches Gedankengut \u2013 Grundlagen<\/a><\/td>\n<\/tr>\n<tr>\n<td><a href=\"https:\/\/angelika-gloeckner.de\/images\/stories\/TA-Definitionen_Mrz_2011.pdf\">TA-Definitionen<\/a><\/td>\n<\/tr>\n<tr>\n<td><a href=\"https:\/\/angelika-gloeckner.de\/wp-content\/uploads\/2024\/03\/Themen-der-TA-im-\u00dcberblick.pdf\">TA-Literaturliste<\/a><\/td>\n<\/tr>\n<tr>\n<td><a href=\"https:\/\/angelika-gloeckner.de\/wp-content\/uploads\/2024\/03\/Themen-der-TA-im-\u00dcberblick.pdf\">Themen der TA im \u00dcberblick<\/a><\/td>\n<\/tr>\n<tr>\n<td><a href=\"https:\/\/angelika-gloeckner.de\/wp-content\/uploads\/2016\/08\/Theorie-zu-Aufstellungen-2014.pdf\">Theorie zu Aufstellungen<\/a><\/td>\n<\/tr>\n<tr>\n<td><a href=\"https:\/\/angelika-gloeckner.de\/images\/stories\/Transaktionen_2010.pdf\">Transaktionen<\/a><\/td>\n<\/tr>\n<tr>\n<td><a href=\"https:\/\/angelika-gloeckner.de\/images\/stories\/bung_zu_Strokeprofil.pdf\">\u00dcbung zu Strokeprofil<\/a><\/td>\n<\/tr>\n<tr>\n<td><a href=\"https:\/\/angelika-gloeckner.de\/wp-content\/uploads\/2016\/08\/Untugenden-und-Tugenden-zeitgem%C3%A4%C3%9F.pdf\">Untugenden und Tugenden zeitgem\u00e4\u00df<\/a><\/td>\n<\/tr>\n<tr>\n<td><a href=\"https:\/\/angelika-gloeckner.de\/images\/stories\/Vertrge_in_der_TA.pdf\">Vertr\u00e4ge in der TA<\/a><\/td>\n<\/tr>\n<tr>\n<td>\n<h6><a href=\"https:\/\/angelika-gloeckner.de\/wp-content\/uploads\/2026\/04\/Werdensprozesse_Ueberarbeitung-2026.pdf\">Werdensprozesse_\u00dcberarbeitung 2026<\/a><\/h6>\n<\/td>\n<\/tr>\n<tr>\n<td><a href=\"https:\/\/angelika-gloeckner.de\/images\/stories\/Zeitstruktur_und_Grundbedrfnisse_2010_AG.pdf\">Zeitstruktur und Grundbed\u00fcrfnisse<\/a><\/td>\n<\/tr>\n<tr>\n<td><a href=\"https:\/\/angelika-gloeckner.de\/images\/stories\/Zum_Thema_Heilung.pdf\">Zum Thema Heilung<\/a><\/td>\n<\/tr>\n<tr>\n<td><a href=\"https:\/\/angelika-gloeckner.de\/images\/stories\/Zwickmuehlen_Beispiel_AG_2009.pdf\">Zwickm\u00fchlenbeispiel<\/a><\/td>\n<\/tr>\n<\/tbody>\n<\/table>\n<p><a class=\"jce_file\" title=\"Wegbeschreibungen\" href=\"https:\/\/angelika-gloeckner.de\/images\/stories\/Seminarzentren_2012.pdf\">\u00a0<\/a><a href=\"https:\/\/angelika-gloeckner.de\/wp-content\/uploads\/2023\/05\/Zum-Thema-Entscheidungen-2023.pdf\">Zum Thema Entscheidungen 2023<\/a><\/p>\n<p>&nbsp;<\/p>\n","protected":false},"excerpt":{"rendered":"<p>Downloads &nbsp; Hier bieten wir Ihnen verschiedene Schriften und Dokumente\u00a0zum Lesen und Downloaden an. Auch f\u00fcr die Weiterbildungskandidaten oder -interessierte der Transaktionsanalyse kann das ein oder andere an Darstellung interessant sein. &nbsp; Ambivalenz-Konflikt-Engpass-Zwickm\u00fchle Anleitung Supervisionsbericht Anmeldeformular f\u00fcr Stand-bys Bezugsrahmen Das Energiekonzept von Berne-AG Das Menschenbild in der TA Das pers\u00f6nliche Schuldgef\u00fchl EATA-Pruefungshandbuch_2020 Entr\u00fcbung-wie geht denn &hellip; <a href=\"https:\/\/angelika-gloeckner.de\/?page_id=43\" class=\"more-link\"><span class=\"screen-reader-text\">Downloads<\/span> weiterlesen <span class=\"meta-nav\">&rarr;<\/span><\/a><\/p>\n","protected":false},"author":1,"featured_media":0,"parent":0,"menu_order":6,"comment_status":"closed","ping_status":"closed","template":"","meta":{"footnotes":""},"class_list":["post-43","page","type-page","status-publish","hentry"],"_links":{"self":[{"href":"https:\/\/angelika-gloeckner.de\/index.php?rest_route=\/wp\/v2\/pages\/43","targetHints":{"allow":["GET"]}}],"collection":[{"href":"https:\/\/angelika-gloeckner.de\/index.php?rest_route=\/wp\/v2\/pages"}],"about":[{"href":"https:\/\/angelika-gloeckner.de\/index.php?rest_route=\/wp\/v2\/types\/page"}],"author":[{"embeddable":true,"href":"https:\/\/angelika-gloeckner.de\/index.php?rest_route=\/wp\/v2\/users\/1"}],"replies":[{"embeddable":true,"href":"https:\/\/angelika-gloeckner.de\/index.php?rest_route=%2Fwp%2Fv2%2Fcomments&post=43"}],"version-history":[{"count":55,"href":"https:\/\/angelika-gloeckner.de\/index.php?rest_route=\/wp\/v2\/pages\/43\/revisions"}],"predecessor-version":[{"id":1278,"href":"https:\/\/angelika-gloeckner.de\/index.php?rest_route=\/wp\/v2\/pages\/43\/revisions\/1278"}],"wp:attachment":[{"href":"https:\/\/angelika-gloeckner.de\/index.php?rest_route=%2Fwp%2Fv2%2Fmedia&parent=43"}],"curies":[{"name":"wp","href":"https:\/\/api.w.org\/{rel}","templated":true}]}}