{"id":50,"date":"2016-08-29T10:57:35","date_gmt":"2016-08-29T08:57:35","guid":{"rendered":"http:\/\/angelika-gloeckner.de\/?page_id=50"},"modified":"2016-08-29T10:57:35","modified_gmt":"2016-08-29T08:57:35","slug":"copyright","status":"publish","type":"page","link":"https:\/\/angelika-gloeckner.de\/?page_id=50","title":{"rendered":"Copyright"},"content":{"rendered":"<h1>Copyright<\/h1>\n<div align=\"left\">Die vorliegenden Inhalte sind urheberrechtlich gesch\u00fctzt. Alle Rechte sind vorbehalten. Die Verwendung der Texte und Abbildungen, auch auszugsweise, verst\u00f6\u00dft ohne die schriftliche Zustimmung gegen die Bestimmungen des Urheberrechts und ist damit rechtswidrig. Dies gilt insbesondere auch f\u00fcr alle Verwertungsrechte wie die Vervielf\u00e4ltigung, die \u00dcbersetzung oder die Verwendung in elektronischen Systemen. In den Internet-Auftritten werden eingetragene Warenzeichen, Handelsnamen, Gebrauchsmuster und Logos verwendet. Auch wenn diese in den Internet-Auftritten nicht als solche gekennzeichnet sind, gelten die entsprechenden gesetzlichen Bestimmungen.<\/div>\n","protected":false},"excerpt":{"rendered":"<p>Copyright Die vorliegenden Inhalte sind urheberrechtlich gesch\u00fctzt. Alle Rechte sind vorbehalten. Die Verwendung der Texte und Abbildungen, auch auszugsweise, verst\u00f6\u00dft ohne die schriftliche Zustimmung gegen die Bestimmungen des Urheberrechts und ist damit rechtswidrig. Dies gilt insbesondere auch f\u00fcr alle Verwertungsrechte wie die Vervielf\u00e4ltigung, die \u00dcbersetzung oder die Verwendung in elektronischen Systemen. In den Internet-Auftritten werden &hellip; <a href=\"https:\/\/angelika-gloeckner.de\/?page_id=50\" class=\"more-link\"><span class=\"screen-reader-text\">Copyright<\/span> weiterlesen <span class=\"meta-nav\">&rarr;<\/span><\/a><\/p>\n","protected":false},"author":1,"featured_media":0,"parent":0,"menu_order":0,"comment_status":"closed","ping_status":"closed","template":"","meta":{"footnotes":""},"class_list":["post-50","page","type-page","status-publish","hentry"],"_links":{"self":[{"href":"https:\/\/angelika-gloeckner.de\/index.php?rest_route=\/wp\/v2\/pages\/50","targetHints":{"allow":["GET"]}}],"collection":[{"href":"https:\/\/angelika-gloeckner.de\/index.php?rest_route=\/wp\/v2\/pages"}],"about":[{"href":"https:\/\/angelika-gloeckner.de\/index.php?rest_route=\/wp\/v2\/types\/page"}],"author":[{"embeddable":true,"href":"https:\/\/angelika-gloeckner.de\/index.php?rest_route=\/wp\/v2\/users\/1"}],"replies":[{"embeddable":true,"href":"https:\/\/angelika-gloeckner.de\/index.php?rest_route=%2Fwp%2Fv2%2Fcomments&post=50"}],"version-history":[{"count":1,"href":"https:\/\/angelika-gloeckner.de\/index.php?rest_route=\/wp\/v2\/pages\/50\/revisions"}],"predecessor-version":[{"id":51,"href":"https:\/\/angelika-gloeckner.de\/index.php?rest_route=\/wp\/v2\/pages\/50\/revisions\/51"}],"wp:attachment":[{"href":"https:\/\/angelika-gloeckner.de\/index.php?rest_route=%2Fwp%2Fv2%2Fmedia&parent=50"}],"curies":[{"name":"wp","href":"https:\/\/api.w.org\/{rel}","templated":true}]}}