{"id":52,"date":"2016-08-29T10:57:51","date_gmt":"2016-08-29T08:57:51","guid":{"rendered":"http:\/\/angelika-gloeckner.de\/?page_id=52"},"modified":"2024-10-31T12:52:47","modified_gmt":"2024-10-31T11:52:47","slug":"datenschutz","status":"publish","type":"page","link":"https:\/\/angelika-gloeckner.de\/?page_id=52","title":{"rendered":"Datenschutz"},"content":{"rendered":"<h1>Datenschutz<\/h1>\n<div align=\"left\">\n<h2>Datenschutzerkl\u00e4rung \/ Privacy Statement<\/h2>\n<p>Moderne Informations- und Kommunikationstechnologien spielen eine immer gr\u00f6\u00dfere Rolle bei den Aktivit\u00e4ten von Organisationen. Daher nehmen wir den Schutz Ihrer Privatsph\u00e4re und Ihrer pers\u00f6nlichen Daten, die Sie uns zur Verf\u00fcgung stellen, sehr ernst. Die Beachtung der Bestimmungen des Bundesdatenschutz-Gesetzes ist f\u00fcr uns eine Selbstverst\u00e4ndlichkeit. Nachstehend informieren wir Sie dar\u00fcber, welche Daten wir gegebenenfalls sammeln und wie wir damit umgehen.<\/p>\n<h2>Welche personenbezogenen Daten werden erhoben und verarbeitet?<\/h2>\n<p>Sie k\u00f6nnen unsere Websites besuchen, ohne dass wir irgendwelche personenbezogenen Daten von Ihnen ben\u00f6tigen. Wir erfahren nur den Namen Ihres Internet Service Providers, die Website, von der Sie uns aus besuchen und die Website, die Sie bei uns besuchen. Nur wenn Sie bestimmte Service-Leistungen nutzen, werden pers\u00f6nliche Daten erhoben und verarbeitet. Darauf werden Sie dann im Menu im Einzelnen hingewiesen.<\/p>\n<p><strong>Dauer der Speicherung<\/strong><br \/>\nNach vollst\u00e4ndiger Vertragsabwicklung werden die Daten zun\u00e4chst f\u00fcr die Dauer der Gew\u00e4hrleistungsfrist, danach unter Ber\u00fccksichtigung gesetzlicher, insbesondere steuer- und handelsrechtlicher Aufbewahrungsfristen gespeichert und dann nach Fristablauf gel\u00f6scht, sofern Sie der weitergehenden Verarbeitung und Nutzung nicht zugestimmt haben.<\/p>\n<p><strong>Rechte der betroffenen Person<\/strong><br \/>\nIhnen stehen bei Vorliegen der gesetzlichen Voraussetzungen folgende Rechte nach Art. 15 bis 20 DSGVO zu: Recht auf Auskunft, auf Berichtigung, auf L\u00f6schung, auf Einschr\u00e4nkung der Verarbeitung, auf Daten\u00fcbertragbarkeit.<br \/>\nAu\u00dferdem steht Ihnen nach Art. 21 (1) DSGVO ein Widerspruchsrecht gegen die Verarbeitungen zu, die auf Art. 6 (1) f DSGVO beruhen, sowie gegen die Verarbeitung zum Zwecke von Direktwerbung.<\/p>\n<p>Kontaktieren Sie uns auf Wunsch. Die Kontaktdaten finden Sie in unserem Impressum.<\/p>\n<p><strong>Server-Logfiles<\/strong><br \/>\nSie k\u00f6nnen unsere Webseiten besuchen, ohne Angaben zu Ihrer Person zu machen. Es werden bei jedem Zugriff auf unsere Website Nutzungsdaten durch Ihren Internetbrowser \u00fcbermittelt und in Protokolldaten (Server-Logfiles) gespeichert. Zu diesen gespeicherten Daten geh\u00f6ren z.B. Name der aufgerufenen Seite, Datum und Uhrzeit des Abrufs, \u00fcbertragene Datenmenge und der anfragende Provider. Diese Daten dienen ausschlie\u00dflich der Gew\u00e4hrleistung eines st\u00f6rungsfreien Betriebs unserer Website und zur Verbesserung unseres Angebotes. Eine Zuordnung dieser Daten zu einer bestimmten Person ist nicht m\u00f6glich.<\/p>\n<p><strong>Verwendung der E-Mail-Adresse f\u00fcr die Zusendung von Direktwerbung<\/strong><br \/>\nWir nutzen Ihre E-Mail-Adresse, die wir im Rahmen des Verkaufes\u00a0bzw. Ihrer Anmeldung zu einer\u00a0 Dienstleistung erhalten haben, f\u00fcr die elektronische \u00dcbersendung von Werbung f\u00fcr eigene Waren oder Dienstleistungen, die denen \u00e4hnlich sind, die Sie bereits bei uns erworben haben, soweit Sie dieser Verwendung nicht widersprochen haben. Die Bereitstellung der E-Mail-Adresse ist f\u00fcr den Vertragsschluss erforderlich. Eine Nichtbereitstellung hat zur Folge, dass kein Vertrag geschlossen werden kann. Die Verarbeitung erfolgt auf Grundlage des Art. 6 Abs. 1 lit. f DSGVO aus unserem \u00fcberwiegenden berechtigten Interesse an Direktwerbung.\u00a0<strong><em>Sie k\u00f6nnen dieser Verwendung Ihrer E-Mail-Adresse jederzeit durch Mitteilung an uns widersprechen.<\/em><\/strong>\u00a0<strong><em>Die Kontaktdaten f\u00fcr die Aus\u00fcbung des Widerspruchs finden Sie im Impressum.<\/em><\/strong><\/p>\n<p>&nbsp;<\/p>\n<h2>Cookies<\/h2>\n<p>Unsere Website verwendet Cookies.<\/p>\n<p>Cookies sind kleine Textdateien, die in Ihrem Browser, bzw. auf dem Rechner auf dem Sie den Browser verwenden, gespeichert werden.<\/p>\n<p>Cookies dienen der Verbesserung und Personalisierung der Seitennutzung.<\/p>\n<p>Im Fall dieser Website werden Cookies gespeichert, um festzustellen, ob Sie bereits die Datenschutzerkl\u00e4rung zur Kenntnis genommen haben oder ob Sie das Pop-Up Fenster auf der Startseite in seinem aktuellen Stand bereits gesehen haben.<\/p>\n<p>&nbsp;<\/p>\n<h2>Werden personenbezogene Daten an Dritte weitergegeben?<\/h2>\n<p>Wir werden Ihre personenbezogenen Daten nur insoweit an Dritte weitergeben, wie es zur Erbringung des nachgefragten Service unbedingt erforderlich ist. Dar\u00fcber hinaus werden wir Ihre pers\u00f6nlichen Daten gegen\u00fcber anderen Unternehmen oder Institutionen weder offenlegen, \u00fcberlassen, verkaufen noch anderweitig vermarkten, sofern nicht Ihre ausdr\u00fcckliche Einverst\u00e4ndniserkl\u00e4rung vorliegt. Etwas anderes gilt, wenn wir zu einer Offenlegung und \u00dcbermittlung der Daten gesetzlich oder durch gerichtliches Urteil verpflichtet sind.<\/p>\n<p>&nbsp;<\/p>\n<h2>Sicherheit<\/h2>\n<p>Wir haben technische und organisatorische Ma\u00dfnahmen ergriffen, um die von Ihnen zur Verf\u00fcgung gestellten personenbezogenen Daten vor Verlust, Zerst\u00f6rung, Manipulation und unberechtigtem Zugriff zu sch\u00fctzen. Alle unsere Mitarbeiter und an der Datenverarbeitung beteiligten Dritte sind auf das Bundesdatenschutzgesetz und den vertraulichen Umgang mit personenbezogenen Daten verpflichtet.<\/p>\n<p>Wir behalten uns das Recht vor, diese Erkl\u00e4rung jederzeit zu \u00e4ndern. Sie begr\u00fcndet kein vertragliches oder sonstiges formales Recht gegen\u00fcber oder im Auftrag einer Partei.<\/p>\n<\/div>\n<h2>SSL-Verschl\u00fcsselung<\/h2>\n<p>Um die Sicherheit Ihrer Daten bei der \u00dcbertragung zu sch\u00fctzen, verwenden wir dem aktuellen Stand der Technik entsprechende Verschl\u00fcsselungsverfahren (z. B. SSL) \u00fcber HTTPS.<\/p>\n<p>&nbsp;<\/p>\n<h2>Kontaktformular<\/h2>\n<p>Treten Sie per E-Mail oder Kontaktformular mit uns in Kontakt, werden die von Ihnen gemachten Angaben zum Zwecke der Bearbeitung der Anfrage sowie f\u00fcr m\u00f6gliche Anschlussfragen gespeichert.<\/p>\n<h3>Google ReCaptcha<\/h3>\n<p>Zur Erkennung von Bots und Schadsoftware bei der Eingabe in unseren Onlineformularen, binden wir die Funktion &#8222;ReCaptcha&#8220; des Anbieters Google auf unserer Seite ein. (Google LLC, 1600 Amphitheatre Parkway, Mountain View, CA 94043, USA).<\/p>\n<p>Datenschutzerkl\u00e4rung:\u00a0<a href=\"https:\/\/www.google.com\/policies\/privacy\/\" target=\"_blank\" rel=\"nofollow\">https:\/\/<wbr \/>www.google.com\/policies\/<wbr \/>privacy\/<\/a><\/p>\n","protected":false},"excerpt":{"rendered":"<p>Datenschutz Datenschutzerkl\u00e4rung \/ Privacy Statement Moderne Informations- und Kommunikationstechnologien spielen eine immer gr\u00f6\u00dfere Rolle bei den Aktivit\u00e4ten von Organisationen. Daher nehmen wir den Schutz Ihrer Privatsph\u00e4re und Ihrer pers\u00f6nlichen Daten, die Sie uns zur Verf\u00fcgung stellen, sehr ernst. Die Beachtung der Bestimmungen des Bundesdatenschutz-Gesetzes ist f\u00fcr uns eine Selbstverst\u00e4ndlichkeit. Nachstehend informieren wir Sie dar\u00fcber, welche &hellip; <a href=\"https:\/\/angelika-gloeckner.de\/?page_id=52\" class=\"more-link\"><span class=\"screen-reader-text\">Datenschutz<\/span> weiterlesen <span class=\"meta-nav\">&rarr;<\/span><\/a><\/p>\n","protected":false},"author":1,"featured_media":0,"parent":0,"menu_order":0,"comment_status":"closed","ping_status":"closed","template":"","meta":{"footnotes":""},"class_list":["post-52","page","type-page","status-publish","hentry"],"_links":{"self":[{"href":"https:\/\/angelika-gloeckner.de\/index.php?rest_route=\/wp\/v2\/pages\/52","targetHints":{"allow":["GET"]}}],"collection":[{"href":"https:\/\/angelika-gloeckner.de\/index.php?rest_route=\/wp\/v2\/pages"}],"about":[{"href":"https:\/\/angelika-gloeckner.de\/index.php?rest_route=\/wp\/v2\/types\/page"}],"author":[{"embeddable":true,"href":"https:\/\/angelika-gloeckner.de\/index.php?rest_route=\/wp\/v2\/users\/1"}],"replies":[{"embeddable":true,"href":"https:\/\/angelika-gloeckner.de\/index.php?rest_route=%2Fwp%2Fv2%2Fcomments&post=52"}],"version-history":[{"count":7,"href":"https:\/\/angelika-gloeckner.de\/index.php?rest_route=\/wp\/v2\/pages\/52\/revisions"}],"predecessor-version":[{"id":1014,"href":"https:\/\/angelika-gloeckner.de\/index.php?rest_route=\/wp\/v2\/pages\/52\/revisions\/1014"}],"wp:attachment":[{"href":"https:\/\/angelika-gloeckner.de\/index.php?rest_route=%2Fwp%2Fv2%2Fmedia&parent=52"}],"curies":[{"name":"wp","href":"https:\/\/api.w.org\/{rel}","templated":true}]}}