{"id":54,"date":"2016-08-29T10:58:06","date_gmt":"2016-08-29T08:58:06","guid":{"rendered":"http:\/\/angelika-gloeckner.de\/?page_id=54"},"modified":"2016-08-29T10:58:06","modified_gmt":"2016-08-29T08:58:06","slug":"disclaimer","status":"publish","type":"page","link":"https:\/\/angelika-gloeckner.de\/?page_id=54","title":{"rendered":"Disclaimer"},"content":{"rendered":"<table class=\"contentpaneopen\">\n<tbody>\n<tr>\n<td valign=\"top\">\n<h1>Disclaimer<\/h1>\n<div align=\"left\">Wir sind als Inhaltsanbieter nach \u00a7 5 Abs. 1 Teledienst-Gesetz f\u00fcr die &#8222;eigenen Inhalte&#8220;, die sie zur Nutzung bereithalten verantwortlich. Obwohl alle Inhalte sorgf\u00e4ltig gepr\u00fcft und st\u00e4ndig aktualisiert werden, kann eine Garantie f\u00fcr die Vollst\u00e4ndigkeit, Richtigkeit und letzte Aktualit\u00e4t jedoch nicht \u00fcbernommen werden. Wir haften daher nicht f\u00fcr Sch\u00e4den, die in Zusammenhang mit der Verwendung dieser Inhalte stehen.<\/p>\n<p>Von diesen eigenen Inhalten sind Querverweise (&#8222;LINKS&#8220;) auf die von anderen Anbietern bereitgehaltenen Inhalte zu unterscheiden. Durch den Querverweis halten wir &#8222;fremde Inhalte&#8220; zur Nutzung bereit. F\u00fcr diese fremden Inhalte sind wir nur dann verantwortlich, wenn wir von den Inhalten (d.h. auch von einem rechtswidrigen bzw. strafbaren Inhalt) positive Kenntnis haben und es uns technisch m\u00f6glich und zumutbar ist, deren Nutzung zu verhindern (\u00a7 5 Abs. 1 Teledienst-Gesetz).<\/p>\n<p>Bei &#8222;LINKS&#8220; handelt es sich allerdings stets um Verweisungen auf &#8222;lebende&#8220; (dynamische) Internetauftritte Dritter. Wir haben bei der erstmaligen Verkn\u00fcpfung zwar den fremden Inhalt daraufhin \u00fcberpr\u00fcft, ob durch ihn eine m\u00f6gliche zivilrechtliche oder strafrechtliche Verantwortlichkeit ausgel\u00f6st wird. Wir sind aber nicht dazu verpflichtet, die Inhalte, auf die sie in ihrem Angebot verweisen, st\u00e4ndig auf Ver\u00e4nderungen zu \u00fcberpr\u00fcfen, die eine Verantwortlichkeit neu begr\u00fcnden k\u00f6nnten. Erst wenn wir feststellen oder von anderen darauf hingewiesen werden, dass ein konkretes Angebot, zu dem wir einen Link bereitgestellt haben, eine zivil- oder strafrechtliche Verantwortlichkeit ausl\u00f6st, werden wir den Verweis auf dieses Angebot aufheben, soweit uns dies technisch m\u00f6glich und zumutbar ist. Die technische M\u00f6glichkeit und Zumutbarkeit wird nicht dadurch beeinflusst, dass auch nach Unterbindung des Zugriffs von unserer Homepage von anderen Servern aus auf das rechtswidrige oder strafbare Angebot zugegriffen werden kann.&nbsp;<\/p>\n<\/div>\n<\/td>\n<\/tr>\n<\/tbody>\n<\/table>\n","protected":false},"excerpt":{"rendered":"<p>Disclaimer Wir sind als Inhaltsanbieter nach \u00a7 5 Abs. 1 Teledienst-Gesetz f\u00fcr die &#8222;eigenen Inhalte&#8220;, die sie zur Nutzung bereithalten verantwortlich. Obwohl alle Inhalte sorgf\u00e4ltig gepr\u00fcft und st\u00e4ndig aktualisiert werden, kann eine Garantie f\u00fcr die Vollst\u00e4ndigkeit, Richtigkeit und letzte Aktualit\u00e4t jedoch nicht \u00fcbernommen werden. Wir haften daher nicht f\u00fcr Sch\u00e4den, die in Zusammenhang mit der &hellip; <a href=\"https:\/\/angelika-gloeckner.de\/?page_id=54\" class=\"more-link\"><span class=\"screen-reader-text\">Disclaimer<\/span> weiterlesen <span class=\"meta-nav\">&rarr;<\/span><\/a><\/p>\n","protected":false},"author":1,"featured_media":0,"parent":0,"menu_order":0,"comment_status":"closed","ping_status":"closed","template":"","meta":{"footnotes":""},"class_list":["post-54","page","type-page","status-publish","hentry"],"_links":{"self":[{"href":"https:\/\/angelika-gloeckner.de\/index.php?rest_route=\/wp\/v2\/pages\/54","targetHints":{"allow":["GET"]}}],"collection":[{"href":"https:\/\/angelika-gloeckner.de\/index.php?rest_route=\/wp\/v2\/pages"}],"about":[{"href":"https:\/\/angelika-gloeckner.de\/index.php?rest_route=\/wp\/v2\/types\/page"}],"author":[{"embeddable":true,"href":"https:\/\/angelika-gloeckner.de\/index.php?rest_route=\/wp\/v2\/users\/1"}],"replies":[{"embeddable":true,"href":"https:\/\/angelika-gloeckner.de\/index.php?rest_route=%2Fwp%2Fv2%2Fcomments&post=54"}],"version-history":[{"count":1,"href":"https:\/\/angelika-gloeckner.de\/index.php?rest_route=\/wp\/v2\/pages\/54\/revisions"}],"predecessor-version":[{"id":55,"href":"https:\/\/angelika-gloeckner.de\/index.php?rest_route=\/wp\/v2\/pages\/54\/revisions\/55"}],"wp:attachment":[{"href":"https:\/\/angelika-gloeckner.de\/index.php?rest_route=%2Fwp%2Fv2%2Fmedia&parent=54"}],"curies":[{"name":"wp","href":"https:\/\/api.w.org\/{rel}","templated":true}]}}