{"id":85,"date":"2016-08-29T15:41:27","date_gmt":"2016-08-29T13:41:27","guid":{"rendered":"http:\/\/angelika-gloeckner.de\/?page_id=85"},"modified":"2026-05-05T10:39:17","modified_gmt":"2026-05-05T08:39:17","slug":"familienaufstellung-und-andere","status":"publish","type":"page","link":"https:\/\/angelika-gloeckner.de\/?page_id=85","title":{"rendered":"Familienaufstellung und andere Systeme"},"content":{"rendered":"<p style=\"text-align: center;\"><strong>Familienaufstellungen, andere Systemaufstellungen<\/strong><\/p>\n<p style=\"text-align: center;\"><strong> und sonstige Wachstumsarbeit<\/strong><\/p>\n<p>&nbsp;<\/p>\n<div style=\"text-align: center;\"><em><em><strong>Keine Begeisterung sollte gr\u00f6\u00dfer sein, als die<br \/>\nn\u00fcchterne Leidenschaft zur praktischen Vernunft.<\/strong><\/em><\/em><\/div>\n<div style=\"text-align: center;\"><\/div>\n<div style=\"text-align: center;\"><em>Quelle unbekannt<\/em><\/div>\n<div><em>\u00a0<\/em><\/div>\n<p><strong><a href=\"http:\/\/angelika-gloeckner.de\/?page_id=134\">Die n\u00e4chsten Termine in Bammental<\/a><\/strong><\/p>\n<p><strong>2026<\/strong><\/p>\n<ul>\n<li>26.06. &#8211; 28.06.2026<\/li>\n<li>27.11. &#8211; 29.11.2026<\/li>\n<\/ul>\n<div>\n<div>Familienaufstellungen dienen letztlich dazu, sich der eigenen Geschichte und\u00a0den Menschen im Hintergrund respektvoll und vers\u00f6hnlich zuzuwenden und unseren Urgrund an Vergangenheit zu verstehen und als Ressource zu nutzen.<\/div>\n<div>Auch alle anderen Systemaufstellungen dienen dazu, Entwicklungsschritte zu initiieren, wo angebracht, Kreativit\u00e4t und Lebensfreude zu aktivieren und sich stimmig auf die eigenen Lebensvollz\u00fcge einzulassen und sie auch selbst auszuformen.<br \/>\nEin solcher Prozess ist meist ein heilsamer Schritt, um Neuorientierung und Neuordnung zuzulassen und einer gelungenen und vitalen Balance zwischen Mental- und Herzenst\u00e4tigkeit und K\u00f6rperlichkeit f\u00f6rderlich zu sein.<\/div>\n<div><\/div>\n<div>Methodisch stehen innerhalb einer Gruppe ausgew\u00e4hlte Repr\u00e4sentanten f\u00fcr z. B. das famili\u00e4re Ursprungs- oder Gegenwartsystem, ein Lebensthema, ein Problem, Symptom oder auch f\u00fcr Entscheidungssituationen.<br \/>\nDergestalt werden verschiedenste Schicksalsdynamiken und andere Kraftfelder energetisch aktiviert und dann in ihre erl\u00f6sungsbed\u00fcrftigen Aspekte transformiert.<\/div>\n<div>Das L\u00f6sungsbild wird verinnerlicht, n\u00e4hrt und st\u00e4rkt das Innenleben und bereichert in verschiedensten Entwicklungsaspekten (Vers\u00f6hnlichkeit,\u00a0Zentriertheit, Autonomie und Selbststeuerungskompetenz).<br \/>\nAuch Einzelarbeit in der Gruppe sowie Pessoarbeit dient der Harmonisierung des psychisch-seelischen Energiehaushaltes und die nachhaltige Verbesserung von Lebensqualit\u00e4t und Sinnerf\u00fcllung.<br \/>\nAlle Ma\u00dfnahmen dienen der Auseinandersetzung mit sich selbst und der Bew\u00e4ltigung von m\u00f6glichen H\u00fcrden und der Vertiefung des seelischen Reifeprozesses.<\/div>\n<div>Die Aufstellungsarbeit ist je nach Bedarf in diesen Kursen vorrangig und wird zugleich durch korrigierende Arbeit oder Eins-zu-eins-Gespr\u00e4ch (in der Gruppe) erg\u00e4nzt.<\/div>\n<div><\/div>\n<p>Neben Einzelpersonen oder Familienmitgliedern sind auch Paare\u00a0willkommen. Ebenso k\u00f6nnen Fortbildungsinteressenten hier optimal lernen und pers\u00f6nlich und professionell profitieren.<\/p>\n<p>&nbsp;<\/p>\n<p>Es k\u00f6nnen bis zu 15 Teilnehmer mit eigener Arbeit\u00a0teilnehmen.<br \/>\nSie haben auch die M\u00f6glichkeit als Teilnehmender Beobachter (so genannter Standby)\u00a0dabei zu sein. <a href=\"http:\/\/angelika-gloeckner.de\/?page_id=168\"><strong>Standbys<\/strong><\/a> sind bis zu\u00a03 zus\u00e4tzlich willkommen.<\/p>\n<p>&nbsp;<\/p>\n<p><strong>Aufstellungsarbeit:<\/strong> Familien- und andere Systemaufstellungen. Hier stehen Wandlungsprozesse in Zusammenhang mit Schicksalsdynamiken im Vordergrund. <strong>Psychomotorische Therapie<\/strong> nach Pesso und <strong>Skriptarbeit <\/strong>erg\u00e4nzen das Spektrum.<\/p>\n<p>&nbsp;<\/p>\n<p>Desweiteren integriere ich\u00a0<strong>Ritualisierungen <\/strong>von L\u00f6sungss\u00e4tzen als Mittel der Verdichtung und Vertiefung seelischen Wandlungsgeschehens.<\/p>\n<p>&nbsp;<\/p>\n<p>Meine Arbeit ist rekonstruktiv und hat sowohl eine innerseelische Neuordnung des Systems zum Ziel als auch die Ausbalancierung des pers\u00f6nlichen Energiehaushaltes auch im Sinne der korrigierenden Erfahrung.<br \/>\nIm Aufstellungsbereich stelle ich verschiedene Systeme, z.B. Symptom-, Problem,- oder Tetralemmaaufstellungen (z.T. nach M. Varga von Kib\u00e9d). Dies h\u00e4ngt jeweils von den anstehenden Fragestellungen und Notwendigkeiten ab.<\/p>\n<p>&nbsp;<\/p>\n<p><strong><a href=\"http:\/\/angelika-gloeckner.de\/?page_id=123\">Seminaranmeldung<\/a><\/strong><\/p>\n<p>&nbsp;<\/p>\n<p>In der Regel wird ca. 7 &#8211; 10 Tage vor Seminarbeginn eine Rundmail verschickt, die allgemeine Informationen enth\u00e4lt.<br \/>\nEs gilt Vorkasse bis sp\u00e4testens vier Wochen vor Seminarbeginn. Wir behalten uns vor, das Seminar abzusagen (z. B. zu wenige Teilnehmer).<br \/>\nW\u00e4hrend des Seminars wird eine Adressliste zum Abgleich rund gegeben. Wenn Sie nicht w\u00fcnschen, dass Ihr Name und\/oder die Adresse f\u00fcr die anderen Teilnehmer sichtabr sind, dann teilen Sie uns das bitte rechtzeitig mit.<br \/>\nEs gilt f\u00fcr alle Teilnehmer ab dem Zeitpunkt der Anmeldung\u00a0Schweigepflicht.<\/p>\n<p>&nbsp;<\/p>\n<div>Die Zeiten:<\/div>\n<div>\n<table border=\"0\">\n<tbody>\n<tr>\n<td valign=\"top\" width=\"26\"><strong>Fr:<\/strong><\/td>\n<td valign=\"top\" width=\"199\">16.00 &#8211; 20.30 Uhr (4,5 Std.)<\/td>\n<td valign=\"top\" width=\"22\"><strong>So:<\/strong><\/td>\n<td valign=\"top\" width=\"242\">09.00 &#8211; 12.00 Uhr (3,0 Std.)<\/td>\n<\/tr>\n<tr>\n<td valign=\"top\"><strong>Sa:<\/strong><\/td>\n<td valign=\"top\">09.30 &#8211; 13.30 Uhr (4,0 Std.)<br \/>\n15.00 &#8211; 19.30 Uhr (4,5 Std.)<br \/>\ninsgesamt 18\u00a0Stunden<\/td>\n<td valign=\"top\">12.30 &#8211; 14.30\u00a0Uhr (2,0 Std.)<\/td>\n<\/tr>\n<\/tbody>\n<\/table>\n<\/div>\n<div><strong>Die Kosten<\/strong>: \u20ac 400<\/div>\n<div><strong>\u00a0<\/strong><\/div>\n<p style=\"text-align: center;\"><strong>Dinge, die man als Kind geliebt hat, bleiben im Besitz des Herzens bis<br \/>\nins hohe Alter. Das sch\u00f6nste im Leben ist, da\u00df unsere Seelen nicht<br \/>\naufh\u00f6ren an jenen Orten zu verweilen, wo wir einmal gl\u00fccklich waren.<br \/>\n<\/strong><em>Khalil Gibran<\/em><\/p>\n<p style=\"text-align: center;\"><img loading=\"lazy\" decoding=\"async\" class=\"alignnone size-medium wp-image-623\" src=\"https:\/\/angelika-gloeckner.de\/wp-content\/uploads\/2016\/08\/IMG_7336-300x300.jpg\" alt=\"IMG_7336\" width=\"300\" height=\"300\" srcset=\"https:\/\/angelika-gloeckner.de\/wp-content\/uploads\/2016\/08\/IMG_7336-300x300.jpg 300w, https:\/\/angelika-gloeckner.de\/wp-content\/uploads\/2016\/08\/IMG_7336-150x150.jpg 150w, https:\/\/angelika-gloeckner.de\/wp-content\/uploads\/2016\/08\/IMG_7336-768x768.jpg 768w, https:\/\/angelika-gloeckner.de\/wp-content\/uploads\/2016\/08\/IMG_7336-1024x1024.jpg 1024w\" sizes=\"auto, (max-width: 300px) 100vw, 300px\" \/><\/p>\n<\/div>\n","protected":false},"excerpt":{"rendered":"<p>Familienaufstellungen, andere Systemaufstellungen und sonstige Wachstumsarbeit &nbsp; Keine Begeisterung sollte gr\u00f6\u00dfer sein, als die n\u00fcchterne Leidenschaft zur praktischen Vernunft. Quelle unbekannt \u00a0 Die n\u00e4chsten Termine in Bammental 2026 26.06. &#8211; 28.06.2026 27.11. &#8211; 29.11.2026 Familienaufstellungen dienen letztlich dazu, sich der eigenen Geschichte und\u00a0den Menschen im Hintergrund respektvoll und vers\u00f6hnlich zuzuwenden und unseren Urgrund an Vergangenheit &hellip; <a href=\"https:\/\/angelika-gloeckner.de\/?page_id=85\" class=\"more-link\"><span class=\"screen-reader-text\">Familienaufstellung und andere Systeme<\/span> weiterlesen <span class=\"meta-nav\">&rarr;<\/span><\/a><\/p>\n","protected":false},"author":1,"featured_media":0,"parent":28,"menu_order":2,"comment_status":"closed","ping_status":"closed","template":"","meta":{"footnotes":""},"class_list":["post-85","page","type-page","status-publish","hentry"],"_links":{"self":[{"href":"https:\/\/angelika-gloeckner.de\/index.php?rest_route=\/wp\/v2\/pages\/85","targetHints":{"allow":["GET"]}}],"collection":[{"href":"https:\/\/angelika-gloeckner.de\/index.php?rest_route=\/wp\/v2\/pages"}],"about":[{"href":"https:\/\/angelika-gloeckner.de\/index.php?rest_route=\/wp\/v2\/types\/page"}],"author":[{"embeddable":true,"href":"https:\/\/angelika-gloeckner.de\/index.php?rest_route=\/wp\/v2\/users\/1"}],"replies":[{"embeddable":true,"href":"https:\/\/angelika-gloeckner.de\/index.php?rest_route=%2Fwp%2Fv2%2Fcomments&post=85"}],"version-history":[{"count":47,"href":"https:\/\/angelika-gloeckner.de\/index.php?rest_route=\/wp\/v2\/pages\/85\/revisions"}],"predecessor-version":[{"id":1289,"href":"https:\/\/angelika-gloeckner.de\/index.php?rest_route=\/wp\/v2\/pages\/85\/revisions\/1289"}],"up":[{"embeddable":true,"href":"https:\/\/angelika-gloeckner.de\/index.php?rest_route=\/wp\/v2\/pages\/28"}],"wp:attachment":[{"href":"https:\/\/angelika-gloeckner.de\/index.php?rest_route=%2Fwp%2Fv2%2Fmedia&parent=85"}],"curies":[{"name":"wp","href":"https:\/\/api.w.org\/{rel}","templated":true}]}}