{"id":89,"date":"2016-08-29T15:42:21","date_gmt":"2016-08-29T13:42:21","guid":{"rendered":"http:\/\/angelika-gloeckner.de\/?page_id=89"},"modified":"2020-07-15T10:10:35","modified_gmt":"2020-07-15T08:10:35","slug":"beratung-und-coaching","status":"publish","type":"page","link":"https:\/\/angelika-gloeckner.de\/?page_id=89","title":{"rendered":"Beratung und Coaching"},"content":{"rendered":"<p><strong>Beratung und Coaching<\/strong><\/p>\n<p>&nbsp;<\/p>\n<p style=\"text-align: center;\"><strong><em>Ein Mensch ohne Plan ist wie ein Schiff ohne Ruder.<br \/>\n<\/em><\/strong><em>Emil Oesch<\/em><\/p>\n<p>&nbsp;<\/p>\n<p>Das generelle Verst\u00e4ndnis von Beratung und Coaching ist vielf\u00e4ltig und schillernd.<\/p>\n<p>In meinen Zusammenh\u00e4ngen verstehe ich\u00a0darunter das Folgende: Beratung ist eine l\u00f6sungsfokussierte Interaktion in verschiedensten Kontexten, in denen vorrangig gegenwartsorientiert relevante Anst\u00f6\u00dfe gegeben werden und einf\u00fchlsam Orientierungshilfe angeboten wird.<\/p>\n<p>&nbsp;<\/p>\n<p>Dabei ist die gesamte Pers\u00f6nlichkeit in ihren\u00a0Dimensionen einbezogen und gemeint. Mein Beratungsstil f\u00f6rdert kontextbezogen emotionale und kognitive Kompetenz, Handlungs- und Entscheidungsf\u00e4higkeit, st\u00e4rkt Bew\u00e4ltigungspotential (in Krisen z. B.) und festigt eine stimmige Identit\u00e4tsentwicklung.<\/p>\n<p>Coaching ist ein interaktiver, personenbezogener Beratungs- und Begleitungsprozess. Dieser ist ausdr\u00fccklich auf pers\u00f6nliche UND berufliche Inhalte bezogen und diskutiert und flexibilisiert das eigene Selbstverst\u00e4ndnis, verschiedenste Lebensvollz\u00fcge und deren Rollenbesetzung. Coaching f\u00f6rdert kontextangemessen Selbstreflexion, Wahrnehmung, Bewusstsein und Verantwortung in entsprechend relevanten Zusammenh\u00e4ngen. Mein Coachingstil f\u00f6rdert die bewusste Verf\u00fcgbarkeit \u00fcber das eigene emotionale Spektrum, regt Kompetenzerweiterung an und stellt einen einf\u00fchlsamen Betreuungsprozess in unterschiedlichsten Bedarfslagen dar.<\/p>\n<p>Sollten sich Vergangenheitsbez\u00fcge als relevant f\u00fcr einen gelungenen Ausgang erweisen, so werden sie in den Gesamtprozess einbezogen.<\/p>\n<p>&nbsp;<\/p>\n<p>Bei Interesse k\u00f6nnen Sie sich hier <a href=\"http:\/\/angelika-gloeckner.de\/?page_id=116\">anmelden<\/a>.<\/p>\n","protected":false},"excerpt":{"rendered":"<p>Beratung und Coaching &nbsp; Ein Mensch ohne Plan ist wie ein Schiff ohne Ruder. Emil Oesch &nbsp; Das generelle Verst\u00e4ndnis von Beratung und Coaching ist vielf\u00e4ltig und schillernd. In meinen Zusammenh\u00e4ngen verstehe ich\u00a0darunter das Folgende: Beratung ist eine l\u00f6sungsfokussierte Interaktion in verschiedensten Kontexten, in denen vorrangig gegenwartsorientiert relevante Anst\u00f6\u00dfe gegeben werden und einf\u00fchlsam Orientierungshilfe angeboten &hellip; <a href=\"https:\/\/angelika-gloeckner.de\/?page_id=89\" class=\"more-link\"><span class=\"screen-reader-text\">Beratung und Coaching<\/span> weiterlesen <span class=\"meta-nav\">&rarr;<\/span><\/a><\/p>\n","protected":false},"author":1,"featured_media":0,"parent":28,"menu_order":4,"comment_status":"closed","ping_status":"closed","template":"","meta":{"footnotes":""},"class_list":["post-89","page","type-page","status-publish","hentry"],"_links":{"self":[{"href":"https:\/\/angelika-gloeckner.de\/index.php?rest_route=\/wp\/v2\/pages\/89","targetHints":{"allow":["GET"]}}],"collection":[{"href":"https:\/\/angelika-gloeckner.de\/index.php?rest_route=\/wp\/v2\/pages"}],"about":[{"href":"https:\/\/angelika-gloeckner.de\/index.php?rest_route=\/wp\/v2\/types\/page"}],"author":[{"embeddable":true,"href":"https:\/\/angelika-gloeckner.de\/index.php?rest_route=\/wp\/v2\/users\/1"}],"replies":[{"embeddable":true,"href":"https:\/\/angelika-gloeckner.de\/index.php?rest_route=%2Fwp%2Fv2%2Fcomments&post=89"}],"version-history":[{"count":9,"href":"https:\/\/angelika-gloeckner.de\/index.php?rest_route=\/wp\/v2\/pages\/89\/revisions"}],"predecessor-version":[{"id":626,"href":"https:\/\/angelika-gloeckner.de\/index.php?rest_route=\/wp\/v2\/pages\/89\/revisions\/626"}],"up":[{"embeddable":true,"href":"https:\/\/angelika-gloeckner.de\/index.php?rest_route=\/wp\/v2\/pages\/28"}],"wp:attachment":[{"href":"https:\/\/angelika-gloeckner.de\/index.php?rest_route=%2Fwp%2Fv2%2Fmedia&parent=89"}],"curies":[{"name":"wp","href":"https:\/\/api.w.org\/{rel}","templated":true}]}}