{"id":91,"date":"2016-08-29T15:42:43","date_gmt":"2016-08-29T13:42:43","guid":{"rendered":"http:\/\/angelika-gloeckner.de\/?page_id=91"},"modified":"2020-07-15T10:12:08","modified_gmt":"2020-07-15T08:12:08","slug":"psychotherapie","status":"publish","type":"page","link":"https:\/\/angelika-gloeckner.de\/?page_id=91","title":{"rendered":"Psychotherapie"},"content":{"rendered":"<h2>Psychotherapie<\/h2>\n<p>&nbsp;<\/p>\n<p style=\"text-align: center;\"><strong>Die meisten Menschen k\u00f6nnen nicht richtig zuh\u00f6ren. Sie filtern<\/strong><br \/>\n<strong>n\u00e4mlich das, was sie h\u00f6ren, durch ihre eigenen Erfahrungen und<\/strong><br \/>\n<strong>lesen ihr Leben in das Leben des anderen hinein.<\/strong><br \/>\n<em>Stephen Corey<\/em><\/p>\n<p>&nbsp;<\/p>\n<p>&nbsp;<\/p>\n<div align=\"left\">\n<ul>\n<li>Vorrangiges Ziel in diesem Bereich ist <img loading=\"lazy\" decoding=\"async\" class=\"alignright wp-image-584 \" src=\"https:\/\/angelika-gloeckner.de\/wp-content\/uploads\/2016\/08\/IMG_7622-300x225.jpg\" alt=\"IMG_7622\" width=\"277\" height=\"208\" srcset=\"https:\/\/angelika-gloeckner.de\/wp-content\/uploads\/2016\/08\/IMG_7622-300x225.jpg 300w, https:\/\/angelika-gloeckner.de\/wp-content\/uploads\/2016\/08\/IMG_7622-768x576.jpg 768w, https:\/\/angelika-gloeckner.de\/wp-content\/uploads\/2016\/08\/IMG_7622-1024x768.jpg 1024w\" sizes=\"auto, (max-width: 277px) 100vw, 277px\" \/>eine zufriedene und sinnvolle Lebensgestaltung und eine stimmige Wesensentwicklung (privat und beruflich) unter Einbeziehung relevanter Vergangenheitserfahrungen.<\/li>\n<\/ul>\n<ul>\n<li>Die Arbeit bezieht die Vers\u00f6hnung mit der eigenen Geschichte mit ein und strebt die Ausformung einer erf\u00fcllten und lebendigen Gegenwart an.<\/li>\n<\/ul>\n<ul>\n<li>Verfahren und Ans\u00e4tze:<br \/>\n<a href=\"http:\/\/angelika-gloeckner.de\/?page_id=97\">Pessotherapie<\/a>,\u00a0<a href=\"http:\/\/angelika-gloeckner.de\/index.php?option=com_content&amp;view=article&amp;id=30&amp;Itemid=32\">Transaktionsanalyse<\/a>, Generationsperspektivische Arbeit in Form von Familienaufstellungen und Systemaufstellungen sonstiger Art (z.B. Lebensthema-, Symptom-, Entwicklungs- und Problemaufstellung). Der Umgang mit evtl. traumatischen Erfahrungen vervollst\u00e4ndigt mein Arbeitsspektrum.<\/li>\n<\/ul>\n<ul>\n<li>Ich verf\u00fcge \u00fcber eine 30j\u00e4hrige Erfahrung mit Therapie und Beratung und habe mich vielseitig qualifiziert.<\/li>\n<\/ul>\n<ul>\n<li>Ich f\u00fchre mit Interessierten jeweils Erstgespr\u00e4che, die dazu dienen, Ihr Anliegen zu orten, Ihnen Orientierung anzubieten und weitere Optionen mit Ihnen abzusprechen (Bestandsaufnahme).<\/li>\n<\/ul>\n<ul>\n<li>Meine Hauptt\u00e4tigkeit hier sind Gespr\u00e4che mit <a href=\"http:\/\/angelika-gloeckner.de\/?page_id=79\">Einzelnen<\/a> und <a href=\"http:\/\/angelika-gloeckner.de\/?page_id=81\">Paaren<\/a>.<\/li>\n<\/ul>\n<ul>\n<li>Seit vielen Jahren bin ich besonders engagiert im Bereich Paartherapie: insbesondere liegt mein Schwerpunkt in der Beratung von Paaren in spezifischen Transfersituationen (z.B. Heirat, Schwangerschaft, Dreiecksbeziehung und Trennung).<\/li>\n<\/ul>\n<p style=\"text-align: center;\"><em><span style=\"font-family: Arial; font-size: small;\"><strong>Wer viel in sich hat, braucht wenig von au\u00dfen.<\/strong><br \/>\nJose Marti<br \/>\n<\/span><\/em><\/p>\n<\/div>\n","protected":false},"excerpt":{"rendered":"<p>Psychotherapie &nbsp; Die meisten Menschen k\u00f6nnen nicht richtig zuh\u00f6ren. Sie filtern n\u00e4mlich das, was sie h\u00f6ren, durch ihre eigenen Erfahrungen und lesen ihr Leben in das Leben des anderen hinein. Stephen Corey &nbsp; &nbsp; Vorrangiges Ziel in diesem Bereich ist eine zufriedene und sinnvolle Lebensgestaltung und eine stimmige Wesensentwicklung (privat und beruflich) unter Einbeziehung relevanter &hellip; <a href=\"https:\/\/angelika-gloeckner.de\/?page_id=91\" class=\"more-link\"><span class=\"screen-reader-text\">Psychotherapie<\/span> weiterlesen <span class=\"meta-nav\">&rarr;<\/span><\/a><\/p>\n","protected":false},"author":1,"featured_media":0,"parent":28,"menu_order":5,"comment_status":"closed","ping_status":"closed","template":"","meta":{"footnotes":""},"class_list":["post-91","page","type-page","status-publish","hentry"],"_links":{"self":[{"href":"https:\/\/angelika-gloeckner.de\/index.php?rest_route=\/wp\/v2\/pages\/91","targetHints":{"allow":["GET"]}}],"collection":[{"href":"https:\/\/angelika-gloeckner.de\/index.php?rest_route=\/wp\/v2\/pages"}],"about":[{"href":"https:\/\/angelika-gloeckner.de\/index.php?rest_route=\/wp\/v2\/types\/page"}],"author":[{"embeddable":true,"href":"https:\/\/angelika-gloeckner.de\/index.php?rest_route=\/wp\/v2\/users\/1"}],"replies":[{"embeddable":true,"href":"https:\/\/angelika-gloeckner.de\/index.php?rest_route=%2Fwp%2Fv2%2Fcomments&post=91"}],"version-history":[{"count":13,"href":"https:\/\/angelika-gloeckner.de\/index.php?rest_route=\/wp\/v2\/pages\/91\/revisions"}],"predecessor-version":[{"id":627,"href":"https:\/\/angelika-gloeckner.de\/index.php?rest_route=\/wp\/v2\/pages\/91\/revisions\/627"}],"up":[{"embeddable":true,"href":"https:\/\/angelika-gloeckner.de\/index.php?rest_route=\/wp\/v2\/pages\/28"}],"wp:attachment":[{"href":"https:\/\/angelika-gloeckner.de\/index.php?rest_route=%2Fwp%2Fv2%2Fmedia&parent=91"}],"curies":[{"name":"wp","href":"https:\/\/api.w.org\/{rel}","templated":true}]}}