{"id":97,"date":"2016-08-29T15:45:56","date_gmt":"2016-08-29T13:45:56","guid":{"rendered":"http:\/\/angelika-gloeckner.de\/?page_id=97"},"modified":"2020-07-15T10:14:05","modified_gmt":"2020-07-15T08:14:05","slug":"transaktionsanalyse","status":"publish","type":"page","link":"https:\/\/angelika-gloeckner.de\/?page_id=97","title":{"rendered":"Transaktionsanalyse"},"content":{"rendered":"<h4><strong>Transaktionsanalytische Weiterbildung<\/strong><\/h4>\n<p>&nbsp;<\/p>\n<h6 style=\"text-align: center;\"><em>Die wichtigste Reise unseres Lebens k\u00f6nnte diejenige sein,<br \/>\nbei der wir jemand anderem auf halbem Wege entgegenkommen.<\/em><\/h6>\n<p style=\"text-align: center;\"><em><br \/>\n<strong>Quelle unbekannt<\/strong><\/em><\/p>\n<p>&nbsp;<\/p>\n<p>Transaktionsanalyse ist eine urspr\u00fcnglich tiefenpsychologisch fundierte und emotional-kognitiv orientierte Theorie und Methode, die in vielerlei Kommunikationszusammenh\u00e4ngen wirksam und kompetenzvermehrend zu sein vermag. Dies kann sowohl Gruppen (Paare, Familien, andere Systeme), als auch Individuen meinen. Transaktionsanalyse hilft Menschen, Schwierigkeiten und Probleme der Gegenwart zu thematisieren, in ihren Hintergr\u00fcnden und Zusammenh\u00e4ngen zu erkennen und sie anstehenden L\u00f6sungen zug\u00e4nglich zu machen.<\/p>\n<p>&nbsp;<\/p>\n<p>Mein TA-Verst\u00e4ndnis steht unter dem Vorzeichen systemischer Sichtweisen (wirklichkeitskonstruktiver Ansatz).<\/p>\n<p>&nbsp;<\/p>\n<p><img loading=\"lazy\" decoding=\"async\" title=\"Transaktionsanalyse\" src=\"http:\/\/angelika-gloeckner.de\/images\/stories\/Content\/stones.jpg\" alt=\"Transaktionsanalyse\" width=\"160\" height=\"228\" align=\"right\" border=\"0\" hspace=\"30\" \/>Angesprochen sind Menschen aus den helfenden Berufen (wie \u00c4rzte, Psychologen, Sozialarbeiter, Psychotherapeuten und Seelsorger), aus dem p\u00e4dagogischen Bereich (z.B. Erzieher, Lehrer, Heimleiter) und Berater (z.B. Lebensberatung, Coaching in Organisationszusammenh\u00e4ngen und andere beratende Kontexte).<\/p>\n<p>Ziel: Die Transaktionsanalyse qualifiziert im Bereich menschlicher Kommunikation und dient dar\u00fcber hinaus als hochkomplexes Sprach- und Denkmodell zur Aufschl\u00fcsselung intra- und interpersoneller Dynamiken. Die Vielfalt der Konzepte macht ein Verst\u00e4ndnis f\u00fcr L\u00f6sungen in verschiedensten Kontexten erfahrbar und leicht zug\u00e4nglich.<\/p>\n<p>&nbsp;<\/p>\n<p>Ich bin in folgenden Anwendungsfeldern lehrberechtigt:<\/p>\n<ul>\n<li>Psychotherapie<\/li>\n<li>P\u00e4dagogik<\/li>\n<li>Beratung<\/li>\n<\/ul>\n<p>Meine Art Transaktionsanalyse zu lehren, bezieht vor allem auch den Umgang mit Gef\u00fchlen mit ein, ebenso die Integration von K\u00f6rper-, Mental- und Emotionsspektrum: dies sowohl auf die eigene Person bezogen, als auch auf relevante Klientensysteme.<\/p>\n<p>Desgleichen liegt der Schwerpunkt der Weiterbildung auf der Verbesserung und Ausbildung der allgemeinen Kommunikationskompetenz in verschiedensten, auch beruflichen\u00a0Kontexten.<\/p>\n<p>Einzelheiten zu dieser Aus- und Weiterbildung:<\/p>\n<p>&nbsp;<\/p>\n<p><a href=\"http:\/\/angelika-gloeckner.de\/?page_id=101\">Transaktionsanalytische Weiterbildung<\/a><\/p>\n","protected":false},"excerpt":{"rendered":"<p>Transaktionsanalytische Weiterbildung &nbsp; Die wichtigste Reise unseres Lebens k\u00f6nnte diejenige sein, bei der wir jemand anderem auf halbem Wege entgegenkommen. Quelle unbekannt &nbsp; Transaktionsanalyse ist eine urspr\u00fcnglich tiefenpsychologisch fundierte und emotional-kognitiv orientierte Theorie und Methode, die in vielerlei Kommunikationszusammenh\u00e4ngen wirksam und kompetenzvermehrend zu sein vermag. Dies kann sowohl Gruppen (Paare, Familien, andere Systeme), als auch &hellip; <a href=\"https:\/\/angelika-gloeckner.de\/?page_id=97\" class=\"more-link\"><span class=\"screen-reader-text\">Transaktionsanalyse<\/span> weiterlesen <span class=\"meta-nav\">&rarr;<\/span><\/a><\/p>\n","protected":false},"author":1,"featured_media":0,"parent":94,"menu_order":1,"comment_status":"closed","ping_status":"closed","template":"","meta":{"footnotes":""},"class_list":["post-97","page","type-page","status-publish","hentry"],"_links":{"self":[{"href":"https:\/\/angelika-gloeckner.de\/index.php?rest_route=\/wp\/v2\/pages\/97","targetHints":{"allow":["GET"]}}],"collection":[{"href":"https:\/\/angelika-gloeckner.de\/index.php?rest_route=\/wp\/v2\/pages"}],"about":[{"href":"https:\/\/angelika-gloeckner.de\/index.php?rest_route=\/wp\/v2\/types\/page"}],"author":[{"embeddable":true,"href":"https:\/\/angelika-gloeckner.de\/index.php?rest_route=\/wp\/v2\/users\/1"}],"replies":[{"embeddable":true,"href":"https:\/\/angelika-gloeckner.de\/index.php?rest_route=%2Fwp%2Fv2%2Fcomments&post=97"}],"version-history":[{"count":12,"href":"https:\/\/angelika-gloeckner.de\/index.php?rest_route=\/wp\/v2\/pages\/97\/revisions"}],"predecessor-version":[{"id":628,"href":"https:\/\/angelika-gloeckner.de\/index.php?rest_route=\/wp\/v2\/pages\/97\/revisions\/628"}],"up":[{"embeddable":true,"href":"https:\/\/angelika-gloeckner.de\/index.php?rest_route=\/wp\/v2\/pages\/94"}],"wp:attachment":[{"href":"https:\/\/angelika-gloeckner.de\/index.php?rest_route=%2Fwp%2Fv2%2Fmedia&parent=97"}],"curies":[{"name":"wp","href":"https:\/\/api.w.org\/{rel}","templated":true}]}}