{"id":99,"date":"2016-08-29T15:46:31","date_gmt":"2016-08-29T13:46:31","guid":{"rendered":"http:\/\/angelika-gloeckner.de\/?page_id=99"},"modified":"2026-03-10T09:16:05","modified_gmt":"2026-03-10T08:16:05","slug":"grundkurs-transaktionsanalyse","status":"publish","type":"page","link":"https:\/\/angelika-gloeckner.de\/?page_id=99","title":{"rendered":"Grundkurs Transaktionsanalyse"},"content":{"rendered":"<h4>Grundkurs Transaktionsanalyse &#8222;101&#8220;<\/h4>\n<p><strong>Ein Kurs mit Selbsterfahrungsanteilen<\/strong><\/p>\n<p>&nbsp;<\/p>\n<p><strong>n\u00e4chster Termin wird noch bekannt gegeben &#8211; <a href=\"https:\/\/angelika-gloeckner.de\/?page_id=123\">ANMELDUNG<\/a><br \/>\n<\/strong><strong><br \/>\n<\/strong>Dieser Kurs ist f\u00fcr jeden Interessenten offen, einschlie\u00dflich jener, die bereits in TA-Weiterbildung sind oder dies planen (siehe TA-Weiterbildung )<\/p>\n<p>In diesen 3 Tagen werde ich grundlegende Konzepte der TA vorstellen: Ich-Zust\u00e4nde, Transaktionen, Spiele, Gef\u00fchle und Ersatzgef\u00fchle, Bezugsrahmen, Abwertung, Passivit\u00e4t und symbiotische Beziehungsmuster, Skript und skriptfreie Lebensgestaltung und Autonomie.<br \/>\nS\u00e4mtliche Konzepte werden referiert, diskutiert und je nach Kontext ihrem Sinn und Zweck nach erforscht.<br \/>\nIhr weiterer Gehalt erschlie\u00dft sich durch \u00dcbungen und durch den parallel laufenden Transfer in die Wirklichkeitswelt der Teilnehmer.<br \/>\nSo bleibt Theorie und Praxis einander \u201eauf den Fersen\u201c und die Dichte beider zueinander erm\u00f6glicht optimales Lernen.<br \/>\nSelbsterfahrungseinheiten festigen und konkretisieren den Lern- und Wachstumsprozess pers\u00f6nlich und professionell.<br \/>\nWo die Grundlagen der TA integriert und \u201ebegriffen\u201c sind, da tragen sie in allen beratenden Berufen zu Achtsamkeit, Einf\u00fchlsamkeit und Kompetenzvermehrung bei.<br \/>\nDer \u201e101er\u201c ist eine solide Grundlage f\u00fcr eine TA-Weiterbildung. Der Kurs\u00a0dient aber zugleich der Vermehrung von\u00a0Wissens- und Erfahrungsspektrum im professionellen und pers\u00f6nlichen Kontext.<\/p>\n<div>Die Zeiten:<\/div>\n<div>\n<table border=\"0\">\n<tbody>\n<tr>\n<td valign=\"top\" width=\"26\"><strong>Fr:<\/strong><\/td>\n<td valign=\"top\" width=\"199\">16.00-20.30 Uhr (4,5 Std)<\/td>\n<td valign=\"top\" width=\"22\"><strong>So:<\/strong><\/td>\n<td valign=\"top\" width=\"242\">09.00-12.00 Uhr (3,0 Std)<\/td>\n<\/tr>\n<tr>\n<td valign=\"top\"><strong>Sa:<\/strong><\/td>\n<td valign=\"top\">09.30-13.30 Uhr (4,0 Std)<\/td>\n<td valign=\"top\"><\/td>\n<td valign=\"top\">12.30-14.30 Uhr (2,0 Std)<\/td>\n<\/tr>\n<tr>\n<td valign=\"top\"><\/td>\n<td valign=\"top\">15.00-19.30 Uhr (4,5 Std)<\/td>\n<td valign=\"top\"><\/td>\n<td valign=\"top\">insgesamt 18\u00a0Stunden<\/td>\n<\/tr>\n<\/tbody>\n<\/table>\n<\/div>\n<div>Die Kosten: \u20ac 490,-<\/div>\n<div><\/div>\n<div><\/div>\n<div>Bitte lesen Sie die Gesch\u00e4ftsbedingungen (<a href=\"http:\/\/angelika-gloeckner.de\/?page_id=45\">Allgemeine Teilnahmebedingungen<\/a>).<\/div>\n<div><\/div>\n<div><\/div>\n<div style=\"text-align: center;\"><em><strong>Man muss viel gelernt haben, um \u00fcber das, was man nicht wei\u00df, fragen zu k\u00f6nnen.<br \/>\n<\/strong><br \/>\n<a title=\"Franz\u00f6sisch-schweizerischer Philosoph, Schriftsteller und Dichter, 1712 - 1778, 12 Zitate\" href=\"http:\/\/zitate.net\/jean-jacques%20rousseau.html\">Jean-Jacques Rousseau<\/a><\/em><\/div>\n","protected":false},"excerpt":{"rendered":"<p>Grundkurs Transaktionsanalyse &#8222;101&#8220; Ein Kurs mit Selbsterfahrungsanteilen &nbsp; n\u00e4chster Termin wird noch bekannt gegeben &#8211; ANMELDUNG Dieser Kurs ist f\u00fcr jeden Interessenten offen, einschlie\u00dflich jener, die bereits in TA-Weiterbildung sind oder dies planen (siehe TA-Weiterbildung ) In diesen 3 Tagen werde ich grundlegende Konzepte der TA vorstellen: Ich-Zust\u00e4nde, Transaktionen, Spiele, Gef\u00fchle und Ersatzgef\u00fchle, Bezugsrahmen, Abwertung, &hellip; <a href=\"https:\/\/angelika-gloeckner.de\/?page_id=99\" class=\"more-link\"><span class=\"screen-reader-text\">Grundkurs Transaktionsanalyse<\/span> weiterlesen <span class=\"meta-nav\">&rarr;<\/span><\/a><\/p>\n","protected":false},"author":1,"featured_media":0,"parent":97,"menu_order":1,"comment_status":"closed","ping_status":"closed","template":"","meta":{"footnotes":""},"class_list":["post-99","page","type-page","status-publish","hentry"],"_links":{"self":[{"href":"https:\/\/angelika-gloeckner.de\/index.php?rest_route=\/wp\/v2\/pages\/99","targetHints":{"allow":["GET"]}}],"collection":[{"href":"https:\/\/angelika-gloeckner.de\/index.php?rest_route=\/wp\/v2\/pages"}],"about":[{"href":"https:\/\/angelika-gloeckner.de\/index.php?rest_route=\/wp\/v2\/types\/page"}],"author":[{"embeddable":true,"href":"https:\/\/angelika-gloeckner.de\/index.php?rest_route=\/wp\/v2\/users\/1"}],"replies":[{"embeddable":true,"href":"https:\/\/angelika-gloeckner.de\/index.php?rest_route=%2Fwp%2Fv2%2Fcomments&post=99"}],"version-history":[{"count":17,"href":"https:\/\/angelika-gloeckner.de\/index.php?rest_route=\/wp\/v2\/pages\/99\/revisions"}],"predecessor-version":[{"id":1232,"href":"https:\/\/angelika-gloeckner.de\/index.php?rest_route=\/wp\/v2\/pages\/99\/revisions\/1232"}],"up":[{"embeddable":true,"href":"https:\/\/angelika-gloeckner.de\/index.php?rest_route=\/wp\/v2\/pages\/97"}],"wp:attachment":[{"href":"https:\/\/angelika-gloeckner.de\/index.php?rest_route=%2Fwp%2Fv2%2Fmedia&parent=99"}],"curies":[{"name":"wp","href":"https:\/\/api.w.org\/{rel}","templated":true}]}}